{"id":10166,"date":"2026-04-28T18:21:02","date_gmt":"2026-04-28T14:21:02","guid":{"rendered":"https:\/\/nujumsahara.com\/?page_id=10166"},"modified":"2026-04-28T19:48:26","modified_gmt":"2026-04-28T15:48:26","slug":"programme-de-recompenses","status":"publish","type":"page","link":"https:\/\/nujumsahara.com\/fr\/rewarding-program\/","title":{"rendered":"Programme de r\u00e9compenses"},"content":{"rendered":"<div data-elementor-type=\"wp-post\" data-elementor-id=\"10166\" class=\"elementor elementor-10166\" data-elementor-post-type=\"page\">\n\t\t\t\t\t\t<section class=\"elementor-section elementor-top-section elementor-element elementor-element-28d7a9a8 elementor-section-stretched elementor-section-boxed elementor-section-height-default elementor-section-height-default\" data-id=\"28d7a9a8\" data-element_type=\"section\" data-e-type=\"section\" data-settings=\"{&quot;stretch_section&quot;:&quot;section-stretched&quot;,&quot;background_background&quot;:&quot;classic&quot;}\">\n\t\t\t\t\t\t\t<div class=\"elementor-background-overlay\"><\/div>\n\t\t\t\t\t\t\t<div class=\"elementor-container elementor-column-gap-no\">\n\t\t\t\t\t<div class=\"elementor-column elementor-col-100 elementor-top-column elementor-element elementor-element-585bfc6d\" data-id=\"585bfc6d\" data-element_type=\"column\" data-e-type=\"column\">\n\t\t\t<div class=\"elementor-widget-wrap elementor-element-populated\">\n\t\t\t\t\t\t<section class=\"elementor-section elementor-inner-section elementor-element elementor-element-35cbf0ea elementor-section-boxed elementor-section-height-default elementor-section-height-default\" data-id=\"35cbf0ea\" data-element_type=\"section\" data-e-type=\"section\">\n\t\t\t\t\t\t<div class=\"elementor-container elementor-column-gap-default\">\n\t\t\t\t\t<div class=\"elementor-column elementor-col-50 elementor-inner-column elementor-element elementor-element-26a1609a\" data-id=\"26a1609a\" data-element_type=\"column\" data-e-type=\"column\">\n\t\t\t<div class=\"elementor-widget-wrap elementor-element-populated\">\n\t\t\t\t\t\t<div class=\"elementor-element elementor-element-64a60170 elementor-invisible elementor-widget elementor-widget-heading\" data-id=\"64a60170\" data-element_type=\"widget\" data-e-type=\"widget\" data-settings=\"{&quot;_animation&quot;:&quot;fadeInUp&quot;}\" data-widget_type=\"heading.default\">\n\t\t\t\t\t<h1 class=\"elementor-heading-title elementor-size-default\">Programme \u00c9toiles R\u00e9compenses<\/h1>\t\t\t\t<\/div>\n\t\t\t\t<div class=\"elementor-element elementor-element-3a6d1332 elementor-invisible elementor-widget elementor-widget-heading\" data-id=\"3a6d1332\" data-element_type=\"widget\" data-e-type=\"widget\" data-settings=\"{&quot;_animation&quot;:&quot;fadeInDown&quot;}\" data-widget_type=\"heading.default\">\n\t\t\t\t\t<h2 class=\"elementor-heading-title elementor-size-default\">Le programme de r\u00e9compenses \"Nujum Sahara\" est con\u00e7u pour garantir un revenu suppl\u00e9mentaire \u00e0 nos clients, en plus de leurs avantages.<\/h2>\t\t\t\t<\/div>\n\t\t\t\t\t<\/div>\n\t\t<\/div>\n\t\t\t\t<div class=\"elementor-column elementor-col-50 elementor-inner-column elementor-element elementor-element-bf6295e\" data-id=\"bf6295e\" data-element_type=\"column\" data-e-type=\"column\">\n\t\t\t<div class=\"elementor-widget-wrap\">\n\t\t\t\t\t\t\t<\/div>\n\t\t<\/div>\n\t\t\t\t\t<\/div>\n\t\t<\/section>\n\t\t\t\t\t<\/div>\n\t\t<\/div>\n\t\t\t\t\t<\/div>\n\t\t<\/section>\n\t\t\t\t<section class=\"elementor-section elementor-top-section elementor-element elementor-element-983905d elementor-section-boxed elementor-section-height-default elementor-section-height-default\" data-id=\"983905d\" data-element_type=\"section\" data-e-type=\"section\">\n\t\t\t\t\t\t<div class=\"elementor-container elementor-column-gap-wider\">\n\t\t\t\t\t<div class=\"elementor-column elementor-col-50 elementor-top-column elementor-element elementor-element-7310116 elementor-invisible\" data-id=\"7310116\" data-element_type=\"column\" data-e-type=\"column\" data-settings=\"{&quot;animation&quot;:&quot;fadeIn&quot;}\">\n\t\t\t<div class=\"elementor-widget-wrap elementor-element-populated\">\n\t\t\t\t\t\t<div class=\"elementor-element elementor-element-5867941f elementor-widget elementor-widget-heading\" data-id=\"5867941f\" data-element_type=\"widget\" data-e-type=\"widget\" data-widget_type=\"heading.default\">\n\t\t\t\t\t<h6 class=\"elementor-heading-title elementor-size-default\">Quel est le programme \u00c9toiles de r\u00e9compenses ?<\/h6>\t\t\t\t<\/div>\n\t\t\t\t<div class=\"elementor-element elementor-element-3d3af9e7 title-left elementor-widget elementor-widget-heading\" data-id=\"3d3af9e7\" data-element_type=\"widget\" data-e-type=\"widget\" data-widget_type=\"heading.default\">\n\t\t\t\t\t<h2 class=\"elementor-heading-title elementor-size-default\">Transformez vos efforts en b\u00e9n\u00e9fices !<\/h2>\t\t\t\t<\/div>\n\t\t\t\t<div class=\"elementor-element elementor-element-e710402 elementor-widget elementor-widget-text-editor\" data-id=\"e710402\" data-element_type=\"widget\" data-e-type=\"widget\" data-widget_type=\"text-editor.default\">\n\t\t\t\t\t\t\t\t\t<p>Notre programme de fid\u00e9lit\u00e9 est con\u00e7u pour nos clients o\u00f9 ils peuvent gagner des \u201c<strong>\u00c9toiles<\/strong>\u201dsur les achats et activit\u00e9s effectu\u00e9s via le site web de Nujum Sahara. Ces <strong>\u00c9toiles<\/strong> peuvent \u00eatre \u00e9chang\u00e9s contre la livraison gratuite, des produits gratuits ou des revenus suppl\u00e9mentaires, ainsi que d'autres avantages tels que des r\u00e9compenses d'anniversaire et des offres exclusives.<\/p>\t\t\t\t\t\t\t\t<\/div>\n\t\t\t\t\t<\/div>\n\t\t<\/div>\n\t\t\t\t<div class=\"elementor-column elementor-col-50 elementor-top-column elementor-element elementor-element-34c609e elementor-invisible\" data-id=\"34c609e\" data-element_type=\"column\" data-e-type=\"column\" data-settings=\"{&quot;animation&quot;:&quot;fadeIn&quot;,&quot;animation_delay&quot;:200}\">\n\t\t\t<div class=\"elementor-widget-wrap elementor-element-populated\">\n\t\t\t\t\t\t<div class=\"elementor-element elementor-element-76401a4 elementor-widget elementor-widget-image\" data-id=\"76401a4\" data-element_type=\"widget\" data-e-type=\"widget\" data-widget_type=\"image.default\">\n\t\t\t\t\t\t\t\t\t\t\t\t\t\t\t<img fetchpriority=\"high\" decoding=\"async\" width=\"800\" height=\"480\" src=\"https:\/\/nujumsahara.com\/wp-content\/uploads\/2026\/04\/nujum-rewards.jpg\" class=\"attachment-large size-large wp-image-10213\" alt=\"\" srcset=\"https:\/\/nujumsahara.com\/wp-content\/uploads\/2026\/04\/nujum-rewards.jpg 800w, https:\/\/nujumsahara.com\/wp-content\/uploads\/2026\/04\/nujum-rewards-768x461.jpg 768w, https:\/\/nujumsahara.com\/wp-content\/uploads\/2026\/04\/nujum-rewards-18x12.jpg 18w, https:\/\/nujumsahara.com\/wp-content\/uploads\/2026\/04\/nujum-rewards-441x265.jpg 441w, https:\/\/nujumsahara.com\/wp-content\/uploads\/2026\/04\/nujum-rewards-300x180.jpg 300w, https:\/\/nujumsahara.com\/wp-content\/uploads\/2026\/04\/nujum-rewards-150x90.jpg 150w\" sizes=\"(max-width: 800px) 100vw, 800px\" \/>\t\t\t\t\t\t\t\t\t\t\t\t\t\t\t<\/div>\n\t\t\t\t\t<\/div>\n\t\t<\/div>\n\t\t\t\t\t<\/div>\n\t\t<\/section>\n\t\t\t\t<section class=\"elementor-section elementor-top-section elementor-element elementor-element-bb36c6f elementor-section-boxed elementor-section-height-default elementor-section-height-default\" data-id=\"bb36c6f\" data-element_type=\"section\" data-e-type=\"section\">\n\t\t\t\t\t\t<div class=\"elementor-container elementor-column-gap-wider\">\n\t\t\t\t\t<div class=\"elementor-column elementor-col-50 elementor-top-column elementor-element elementor-element-2880450 elementor-invisible\" data-id=\"2880450\" data-element_type=\"column\" data-e-type=\"column\" data-settings=\"{&quot;animation&quot;:&quot;fadeIn&quot;}\">\n\t\t\t<div class=\"elementor-widget-wrap elementor-element-populated\">\n\t\t\t\t\t\t<div class=\"elementor-element elementor-element-a0d73d0 elementor-widget elementor-widget-image\" data-id=\"a0d73d0\" data-element_type=\"widget\" data-e-type=\"widget\" data-widget_type=\"image.default\">\n\t\t\t\t\t\t\t\t\t\t\t\t\t\t\t<img decoding=\"async\" width=\"800\" height=\"480\" src=\"https:\/\/nujumsahara.com\/wp-content\/uploads\/2026\/04\/nujum-sahara-stars-long.jpg\" class=\"attachment-large size-large wp-image-10212\" alt=\"\" srcset=\"https:\/\/nujumsahara.com\/wp-content\/uploads\/2026\/04\/nujum-sahara-stars-long.jpg 800w, https:\/\/nujumsahara.com\/wp-content\/uploads\/2026\/04\/nujum-sahara-stars-long-768x461.jpg 768w, https:\/\/nujumsahara.com\/wp-content\/uploads\/2026\/04\/nujum-sahara-stars-long-18x12.jpg 18w, https:\/\/nujumsahara.com\/wp-content\/uploads\/2026\/04\/nujum-sahara-stars-long-441x265.jpg 441w, https:\/\/nujumsahara.com\/wp-content\/uploads\/2026\/04\/nujum-sahara-stars-long-300x180.jpg 300w, https:\/\/nujumsahara.com\/wp-content\/uploads\/2026\/04\/nujum-sahara-stars-long-150x90.jpg 150w\" sizes=\"(max-width: 800px) 100vw, 800px\" \/>\t\t\t\t\t\t\t\t\t\t\t\t\t\t\t<\/div>\n\t\t\t\t\t<\/div>\n\t\t<\/div>\n\t\t\t\t<div class=\"elementor-column elementor-col-50 elementor-top-column elementor-element elementor-element-7899afa elementor-invisible\" data-id=\"7899afa\" data-element_type=\"column\" data-e-type=\"column\" data-settings=\"{&quot;animation&quot;:&quot;fadeIn&quot;,&quot;animation_delay&quot;:200}\">\n\t\t\t<div class=\"elementor-widget-wrap elementor-element-populated\">\n\t\t\t\t\t\t<div class=\"elementor-element elementor-element-247d076 elementor-widget elementor-widget-heading\" data-id=\"247d076\" data-element_type=\"widget\" data-e-type=\"widget\" data-widget_type=\"heading.default\">\n\t\t\t\t\t<h6 class=\"elementor-heading-title elementor-size-default\">Pour quoi suis-je r\u00e9compens\u00e9 ?<\/h6>\t\t\t\t<\/div>\n\t\t\t\t<div class=\"elementor-element elementor-element-af7dfd6 title-right elementor-widget elementor-widget-heading\" data-id=\"af7dfd6\" data-element_type=\"widget\" data-e-type=\"widget\" data-widget_type=\"heading.default\">\n\t\t\t\t\t<h2 class=\"elementor-heading-title elementor-size-default\">Actions et Efforts !<\/h2>\t\t\t\t<\/div>\n\t\t\t\t<div class=\"elementor-element elementor-element-04da751 elementor-widget elementor-widget-text-editor\" data-id=\"04da751\" data-element_type=\"widget\" data-e-type=\"widget\" data-widget_type=\"text-editor.default\">\n\t\t\t\t\t\t\t\t\t<p>Vous \u00eates r\u00e9compens\u00e9 pour <strong>actions<\/strong>, <strong>effort<\/strong>, et <strong>achat<\/strong> de produits, avec des r\u00e9compenses d\u00e9coulant \u00e0 la fois des succ\u00e8s externes et de la satisfaction interne. Les domaines cl\u00e9s reconnaissent votre travail, vos intentions et votre concentration sur le maintien d'un mode de vie sain de mani\u00e8re constante, ainsi que sur le d\u00e9passement des d\u00e9fis.\u00a0<\/p>\t\t\t\t\t\t\t\t<\/div>\n\t\t\t\t\t<\/div>\n\t\t<\/div>\n\t\t\t\t\t<\/div>\n\t\t<\/section>\n\t\t\t\t<section class=\"elementor-section elementor-top-section elementor-element elementor-element-338b57d elementor-section-boxed elementor-section-height-default elementor-section-height-default\" data-id=\"338b57d\" data-element_type=\"section\" data-e-type=\"section\">\n\t\t\t\t\t\t<div class=\"elementor-container elementor-column-gap-wider\">\n\t\t\t\t\t<div class=\"elementor-column elementor-col-50 elementor-top-column elementor-element elementor-element-e30bac7 elementor-invisible\" data-id=\"e30bac7\" data-element_type=\"column\" data-e-type=\"column\" data-settings=\"{&quot;animation&quot;:&quot;fadeIn&quot;}\">\n\t\t\t<div class=\"elementor-widget-wrap elementor-element-populated\">\n\t\t\t\t\t\t<div class=\"elementor-element elementor-element-b8a7ac1 elementor-widget elementor-widget-heading\" data-id=\"b8a7ac1\" data-element_type=\"widget\" data-e-type=\"widget\" data-widget_type=\"heading.default\">\n\t\t\t\t\t<h6 class=\"elementor-heading-title elementor-size-default\">Comment puis-je \u00eatre r\u00e9compens\u00e9 ?<\/h6>\t\t\t\t<\/div>\n\t\t\t\t<div class=\"elementor-element elementor-element-f97861c title-left elementor-widget elementor-widget-heading\" data-id=\"f97861c\" data-element_type=\"widget\" data-e-type=\"widget\" data-widget_type=\"heading.default\">\n\t\t\t\t\t<h2 class=\"elementor-heading-title elementor-size-default\">Rejoignez notre famille !<\/h2>\t\t\t\t<\/div>\n\t\t\t\t<div class=\"elementor-element elementor-element-740daea elementor-widget elementor-widget-text-editor\" data-id=\"740daea\" data-element_type=\"widget\" data-e-type=\"widget\" data-widget_type=\"text-editor.default\">\n\t\t\t\t\t\t\t\t\t<p>Une fois membre du portail Nujum Sahara, vous commencerez \u00e0 \u00eatre r\u00e9compens\u00e9 imm\u00e9diatement. Avec des \u00e9toiles de bienvenue lors de l'inscription, vous commencez \u00e0 \u00eatre r\u00e9compens\u00e9.<\/p><p>Nous comprenons que les priorit\u00e9s de chacun sont diff\u00e9rentes, et par cons\u00e9quent, notre programme de r\u00e9compenses est flexible de mani\u00e8re \u00e0 vous offrir une vari\u00e9t\u00e9 de fa\u00e7ons d'\u00eatre r\u00e9compens\u00e9, que ce soit en b\u00e9n\u00e9ficiant de nos offres, en interagissant avec nos op\u00e9rations, ou m\u00eame en nous donnant votre avis (opinion).\u00a0<\/p>\t\t\t\t\t\t\t\t<\/div>\n\t\t\t\t\t<\/div>\n\t\t<\/div>\n\t\t\t\t<div class=\"elementor-column elementor-col-50 elementor-top-column elementor-element elementor-element-4938926 elementor-invisible\" data-id=\"4938926\" data-element_type=\"column\" data-e-type=\"column\" data-settings=\"{&quot;animation&quot;:&quot;fadeIn&quot;,&quot;animation_delay&quot;:200}\">\n\t\t\t<div class=\"elementor-widget-wrap elementor-element-populated\">\n\t\t\t\t\t\t<div class=\"elementor-element elementor-element-2218e08 elementor-widget elementor-widget-image\" data-id=\"2218e08\" data-element_type=\"widget\" data-e-type=\"widget\" data-widget_type=\"image.default\">\n\t\t\t\t\t\t\t\t\t\t\t\t\t\t\t<img decoding=\"async\" width=\"800\" height=\"480\" src=\"https:\/\/nujumsahara.com\/wp-content\/uploads\/2026\/04\/nujum-sahara-comments-wide.jpg\" class=\"attachment-large size-large wp-image-10211\" alt=\"\" srcset=\"https:\/\/nujumsahara.com\/wp-content\/uploads\/2026\/04\/nujum-sahara-comments-wide.jpg 800w, https:\/\/nujumsahara.com\/wp-content\/uploads\/2026\/04\/nujum-sahara-comments-wide-768x461.jpg 768w, https:\/\/nujumsahara.com\/wp-content\/uploads\/2026\/04\/nujum-sahara-comments-wide-18x12.jpg 18w, https:\/\/nujumsahara.com\/wp-content\/uploads\/2026\/04\/nujum-sahara-comments-wide-441x265.jpg 441w, https:\/\/nujumsahara.com\/wp-content\/uploads\/2026\/04\/nujum-sahara-comments-wide-300x180.jpg 300w, https:\/\/nujumsahara.com\/wp-content\/uploads\/2026\/04\/nujum-sahara-comments-wide-150x90.jpg 150w\" sizes=\"(max-width: 800px) 100vw, 800px\" \/>\t\t\t\t\t\t\t\t\t\t\t\t\t\t\t<\/div>\n\t\t\t\t\t<\/div>\n\t\t<\/div>\n\t\t\t\t\t<\/div>\n\t\t<\/section>\n\t\t\t\t<section class=\"elementor-section elementor-top-section elementor-element elementor-element-f1de754 elementor-section-boxed elementor-section-height-default elementor-section-height-default\" data-id=\"f1de754\" data-element_type=\"section\" data-e-type=\"section\">\n\t\t\t\t\t\t<div class=\"elementor-container elementor-column-gap-wider\">\n\t\t\t\t\t<div class=\"elementor-column elementor-col-50 elementor-top-column elementor-element elementor-element-2f49d85 elementor-invisible\" data-id=\"2f49d85\" data-element_type=\"column\" data-e-type=\"column\" data-settings=\"{&quot;animation&quot;:&quot;fadeIn&quot;,&quot;animation_delay&quot;:200}\">\n\t\t\t<div class=\"elementor-widget-wrap elementor-element-populated\">\n\t\t\t\t\t\t<div class=\"elementor-element elementor-element-5f1f492 elementor-widget elementor-widget-image\" data-id=\"5f1f492\" data-element_type=\"widget\" data-e-type=\"widget\" data-widget_type=\"image.default\">\n\t\t\t\t\t\t\t\t\t\t\t\t\t\t\t<img loading=\"lazy\" decoding=\"async\" width=\"800\" height=\"480\" src=\"https:\/\/nujumsahara.com\/wp-content\/uploads\/2026\/04\/nujum-sahara-stars-wide.jpg\" class=\"attachment-large size-large wp-image-10209\" alt=\"\" srcset=\"https:\/\/nujumsahara.com\/wp-content\/uploads\/2026\/04\/nujum-sahara-stars-wide.jpg 800w, https:\/\/nujumsahara.com\/wp-content\/uploads\/2026\/04\/nujum-sahara-stars-wide-768x461.jpg 768w, https:\/\/nujumsahara.com\/wp-content\/uploads\/2026\/04\/nujum-sahara-stars-wide-18x12.jpg 18w, https:\/\/nujumsahara.com\/wp-content\/uploads\/2026\/04\/nujum-sahara-stars-wide-441x265.jpg 441w, https:\/\/nujumsahara.com\/wp-content\/uploads\/2026\/04\/nujum-sahara-stars-wide-300x180.jpg 300w, https:\/\/nujumsahara.com\/wp-content\/uploads\/2026\/04\/nujum-sahara-stars-wide-150x90.jpg 150w\" sizes=\"(max-width: 800px) 100vw, 800px\" \/>\t\t\t\t\t\t\t\t\t\t\t\t\t\t\t<\/div>\n\t\t\t\t\t<\/div>\n\t\t<\/div>\n\t\t\t\t<div class=\"elementor-column elementor-col-50 elementor-top-column elementor-element elementor-element-2665a1e elementor-invisible\" data-id=\"2665a1e\" data-element_type=\"column\" data-e-type=\"column\" data-settings=\"{&quot;animation&quot;:&quot;fadeIn&quot;}\">\n\t\t\t<div class=\"elementor-widget-wrap elementor-element-populated\">\n\t\t\t\t\t\t<div class=\"elementor-element elementor-element-d58cac7 elementor-widget elementor-widget-heading\" data-id=\"d58cac7\" data-element_type=\"widget\" data-e-type=\"widget\" data-widget_type=\"heading.default\">\n\t\t\t\t\t<h6 class=\"elementor-heading-title elementor-size-default\">Comment puis-je \u00e9changer mes \u00e9toiles ?<\/h6>\t\t\t\t<\/div>\n\t\t\t\t<div class=\"elementor-element elementor-element-a9445a2 title-left elementor-widget elementor-widget-heading\" data-id=\"a9445a2\" data-element_type=\"widget\" data-e-type=\"widget\" data-widget_type=\"heading.default\">\n\t\t\t\t\t<h2 class=\"elementor-heading-title elementor-size-default\">La page de votre compte !<\/h2>\t\t\t\t<\/div>\n\t\t\t\t<div class=\"elementor-element elementor-element-e8e6c7d elementor-widget elementor-widget-text-editor\" data-id=\"e8e6c7d\" data-element_type=\"widget\" data-e-type=\"widget\" data-widget_type=\"text-editor.default\">\n\t\t\t\t\t\t\t\t\t<p>Dans la page de votre compte, vous trouverez les \u00e9toiles que vous avez gagn\u00e9es et vous aurez de nombreuses options pour les \u00e9changer (esp\u00e8ces, livraison gratuite, articles gratuits, etc.). C'est \u00e0 votre convenance.<\/p>\t\t\t\t\t\t\t\t<\/div>\n\t\t\t\t\t<\/div>\n\t\t<\/div>\n\t\t\t\t\t<\/div>\n\t\t<\/section>\n\t\t\t\t<section class=\"elementor-section elementor-top-section elementor-element elementor-element-8d18835 elementor-section-stretched elementor-section-boxed elementor-section-height-default elementor-section-height-default\" data-id=\"8d18835\" data-element_type=\"section\" data-e-type=\"section\" data-settings=\"{&quot;stretch_section&quot;:&quot;section-stretched&quot;,&quot;background_background&quot;:&quot;classic&quot;}\">\n\t\t\t\t\t\t\t<div class=\"elementor-background-overlay\"><\/div>\n\t\t\t\t\t\t\t<div class=\"elementor-container elementor-column-gap-wide\">\n\t\t\t\t\t<div class=\"elementor-column elementor-col-50 elementor-top-column elementor-element elementor-element-de56df4\" data-id=\"de56df4\" data-element_type=\"column\" data-e-type=\"column\">\n\t\t\t<div class=\"elementor-widget-wrap elementor-element-populated\">\n\t\t\t\t\t\t<div class=\"elementor-element elementor-element-92e1cf0 animated-fast elementor-invisible elementor-widget elementor-widget-testimonial\" data-id=\"92e1cf0\" data-element_type=\"widget\" data-e-type=\"widget\" data-settings=\"{&quot;_animation&quot;:&quot;fadeIn&quot;}\" data-widget_type=\"testimonial.default\">\n\t\t\t\t\t\t\t<div class=\"elementor-testimonial-wrapper\">\n\t\t\t\t\t\t\t<div class=\"elementor-testimonial-content\">J'ai quatre ans d'exp\u00e9rience dans ce domaine. En rejoignant Nujum Sahara, j'ai ajout\u00e9 une exp\u00e9rience significative \u00e0 mes comp\u00e9tences, notamment en mati\u00e8re de communication sur les m\u00e9dias sociaux. <\/div>\n\t\t\t\n\t\t\t\t\t\t<div class=\"elementor-testimonial-meta elementor-has-image elementor-testimonial-image-position-aside\">\n\t\t\t\t<div class=\"elementor-testimonial-meta-inner\">\n\t\t\t\t\t\t\t\t\t\t\t<div class=\"elementor-testimonial-image\">\n\t\t\t\t\t\t\t<img loading=\"lazy\" decoding=\"async\" width=\"400\" height=\"400\" src=\"https:\/\/nujumsahara.com\/wp-content\/uploads\/2026\/02\/t05.png\" class=\"attachment-full size-full wp-image-7402\" alt=\"\" srcset=\"https:\/\/nujumsahara.com\/wp-content\/uploads\/2026\/02\/t05.png 400w, https:\/\/nujumsahara.com\/wp-content\/uploads\/2026\/02\/t05-12x12.png 12w, https:\/\/nujumsahara.com\/wp-content\/uploads\/2026\/02\/t05-100x100.png 100w, https:\/\/nujumsahara.com\/wp-content\/uploads\/2026\/02\/t05-300x300.png 300w, https:\/\/nujumsahara.com\/wp-content\/uploads\/2026\/02\/t05-150x150.png 150w, https:\/\/nujumsahara.com\/wp-content\/uploads\/2026\/02\/t05-24x24.png 24w, https:\/\/nujumsahara.com\/wp-content\/uploads\/2026\/02\/t05-48x48.png 48w, https:\/\/nujumsahara.com\/wp-content\/uploads\/2026\/02\/t05-96x96.png 96w\" sizes=\"(max-width: 400px) 100vw, 400px\" \/>\t\t\t\t\t\t<\/div>\n\t\t\t\t\t\n\t\t\t\t\t\t\t\t\t\t<div class=\"elementor-testimonial-details\">\n\t\t\t\t\t\t\t\t\t\t\t\t\t\t<div class=\"elementor-testimonial-name\">Rayan Al Tayeh<\/div>\n\t\t\t\t\t\t\t\t\t\t\t\t\t\t\t\t\t\t\t\t\t\t<div class=\"elementor-testimonial-job\">Sharjah, EAU<\/div>\n\t\t\t\t\t\t\t\t\t\t\t\t\t<\/div>\n\t\t\t\t\t\t\t\t\t<\/div>\n\t\t\t<\/div>\n\t\t\t\t\t<\/div>\n\t\t\t\t\t\t<\/div>\n\t\t\t\t\t<\/div>\n\t\t<\/div>\n\t\t\t\t<div class=\"elementor-column elementor-col-50 elementor-top-column elementor-element elementor-element-fd35242\" data-id=\"fd35242\" data-element_type=\"column\" data-e-type=\"column\">\n\t\t\t<div class=\"elementor-widget-wrap elementor-element-populated\">\n\t\t\t\t\t\t<div class=\"elementor-element elementor-element-5c4e41d animated-fast elementor-invisible elementor-widget elementor-widget-testimonial\" data-id=\"5c4e41d\" data-element_type=\"widget\" data-e-type=\"widget\" data-settings=\"{&quot;_animation&quot;:&quot;fadeIn&quot;,&quot;_animation_delay&quot;:200}\" data-widget_type=\"testimonial.default\">\n\t\t\t\t\t\t\t<div class=\"elementor-testimonial-wrapper\">\n\t\t\t\t\t\t\t<div class=\"elementor-testimonial-content\">J'ai de l'exp\u00e9rience dans la formation, et rejoindre l'\u00e9quipe de Nujum Sahara est une opportunit\u00e9 pour moi de r\u00e9aliser des accomplissements significatifs dans le domaine professionnel.<\/div>\n\t\t\t\n\t\t\t\t\t\t<div class=\"elementor-testimonial-meta elementor-has-image elementor-testimonial-image-position-aside\">\n\t\t\t\t<div class=\"elementor-testimonial-meta-inner\">\n\t\t\t\t\t\t\t\t\t\t\t<div class=\"elementor-testimonial-image\">\n\t\t\t\t\t\t\t<img loading=\"lazy\" decoding=\"async\" width=\"400\" height=\"400\" src=\"https:\/\/nujumsahara.com\/wp-content\/uploads\/2026\/02\/t06.png\" class=\"attachment-full size-full wp-image-7399\" alt=\"\" srcset=\"https:\/\/nujumsahara.com\/wp-content\/uploads\/2026\/02\/t06.png 400w, https:\/\/nujumsahara.com\/wp-content\/uploads\/2026\/02\/t06-12x12.png 12w, https:\/\/nujumsahara.com\/wp-content\/uploads\/2026\/02\/t06-100x100.png 100w, https:\/\/nujumsahara.com\/wp-content\/uploads\/2026\/02\/t06-300x300.png 300w, https:\/\/nujumsahara.com\/wp-content\/uploads\/2026\/02\/t06-150x150.png 150w, https:\/\/nujumsahara.com\/wp-content\/uploads\/2026\/02\/t06-24x24.png 24w, https:\/\/nujumsahara.com\/wp-content\/uploads\/2026\/02\/t06-48x48.png 48w, https:\/\/nujumsahara.com\/wp-content\/uploads\/2026\/02\/t06-96x96.png 96w\" sizes=\"(max-width: 400px) 100vw, 400px\" \/>\t\t\t\t\t\t<\/div>\n\t\t\t\t\t\n\t\t\t\t\t\t\t\t\t\t<div class=\"elementor-testimonial-details\">\n\t\t\t\t\t\t\t\t\t\t\t\t\t\t<div class=\"elementor-testimonial-name\">Rowaida Abdo<\/div>\n\t\t\t\t\t\t\t\t\t\t\t\t\t\t\t\t\t\t\t\t\t\t<div class=\"elementor-testimonial-job\">Sharjah, EAU<\/div>\n\t\t\t\t\t\t\t\t\t\t\t\t\t<\/div>\n\t\t\t\t\t\t\t\t\t<\/div>\n\t\t\t<\/div>\n\t\t\t\t\t<\/div>\n\t\t\t\t\t\t<\/div>\n\t\t\t\t\t<\/div>\n\t\t<\/div>\n\t\t\t\t\t<\/div>\n\t\t<\/section>\n\t\t\t\t<\/div>","protected":false},"excerpt":{"rendered":"<p>Reward Stars Program Nujum Sahara&#8217;s Reward Stars Program is designed to insure additional income to our clients, alongside their benefits. What is the Reward Stars Program? Translate your efforts to profits! Our loyalty program is designed to our clients where they can earn &#8220;Stars&#8221; on purchases and activities made via Nujum Sahara&#8217;s website. These Stars [&hellip;]<\/p>\n","protected":false},"author":52,"featured_media":0,"parent":0,"menu_order":0,"comment_status":"closed","ping_status":"closed","template":"template-fullwidth-no-heading.php","meta":{"footnotes":""},"class_list":["post-10166","page","type-page","status-publish","hentry"],"_links":{"self":[{"href":"https:\/\/nujumsahara.com\/fr\/wp-json\/wp\/v2\/pages\/10166","targetHints":{"allow":["GET"]}}],"collection":[{"href":"https:\/\/nujumsahara.com\/fr\/wp-json\/wp\/v2\/pages"}],"about":[{"href":"https:\/\/nujumsahara.com\/fr\/wp-json\/wp\/v2\/types\/page"}],"author":[{"embeddable":true,"href":"https:\/\/nujumsahara.com\/fr\/wp-json\/wp\/v2\/users\/52"}],"replies":[{"embeddable":true,"href":"https:\/\/nujumsahara.com\/fr\/wp-json\/wp\/v2\/comments?post=10166"}],"version-history":[{"count":5,"href":"https:\/\/nujumsahara.com\/fr\/wp-json\/wp\/v2\/pages\/10166\/revisions"}],"predecessor-version":[{"id":10226,"href":"https:\/\/nujumsahara.com\/fr\/wp-json\/wp\/v2\/pages\/10166\/revisions\/10226"}],"wp:attachment":[{"href":"https:\/\/nujumsahara.com\/fr\/wp-json\/wp\/v2\/media?parent=10166"}],"curies":[{"name":"wp","href":"https:\/\/api.w.org\/{rel}","templated":true}]}}