{"id":7376,"date":"2026-02-05T09:15:51","date_gmt":"2026-02-05T05:15:51","guid":{"rendered":"https:\/\/nujumsahara.com\/?page_id=7376"},"modified":"2026-02-11T23:10:45","modified_gmt":"2026-02-11T19:10:45","slug":"declaration-daccessibilite","status":"publish","type":"page","link":"https:\/\/nujumsahara.com\/fr\/accessibility-statement\/","title":{"rendered":"D\u00e9claration d'accessibilit\u00e9"},"content":{"rendered":"<p>Derni\u00e8re mise \u00e0 jour : 20 janvier 2026<\/p>\n<p>Cette d\u00e9claration s'applique aux <a href=\"https:\/\/nujumsahara.com\/\">https:\/\/nujumsahara.com\/<\/a> site web.<\/p>\n<p>NOTRE ENGAGEMENT<\/p>\n<p>Nujum Sahara vend des compl\u00e9ments alimentaires LLC SP s'engage \u00e0 garantir l'accessibilit\u00e9 de ses services aux personnes handicap\u00e9es. Nous visons \u00e0 nous conformer \u00e0 la norme WCAG 2.2 niveau AA.<\/p>\n<p>Cette d\u00e9claration d'accessibilit\u00e9 fait partie int\u00e9grante de nos conditions g\u00e9n\u00e9rales : <a href=\"https:\/\/nujumsahara.com\/terms-conditions\/\">https:\/\/nujumsahara.com\/terms-conditions\/<\/a>.<\/p>\n<p>CARACT\u00c9RISTIQUES D'ACCESSIBILIT\u00c9<\/p>\n<p>Vous devez \u00eatre en mesure de :<\/p>\n<p>Modifier les couleurs, les niveaux de contraste et les polices<br \/>\nZoom jusqu'\u00e0 200% sans perte d'information ou de fonctionnalit\u00e9<br \/>\nNaviguer sur le site web \u00e0 l'aide d'un simple clavier<br \/>\n\u00c9couter le site web \u00e0 l'aide d'un lecteur d'\u00e9cran<br \/>\nUtiliser des transcriptions ou des sous-titres cod\u00e9s pour les documents audio et vid\u00e9o.<br \/>\nT\u00e9l\u00e9charger des documents en formats alternatifs<br \/>\nArr\u00eater les images en mouvement<\/p>\n<p>COMPATIBILIT\u00c9 AVEC LES TECHNOLOGIES D'ASSISTANCE<\/p>\n<p>Notre site web est con\u00e7u pour \u00eatre compatible avec les technologies d'assistance suivantes :<\/p>\n<p>Entr\u00e9e alternative : dispositifs de suivi des yeux, claviers alternatifs, syst\u00e8mes de souris de t\u00eate, claviers \u00e0 l'\u00e9cran et dispositifs de boule de commande.<br \/>\nAssistance cognitive :<br \/>\nAssistance auditive : aides auditives avec Bluetooth et texte en temps r\u00e9el (RTT)<br \/>\nFonctionnalit\u00e9s d'accessibilit\u00e9 mobile : AssistiveTouch (iOS), Guided Access (iOS) et Select to Speak (Android)<br \/>\nAide \u00e0 la motricit\u00e9 : Touches de la souris et touches autocollantes<br \/>\nAgrandissement de l'\u00e9cran : Agrandissement (Android), Loupe (Windows) et Zoom (macOS\/iOS)<br \/>\nLecteurs d'\u00e9cran : Narrator (Windows), TalkBack (Android) et VoiceOver (macOS\/iOS)<br \/>\nAcc\u00e8s aux interrupteurs : interrupteurs de t\u00eate<br \/>\nReconnaissance et contr\u00f4le de la voix : Dragon NaturallySpeaking (Windows\/Mac), Voice Access (Android), Voice Control (macOS\/iOS) et reconnaissance vocale Windows.<\/p>\n<p>\u00c9TAT DE CONFORMIT\u00c9<\/p>\n<p>Statut : Partiellement conforme aux WCAG 2.2 niveau AA<\/p>\n<p>Notre derni\u00e8re \u00e9valuation de l'accessibilit\u00e9 a eu lieu en novembre 2025. Pour plus d'informations, voir la section COMMENT NOUS TESTONS et CONTENU NON-ACCESSIBLE.<\/p>\n<p>CONTENU NON ACCESSIBLE<\/p>\n<p>Vous trouverez ci-dessous une description des limitations connues que nous nous effor\u00e7ons de r\u00e9soudre.<\/p>\n<p>1. Titres et structure du contenu : Les titres et sous-titres des pages ne sont pas structur\u00e9s avec des titres HTML corrects.<\/p>\n<p>Nous donnons la priorit\u00e9 \u00e0 ces corrections, qui devraient \u00eatre termin\u00e9es d'ici mars 2026.<\/p>\n<p>PR\u00c9PARATION DE CETTE D\u00c9CLARATION<\/p>\n<p>Cette d\u00e9claration a \u00e9t\u00e9 pr\u00e9par\u00e9e le 20 janvier 2026 et est r\u00e9examin\u00e9e deux fois par an ou lorsque nous apportons des modifications importantes \u00e0 nos services.<\/p>\n<p>Nous tenons un registre des commentaires sur l'accessibilit\u00e9 et de nos r\u00e9ponses afin de nous conformer \u00e0 la r\u00e9glementation.<\/p>\n<p>COMMENT NOUS TESTONS<\/p>\n<p>Nous \u00e9valuons l'accessibilit\u00e9 \u00e0 l'aide d'un audit externe d'accessibilit\u00e9<\/p>\n<p>RETOUR D'INFORMATION ET INFORMATIONS DE CONTACT<\/p>\n<p>N'h\u00e9sitez pas \u00e0 nous faire savoir si vous rencontrez des probl\u00e8mes d'accessibilit\u00e9 lors de l'utilisation de nos services ou si vous avez besoin d'informations dans un autre format.<\/p>\n<p>Courriel : <a href=\"mailto:info@nujumsahara.com\">info@nujumsahara.com<\/a> (indiquer \u201cAccessibilit\u00e9\u201d dans l'objet)<\/p>\n<p>Formulaire de contact : <a href=\"https:\/\/nujumsahara.com\/contact\/\">https:\/\/nujumsahara.com\/contact\/<\/a><\/p>\n<p>Nous r\u00e9pondons aux commentaires sur l'accessibilit\u00e9 dans les 10 jours ouvrables.<\/p>\n<p>Vous pouvez \u00e9galement nous contacter par courrier ou par t\u00e9l\u00e9phone :<\/p>\n<p>Nujum Sahara vend des compl\u00e9ments alimentaires LLC SP<br \/>\n602 Sahara Healthcare City, Al Nahda, Sharjah, \u00c9mirats arabes unis<br \/>\nT\u00e9l\u00e9phone : <a href=\"tel:+971504998547\">+971 50 499 8547<\/a><\/p>\n<p>Pour toute question relative \u00e0 l'accessibilit\u00e9 ou \u00e0 la pr\u00e9sente d\u00e9claration, contactez-nous en utilisant les coordonn\u00e9es ci-dessus.<\/p>","protected":false},"excerpt":{"rendered":"<p>Last updated: January 20, 2026 This statement applies to the https:\/\/nujumsahara.com\/ website. OUR COMMITMENT Nujum Sahara to sell supplements food LLC SP is committed to ensuring our services are accessible to people with disabilities. We aim to conform with the WCAG 2.2 Level AA. This accessibility statement forms an integral part of our Terms and [&hellip;]<\/p>\n","protected":false},"author":52,"featured_media":0,"parent":0,"menu_order":0,"comment_status":"closed","ping_status":"closed","template":"","meta":{"footnotes":""},"class_list":["post-7376","page","type-page","status-publish","hentry"],"_links":{"self":[{"href":"https:\/\/nujumsahara.com\/fr\/wp-json\/wp\/v2\/pages\/7376","targetHints":{"allow":["GET"]}}],"collection":[{"href":"https:\/\/nujumsahara.com\/fr\/wp-json\/wp\/v2\/pages"}],"about":[{"href":"https:\/\/nujumsahara.com\/fr\/wp-json\/wp\/v2\/types\/page"}],"author":[{"embeddable":true,"href":"https:\/\/nujumsahara.com\/fr\/wp-json\/wp\/v2\/users\/52"}],"replies":[{"embeddable":true,"href":"https:\/\/nujumsahara.com\/fr\/wp-json\/wp\/v2\/comments?post=7376"}],"version-history":[{"count":0,"href":"https:\/\/nujumsahara.com\/fr\/wp-json\/wp\/v2\/pages\/7376\/revisions"}],"wp:attachment":[{"href":"https:\/\/nujumsahara.com\/fr\/wp-json\/wp\/v2\/media?parent=7376"}],"curies":[{"name":"wp","href":"https:\/\/api.w.org\/{rel}","templated":true}]}}