{"id":7379,"date":"2026-02-05T09:15:53","date_gmt":"2026-02-05T05:15:53","guid":{"rendered":"https:\/\/nujumsahara.com\/?page_id=7379"},"modified":"2026-02-11T23:09:14","modified_gmt":"2026-02-11T19:09:14","slug":"politique-dexpedition","status":"publish","type":"page","link":"https:\/\/nujumsahara.com\/fr\/shipping-policy\/","title":{"rendered":"Exp\u00e9dition Politique de livraison"},"content":{"rendered":"<p>Derni\u00e8re mise \u00e0 jour : 20 janvier 2026<\/p>\n<p>La pr\u00e9sente politique d'exp\u00e9dition et de livraison fait partie de nos conditions g\u00e9n\u00e9rales (\u201cconditions\u201d) et doit donc \u00eatre lue parall\u00e8lement \u00e0 nos conditions principales : <a href=\"https:\/\/nujumsahara.com\/terms-conditions\/\">https:\/\/nujumsahara.com\/terms-conditions\/<\/a>.<\/p>\n<p>Veuillez lire attentivement notre politique d'exp\u00e9dition et de livraison lorsque vous achetez nos produits. Cette politique s'applique \u00e0 toutes les commandes que vous passez avec nous.<br \/>\nQUELLES SONT MES OPTIONS DE LIVRAISON ?<br \/>\nEnl\u00e8vement en magasin<\/p>\n<p>Le retrait en magasin est possible pour tous les achats. Les retraits sont possibles tous les jours, de 10h00 \u00e0 22h00. Un courriel de confirmation vous sera envoy\u00e9 lorsque votre commande sera pr\u00eate \u00e0 \u00eatre ramass\u00e9e.<\/p>\n<p>Nous proposons diff\u00e9rentes options d'exp\u00e9dition. Dans certains cas, un fournisseur tiers peut g\u00e9rer notre stock et sera responsable de l'exp\u00e9dition de vos produits.<br \/>\nLivraison gratuite<\/p>\n<p>Nous offrons une livraison standard gratuite pour les commandes sup\u00e9rieures \u00e0 AED 1200.00.<br \/>\nFrais d'exp\u00e9dition<\/p>\n<p>Nous proposons \u00e9galement des services d'exp\u00e9dition aux tarifs suivants :<br \/>\nAED 1 - 1199 AED 20.00<br \/>\n&gt; AED 1200 Gratuit<\/p>\n<p>Si vous choisissez une option d'exp\u00e9dition, nous vous donnerons des informations suppl\u00e9mentaires sur l'exp\u00e9dition apr\u00e8s que vous ayez pass\u00e9 votre commande. Toutes les heures et dates de livraison des produits sont donn\u00e9es en toute bonne foi mais ne sont que des estimations.<\/p>\n<p>Une fois votre commande emball\u00e9e, nous vous enverrons un courrier \u00e9lectronique contenant vos informations de suivi.<br \/>\nLIVREZ-VOUS \u00c0 L'\u00c9TRANGER ?<\/p>\n<p>Nous ne proposons pas d'exp\u00e9dition internationale.<br \/>\nQUE SE PASSE-T-IL SI MA COMMANDE EST RETARD\u00c9E ?<\/p>\n<p>Si la livraison est retard\u00e9e pour quelque raison que ce soit, nous vous en informerons d\u00e8s que possible et vous communiquerons une nouvelle date estim\u00e9e de livraison.<br \/>\nQUESTIONS SUR LES RETOURS ?<\/p>\n<p>Si vous avez des questions concernant les retours, veuillez consulter notre politique de retour : https:\/\/nujumsahara.com\/refund_returns\/.<br \/>\nCOMMENT NOUS CONTACTER AU SUJET DE CETTE POLITIQUE ?<\/p>\n<p>Si vous avez d'autres questions ou commentaires, vous pouvez nous contacter \u00e0 l'adresse suivante :<\/p>\n<p>T\u00e9l\u00e9phone : <a href=\"tel:+971504998547\">+971 50 499 8547<\/a><br \/>\nCourriel : <a href=\"mailto:info@nujumsahara.com\">info@nujumsahara.com<\/a><br \/>\nFormulaire de contact en ligne : <a href=\"https:\/\/nujumsahara.com\/contact\/\">https:\/\/nujumsahara.com\/contact\/<\/a><\/p>","protected":false},"excerpt":{"rendered":"<p>Last updated: January 20, 2026 This Shipping &amp; Delivery Policy is part of our Terms and Conditions (\u201cTerms\u201d) and should be therefore read alongside our main Terms: https:\/\/nujumsahara.com\/terms-conditions\/. Please carefully review our Shipping &amp; Delivery Policy when purchasing our products. This policy will apply to any order you place with us. WHAT ARE MY SHIPPING [&hellip;]<\/p>\n","protected":false},"author":52,"featured_media":0,"parent":0,"menu_order":0,"comment_status":"closed","ping_status":"closed","template":"","meta":{"footnotes":""},"class_list":["post-7379","page","type-page","status-publish","hentry"],"_links":{"self":[{"href":"https:\/\/nujumsahara.com\/fr\/wp-json\/wp\/v2\/pages\/7379","targetHints":{"allow":["GET"]}}],"collection":[{"href":"https:\/\/nujumsahara.com\/fr\/wp-json\/wp\/v2\/pages"}],"about":[{"href":"https:\/\/nujumsahara.com\/fr\/wp-json\/wp\/v2\/types\/page"}],"author":[{"embeddable":true,"href":"https:\/\/nujumsahara.com\/fr\/wp-json\/wp\/v2\/users\/52"}],"replies":[{"embeddable":true,"href":"https:\/\/nujumsahara.com\/fr\/wp-json\/wp\/v2\/comments?post=7379"}],"version-history":[{"count":0,"href":"https:\/\/nujumsahara.com\/fr\/wp-json\/wp\/v2\/pages\/7379\/revisions"}],"wp:attachment":[{"href":"https:\/\/nujumsahara.com\/fr\/wp-json\/wp\/v2\/media?parent=7379"}],"curies":[{"name":"wp","href":"https:\/\/api.w.org\/{rel}","templated":true}]}}