{"id":7384,"date":"2026-02-05T09:19:47","date_gmt":"2026-02-05T05:19:47","guid":{"rendered":"https:\/\/nujumsahara.com\/?page_id=7384"},"modified":"2026-02-05T09:19:47","modified_gmt":"2026-02-05T05:19:47","slug":"droit-dauteur","status":"publish","type":"page","link":"https:\/\/nujumsahara.com\/fr\/copyright\/","title":{"rendered":"Avis de droit d'auteur"},"content":{"rendered":"<p>Derni\u00e8re mise \u00e0 jour : 20 janvier 2026<\/p>\n<p>Copyright \u00a9 2024 - 2026 by Nujum Sahara to sell supplements food L.L.C. S.P. (Trading Registration No. 909747 - <a href=\"https:\/\/sedd.ae\/\" target=\"_blank\" rel=\"noopener\">SEDD<\/a>)<\/p>\n<p>Tous droits r\u00e9serv\u00e9s.<\/p>\n<p>Aucune partie de ce site ne peut \u00eatre reproduite, distribu\u00e9e ou transmise sous quelque forme ou par quelque moyen que ce soit, y compris la photocopie, l'enregistrement ou d'autres m\u00e9thodes \u00e9lectroniques ou m\u00e9caniques, sans l'autorisation \u00e9crite pr\u00e9alable de l'\u00e9diteur, \u00e0 l'exception de ce qui est autoris\u00e9 par la loi sur les droits d'auteur des \u00c9mirats arabes unis. Pour toute demande d'autorisation, veuillez contacter <a href=\"mailto:copyright@nujumsahara.com\">copyright@nujumsahara.com<\/a>.<\/p>\n<p>Ce portail est con\u00e7u pour fournir des informations pr\u00e9cises et faisant autorit\u00e9 sur le sujet trait\u00e9. Il est publi\u00e9 \u00e9tant entendu que ni l'auteur ni l'\u00e9diteur ne sont engag\u00e9s dans la prestation de services juridiques, d'investissement, de comptabilit\u00e9 ou d'autres services professionnels. Bien que l'\u00e9diteur et l'auteur aient fait de leur mieux pour pr\u00e9parer ce portail, ils n'offrent aucune garantie quant \u00e0 l'exactitude ou \u00e0 l'exhaustivit\u00e9 du contenu de ce livre et rejettent sp\u00e9cifiquement toute garantie implicite de qualit\u00e9 marchande ou d'ad\u00e9quation \u00e0 un usage particulier. Aucune garantie ne peut \u00eatre cr\u00e9\u00e9e ou \u00e9tendue par des repr\u00e9sentants commerciaux ou des documents de vente \u00e9crits. Les conseils et strat\u00e9gies contenus dans ce livre peuvent ne pas \u00eatre adapt\u00e9s \u00e0 votre situation. Vous devriez consulter un professionnel si n\u00e9cessaire. Ni l'\u00e9diteur ni l'auteur ne peuvent \u00eatre tenus responsables d'un manque \u00e0 gagner ou de tout autre dommage commercial, y compris, mais sans s'y limiter, les dommages sp\u00e9ciaux, accessoires, cons\u00e9cutifs, personnels ou autres.<\/p>\n<p>Pour des raisons de confidentialit\u00e9, certains noms, lieux et dates peuvent avoir \u00e9t\u00e9 modifi\u00e9s. Les histoires, les noms, les personnages et les incidents d\u00e9crits sur ce portail sont fictifs ou autoris\u00e9s par les propri\u00e9taires. Aucune identification avec des personnes r\u00e9elles (vivantes ou d\u00e9c\u00e9d\u00e9es), des lieux, des b\u00e2timents et des produits n'est pr\u00e9vue ou ne doit \u00eatre d\u00e9duite.<\/p>","protected":false},"excerpt":{"rendered":"<p>Last updated: January 20, 2026 Copyright \u00a9 2024 \u2013 2026 by Nujum Sahara to sell supplements food L.L.C. S.P. (Trading Registration No. 909747 \u2013 SEDD) All rights reserved. No portion or part of this website may be reproduced, distributed, or transmitted in any form or by any means, including photocopying, recording, or other electronic or [&hellip;]<\/p>\n","protected":false},"author":52,"featured_media":0,"parent":0,"menu_order":0,"comment_status":"closed","ping_status":"closed","template":"","meta":{"footnotes":""},"class_list":["post-7384","page","type-page","status-publish","hentry"],"_links":{"self":[{"href":"https:\/\/nujumsahara.com\/fr\/wp-json\/wp\/v2\/pages\/7384","targetHints":{"allow":["GET"]}}],"collection":[{"href":"https:\/\/nujumsahara.com\/fr\/wp-json\/wp\/v2\/pages"}],"about":[{"href":"https:\/\/nujumsahara.com\/fr\/wp-json\/wp\/v2\/types\/page"}],"author":[{"embeddable":true,"href":"https:\/\/nujumsahara.com\/fr\/wp-json\/wp\/v2\/users\/52"}],"replies":[{"embeddable":true,"href":"https:\/\/nujumsahara.com\/fr\/wp-json\/wp\/v2\/comments?post=7384"}],"version-history":[{"count":0,"href":"https:\/\/nujumsahara.com\/fr\/wp-json\/wp\/v2\/pages\/7384\/revisions"}],"wp:attachment":[{"href":"https:\/\/nujumsahara.com\/fr\/wp-json\/wp\/v2\/media?parent=7384"}],"curies":[{"name":"wp","href":"https:\/\/api.w.org\/{rel}","templated":true}]}}