{"id":7171,"date":"2026-02-02T01:38:46","date_gmt":"2026-02-01T21:38:46","guid":{"rendered":"https:\/\/nujumsahara.com\/?post_type=product&#038;p=7171"},"modified":"2026-04-02T15:57:36","modified_gmt":"2026-04-02T11:57:36","slug":"aloe-vera-aqua-gel","status":"publish","type":"product","link":"https:\/\/nujumsahara.com\/fr\/product\/aloe-vera-aqua-gel\/","title":{"rendered":"Gel d'Aloe Vera Aqua"},"content":{"rendered":"<p>DXN Aloe Vera Aqua Gel est un gel hydratant l\u00e9ger et rafra\u00eechissant de DXN, infus\u00e9 avec de l'extrait d'Aloe Vera pour fournir une hydratation profonde et non grasse, apaiser la peau irrit\u00e9e et la laisser douce, fra\u00eeche et rafra\u00eechie, ce qui le rend parfait pour une utilisation quotidienne, en particulier pour les peaux grasses ou sensibles.<br \/>\n<strong>Principales caract\u00e9ristiques et avantages<\/strong>:<br \/>\n<span style=\"text-decoration: underline\">Hydratation en profondeur<\/span>: Fixe l'humidit\u00e9 dans la peau, la gardant rebondie et hydrat\u00e9e.<br \/>\n<span style=\"text-decoration: underline\">Effet apaisant<\/span>: R\u00e9duit l'inflammation, les rougeurs et les irritations.<br \/>\n<span style=\"text-decoration: underline\">L\u00e9g\u00e8ret\u00e9 et absorption rapide<\/span>: Une formule non grasse qui ne laisse pas de r\u00e9sidu collant.<br \/>\n<span style=\"text-decoration: underline\">Am\u00e9liore la sant\u00e9 de la peau<\/span>: Favorise l'\u00e9lasticit\u00e9 et la douceur de la peau tout en lui apportant des nutriments.<br \/>\n<span style=\"text-decoration: underline\">Convient \u00e0 tous les types de peau<\/span>: Particuli\u00e8rement b\u00e9n\u00e9fique pour les peaux grasses, mixtes et sensibles.<br \/>\n<strong>Comment cela fonctionne-t-il ?<\/strong>:<br \/>\nIl utilise les propri\u00e9t\u00e9s naturelles de l'aloe vera pour apporter une hydratation intense et des bienfaits apaisants, en aidant \u00e0 maintenir la barri\u00e8re naturelle de la peau et sa sant\u00e9 g\u00e9n\u00e9rale.<br \/>\nEn bref : Il s'agit d'un produit de soin simple et efficace, con\u00e7u pour hydrater et apaiser la peau, afin qu'elle reste confortable et en bonne sant\u00e9.<\/p>","protected":false},"excerpt":{"rendered":"<p>Le gel DXN Aloe. V Aqua Gel est un gel hydratant l\u00e9ger et rafra\u00eechissant de DXN, infus\u00e9 d'extrait d'Aloe Vera pour fournir une hydratation profonde et non grasse, apaiser la peau irrit\u00e9e et la laisser douce, fra\u00eeche et rafra\u00eechie, ce qui le rend parfait pour un usage quotidien, en particulier pour les peaux grasses ou sensibles.<\/p>","protected":false},"featured_media":7557,"comment_status":"open","ping_status":"closed","template":"","meta":[],"product_brand":[50],"product_cat":[52],"product_tag":[],"class_list":{"0":"post-7171","1":"product","2":"type-product","3":"status-publish","4":"has-post-thumbnail","6":"product_brand-dxn","7":"product_cat-skin-care-cosmetics","9":"first","10":"instock","11":"taxable","12":"shipping-taxable","13":"purchasable","14":"product-type-simple"},"_links":{"self":[{"href":"https:\/\/nujumsahara.com\/fr\/wp-json\/wp\/v2\/product\/7171","targetHints":{"allow":["GET"]}}],"collection":[{"href":"https:\/\/nujumsahara.com\/fr\/wp-json\/wp\/v2\/product"}],"about":[{"href":"https:\/\/nujumsahara.com\/fr\/wp-json\/wp\/v2\/types\/product"}],"replies":[{"embeddable":true,"href":"https:\/\/nujumsahara.com\/fr\/wp-json\/wp\/v2\/comments?post=7171"}],"wp:featuredmedia":[{"embeddable":true,"href":"https:\/\/nujumsahara.com\/fr\/wp-json\/wp\/v2\/media\/7557"}],"wp:attachment":[{"href":"https:\/\/nujumsahara.com\/fr\/wp-json\/wp\/v2\/media?parent=7171"}],"wp:term":[{"taxonomy":"product_brand","embeddable":true,"href":"https:\/\/nujumsahara.com\/fr\/wp-json\/wp\/v2\/product_brand?post=7171"},{"taxonomy":"product_cat","embeddable":true,"href":"https:\/\/nujumsahara.com\/fr\/wp-json\/wp\/v2\/product_cat?post=7171"},{"taxonomy":"product_tag","embeddable":true,"href":"https:\/\/nujumsahara.com\/fr\/wp-json\/wp\/v2\/product_tag?post=7171"}],"curies":[{"name":"wp","href":"https:\/\/api.w.org\/{rel}","templated":true}]}}