{"id":7172,"date":"2026-02-02T01:38:46","date_gmt":"2026-02-01T21:38:46","guid":{"rendered":"https:\/\/nujumsahara.com\/?post_type=product&#038;p=7172"},"modified":"2026-04-02T15:57:59","modified_gmt":"2026-04-02T11:57:59","slug":"gel-nettoyant-a-laloe-vera","status":"publish","type":"product","link":"https:\/\/nujumsahara.com\/fr\/product\/aloe-vera-cleansing-gel\/","title":{"rendered":"Gel nettoyant \u00e0 l'aloe vera"},"content":{"rendered":"<p>Le gel nettoyant \u00e0 l'aloe vera de DXN est un nettoyant pour le visage sans savon \u00e0 base d'extrait naturel d'aloe vera, con\u00e7u pour nettoyer la peau en profondeur et en douceur en \u00e9liminant la salet\u00e9, le s\u00e9bum et les impuret\u00e9s sans la d\u00e9shydrater, la laissant fra\u00eeche, souple, radieuse et \u00e9quilibr\u00e9e pour tous les types de peau, y compris les peaux sensibles, en maintenant le pH naturel et en apaisant l'irritation.<br \/>\n<strong>Principales caract\u00e9ristiques et avantages<\/strong>:<br \/>\n<span style=\"text-decoration: underline\">Nettoyage en douceur<\/span>: Nettoie efficacement les pores et la peau sans agressivit\u00e9.<br \/>\n<span style=\"text-decoration: underline\">Infusion d'aloe vera<\/span>: Apaise, hydrate et calme la peau.<br \/>\n<span style=\"text-decoration: underline\">L'\u00e9quilibre hydrique<\/span>: Maintient la teneur naturelle en huile et en eau de la peau, ainsi que l'\u00e9quilibre du pH.<br \/>\n<span style=\"text-decoration: underline\">Un teint \u00e9clatant<\/span>: \u00c9claircit et clarifie la peau pour un effet bonne mine.<br \/>\n<span style=\"text-decoration: underline\">Convient \u00e0 tous les types de peau<\/span>: Suffisamment doux pour les peaux sensibles, s\u00e8ches, grasses et mixtes.<br \/>\n<span style=\"text-decoration: underline\">Formule sans savon<\/span>: \u00c9vite de d\u00e9caper les huiles naturelles et pr\u00e9vient le dess\u00e8chement.<br \/>\n<strong>Comment cela fonctionne-t-il ?<\/strong>:<br \/>\nIl nettoie en profondeur tandis que ses ingr\u00e9dients naturels, en particulier l'aloe vera, revitalisent et hydratent la peau, \u00e9vitant les irritations et favorisant une sensation de douceur, ce qui en fait un bon choix pour les soins quotidiens.<\/p>","protected":false},"excerpt":{"rendered":"<p>DXN Aloe V Cleansing Gel est un nettoyant pour le visage sans savon \u00e0 base d'extrait naturel d'Aloe Vera, con\u00e7u pour nettoyer la peau en profondeur et en douceur en \u00e9liminant la salet\u00e9, le s\u00e9bum et les impuret\u00e9s sans la d\u00e9shydrater, la laissant fra\u00eeche, souple, radieuse et \u00e9quilibr\u00e9e pour tous les types de peau, y compris les peaux sensibles, en maintenant le pH naturel et en apaisant l'irritation.<\/p>","protected":false},"featured_media":7558,"comment_status":"open","ping_status":"closed","template":"","meta":[],"product_brand":[50],"product_cat":[52],"product_tag":[],"class_list":{"0":"post-7172","1":"product","2":"type-product","3":"status-publish","4":"has-post-thumbnail","6":"product_brand-dxn","7":"product_cat-skin-care-cosmetics","9":"first","10":"instock","11":"taxable","12":"shipping-taxable","13":"purchasable","14":"product-type-simple"},"_links":{"self":[{"href":"https:\/\/nujumsahara.com\/fr\/wp-json\/wp\/v2\/product\/7172","targetHints":{"allow":["GET"]}}],"collection":[{"href":"https:\/\/nujumsahara.com\/fr\/wp-json\/wp\/v2\/product"}],"about":[{"href":"https:\/\/nujumsahara.com\/fr\/wp-json\/wp\/v2\/types\/product"}],"replies":[{"embeddable":true,"href":"https:\/\/nujumsahara.com\/fr\/wp-json\/wp\/v2\/comments?post=7172"}],"wp:featuredmedia":[{"embeddable":true,"href":"https:\/\/nujumsahara.com\/fr\/wp-json\/wp\/v2\/media\/7558"}],"wp:attachment":[{"href":"https:\/\/nujumsahara.com\/fr\/wp-json\/wp\/v2\/media?parent=7172"}],"wp:term":[{"taxonomy":"product_brand","embeddable":true,"href":"https:\/\/nujumsahara.com\/fr\/wp-json\/wp\/v2\/product_brand?post=7172"},{"taxonomy":"product_cat","embeddable":true,"href":"https:\/\/nujumsahara.com\/fr\/wp-json\/wp\/v2\/product_cat?post=7172"},{"taxonomy":"product_tag","embeddable":true,"href":"https:\/\/nujumsahara.com\/fr\/wp-json\/wp\/v2\/product_tag?post=7172"}],"curies":[{"name":"wp","href":"https:\/\/api.w.org\/{rel}","templated":true}]}}