{"id":7173,"date":"2026-02-02T01:38:46","date_gmt":"2026-02-01T21:38:46","guid":{"rendered":"https:\/\/nujumsahara.com\/?post_type=product&#038;p=7173"},"modified":"2026-03-07T07:13:32","modified_gmt":"2026-03-07T03:13:32","slug":"lotion-pour-les-mains-et-le-corps-a-laloe-vera","status":"publish","type":"product","link":"https:\/\/nujumsahara.com\/fr\/product\/aloe-vera-hand-body-lotion\/","title":{"rendered":"Lotion pour les mains et le corps \u00e0 l'aloe vera"},"content":{"rendered":"<p>La lotion pour les mains et le corps \u00e0 l'aloe vera de DXN est un hydratant l\u00e9ger et non gras, enrichi d'extraits d'aloe vera et d'ingr\u00e9dients botaniques, con\u00e7u pour hydrater en profondeur, apaiser et adoucir la peau s\u00e8che, lui donnant une sensation de fra\u00eecheur, de souplesse et d'\u00e9clat sans aucun r\u00e9sidu. Elle convient pour un usage quotidien sur les mains et le corps.<br \/>\n<strong>Principales caract\u00e9ristiques et avantages<\/strong>:<br \/>\n<span style=\"text-decoration: underline;\">Hydratation intense<\/span>: Hydrate en profondeur pour lutter contre la s\u00e9cheresse et maintenir la souplesse de la peau.<br \/>\n<span style=\"text-decoration: underline;\">Apaisant et rafra\u00eechissant<\/span>: L'aloe vera apaise les ger\u00e7ures et procure une sensation de fra\u00eecheur.<br \/>\n<span style=\"text-decoration: underline;\">Formule non grasse<\/span>: Absorbe rapidement et facilement, sans laisser de r\u00e9sidus collants ou gras.<br \/>\n<span style=\"text-decoration: underline;\">Nourrir<\/span>: Contient des \u00e9mollients naturels comme l'huile de graines de macadamia, la glyc\u00e9rine et la vitamine A (palmitate de r\u00e9tinyle) pour nourrir la peau.<br \/>\n<span style=\"text-decoration: underline;\">Maintient la sant\u00e9 de la peau<\/span>: Aide \u00e0 maintenir l'\u00e9quilibre naturel de l'hydratation et l'\u00e9lasticit\u00e9 de la peau.<br \/>\n<span style=\"text-decoration: underline;\">Polyvalent<\/span>: Convient \u00e0 tous les types de peau, en particulier aux peaux s\u00e8ches et sensibles, pour une utilisation sur les mains et le corps.<br \/>\n<strong>Comment cela fonctionne-t-il ?<\/strong>:<br \/>\nIl utilise l'aloe vera pour hydrater et apaiser, associ\u00e9 \u00e0 d'autres extraits botaniques et vitamines pour fixer l'humidit\u00e9, r\u00e9parer la barri\u00e8re cutan\u00e9e et donner \u00e0 la peau une sensation de douceur, de souplesse et de sant\u00e9.<\/p>","protected":false},"excerpt":{"rendered":"<p>La lotion pour les mains et le corps DXN Aloe.V est un hydratant l\u00e9ger et non gras, enrichi d'extraits d'Aloe Vera et d'ingr\u00e9dients botaniques, con\u00e7u pour hydrater en profondeur, apaiser et adoucir la peau s\u00e8che, lui donnant une sensation de fra\u00eecheur, de souplesse et d'\u00e9clat sans aucun r\u00e9sidu, adapt\u00e9 \u00e0 un usage quotidien sur les mains et le corps.<\/p>","protected":false},"featured_media":7559,"comment_status":"open","ping_status":"closed","template":"","meta":[],"product_brand":[50],"product_cat":[52],"product_tag":[],"class_list":{"0":"post-7173","1":"product","2":"type-product","3":"status-publish","4":"has-post-thumbnail","6":"product_brand-dxn","7":"product_cat-skin-care-cosmetics","9":"first","10":"instock","11":"taxable","12":"shipping-taxable","13":"purchasable","14":"product-type-simple"},"_links":{"self":[{"href":"https:\/\/nujumsahara.com\/fr\/wp-json\/wp\/v2\/product\/7173","targetHints":{"allow":["GET"]}}],"collection":[{"href":"https:\/\/nujumsahara.com\/fr\/wp-json\/wp\/v2\/product"}],"about":[{"href":"https:\/\/nujumsahara.com\/fr\/wp-json\/wp\/v2\/types\/product"}],"replies":[{"embeddable":true,"href":"https:\/\/nujumsahara.com\/fr\/wp-json\/wp\/v2\/comments?post=7173"}],"wp:featuredmedia":[{"embeddable":true,"href":"https:\/\/nujumsahara.com\/fr\/wp-json\/wp\/v2\/media\/7559"}],"wp:attachment":[{"href":"https:\/\/nujumsahara.com\/fr\/wp-json\/wp\/v2\/media?parent=7173"}],"wp:term":[{"taxonomy":"product_brand","embeddable":true,"href":"https:\/\/nujumsahara.com\/fr\/wp-json\/wp\/v2\/product_brand?post=7173"},{"taxonomy":"product_cat","embeddable":true,"href":"https:\/\/nujumsahara.com\/fr\/wp-json\/wp\/v2\/product_cat?post=7173"},{"taxonomy":"product_tag","embeddable":true,"href":"https:\/\/nujumsahara.com\/fr\/wp-json\/wp\/v2\/product_tag?post=7173"}],"curies":[{"name":"wp","href":"https:\/\/api.w.org\/{rel}","templated":true}]}}