{"id":7174,"date":"2026-02-02T01:38:46","date_gmt":"2026-02-01T21:38:46","guid":{"rendered":"https:\/\/nujumsahara.com\/?post_type=product&#038;p=7174"},"modified":"2026-04-02T15:58:51","modified_gmt":"2026-04-02T11:58:51","slug":"tonique-hydratant-a-laloe-vera","status":"publish","type":"product","link":"https:\/\/nujumsahara.com\/fr\/product\/aloe-vera-hydrating-toner\/","title":{"rendered":"Tonique hydratant \u00e0 l'aloe vera"},"content":{"rendered":"<p>DXN Aloe Vera Hydrating Toner est un tonique pour le visage sans alcool et non dess\u00e9chant de DXN qui utilise l'aloe vera, l'hamam\u00e9lis et des acides amin\u00e9s pour rafra\u00eechir, apaiser et hydrater la peau tout en resserrant les pores et en la pr\u00e9parant \u00e0 recevoir des cr\u00e8mes hydratantes, laissant la peau lisse et souple. Il fait partie de la gamme de soins DXN Aloe.V, con\u00e7ue pour un double nettoyage et pour restaurer l'\u00e9clat naturel de la peau.<br \/>\n<strong>Principales caract\u00e9ristiques et avantages<\/strong>:<br \/>\n<span style=\"text-decoration: underline\">Hydratant et apaisant<\/span>: Contient de l'extrait d'aloe vera pour calmer et hydrater la peau.<br \/>\n<span style=\"text-decoration: underline\">Affinage des pores<\/span>: Aide \u00e0 resserrer les pores de la peau apr\u00e8s le nettoyage.<br \/>\n<span style=\"text-decoration: underline\">Non dess\u00e9chant<\/span>: Une formule douce, sans alcool, qui ne prive pas la peau de son hydratation naturelle.<br \/>\n<span style=\"text-decoration: underline\">Pr\u00e9parer la peau<\/span>: \u00c9quilibre le pH et \u00e9limine les derni\u00e8res traces d'impuret\u00e9s, am\u00e9liorant ainsi l'absorption des autres produits.<br \/>\n<span style=\"text-decoration: underline\">Ingr\u00e9dients<\/span>: L'aloe vera, l'hamam\u00e9lis et les acides amin\u00e9s apportent douceur et souplesse.<br \/>\n<strong>Comment l'utiliser<\/strong>:<br \/>\nApr\u00e8s le nettoyage, appliquez le tonique sur le visage et le cou, en \u00e9vitant le contour des yeux.<br \/>\nUtiliser deux fois par jour, matin et soir, pour un r\u00e9sultat optimal.<\/p>","protected":false},"excerpt":{"rendered":"<p>Le tonique hydratant DXN Aloe. V Hydrating Toner est un tonique pour le visage non dess\u00e9chant et sans alcool de DXN qui utilise l'aloe vera, l'hamam\u00e9lis et des acides amin\u00e9s pour rafra\u00eechir, apaiser et hydrater la peau tout en resserrant les pores et en la pr\u00e9parant \u00e0 recevoir des cr\u00e8mes hydratantes, laissant la peau lisse et souple. Il fait partie de la gamme de soins DXN Aloe.V, con\u00e7ue pour un double nettoyage et pour restaurer l'\u00e9clat naturel de la peau.<\/p>","protected":false},"featured_media":7560,"comment_status":"open","ping_status":"closed","template":"","meta":[],"product_brand":[50],"product_cat":[52],"product_tag":[],"class_list":{"0":"post-7174","1":"product","2":"type-product","3":"status-publish","4":"has-post-thumbnail","6":"product_brand-dxn","7":"product_cat-skin-care-cosmetics","9":"first","10":"instock","11":"taxable","12":"shipping-taxable","13":"purchasable","14":"product-type-simple"},"_links":{"self":[{"href":"https:\/\/nujumsahara.com\/fr\/wp-json\/wp\/v2\/product\/7174","targetHints":{"allow":["GET"]}}],"collection":[{"href":"https:\/\/nujumsahara.com\/fr\/wp-json\/wp\/v2\/product"}],"about":[{"href":"https:\/\/nujumsahara.com\/fr\/wp-json\/wp\/v2\/types\/product"}],"replies":[{"embeddable":true,"href":"https:\/\/nujumsahara.com\/fr\/wp-json\/wp\/v2\/comments?post=7174"}],"wp:featuredmedia":[{"embeddable":true,"href":"https:\/\/nujumsahara.com\/fr\/wp-json\/wp\/v2\/media\/7560"}],"wp:attachment":[{"href":"https:\/\/nujumsahara.com\/fr\/wp-json\/wp\/v2\/media?parent=7174"}],"wp:term":[{"taxonomy":"product_brand","embeddable":true,"href":"https:\/\/nujumsahara.com\/fr\/wp-json\/wp\/v2\/product_brand?post=7174"},{"taxonomy":"product_cat","embeddable":true,"href":"https:\/\/nujumsahara.com\/fr\/wp-json\/wp\/v2\/product_cat?post=7174"},{"taxonomy":"product_tag","embeddable":true,"href":"https:\/\/nujumsahara.com\/fr\/wp-json\/wp\/v2\/product_tag?post=7174"}],"curies":[{"name":"wp","href":"https:\/\/api.w.org\/{rel}","templated":true}]}}