{"id":7175,"date":"2026-02-02T01:38:46","date_gmt":"2026-02-01T21:38:46","guid":{"rendered":"https:\/\/nujumsahara.com\/?post_type=product&#038;p=7175"},"modified":"2026-03-08T11:16:00","modified_gmt":"2026-03-08T07:16:00","slug":"creme-aloe-vera-nutricare","status":"publish","type":"product","link":"https:\/\/nujumsahara.com\/fr\/product\/aloe-vera-nutricare-cream\/","title":{"rendered":"Cr\u00e8me Aloe Vera Nutricare"},"content":{"rendered":"<p>DXN Aloe Vera Nutricare Cream est une cr\u00e8me de nuit riche et nourrissante de la ligne de soins \u00e0 l'Aloe Vera de DXN, compos\u00e9e d'Aloe Vera et d'extraits botaniques pour hydrater en profondeur, apaiser la peau, r\u00e9parer la perte d'hydratation pendant le sommeil et prot\u00e9ger la barri\u00e8re naturelle de la peau, la laissant douce, lisse et revitalis\u00e9e. Con\u00e7ue pour les peaux s\u00e8ches, sensibles ou matures, elle forme un film protecteur qui restaure la sant\u00e9 de la peau pendant la nuit.<br \/>\n<strong>Principales caract\u00e9ristiques et avantages<\/strong>:<br \/>\n<span style=\"text-decoration: underline;\">Hydratation intensive<\/span>: Hydrate en profondeur pour lutter contre la s\u00e9cheresse.<br \/>\n<span style=\"text-decoration: underline;\">Nourrir et r\u00e9parer<\/span>: Infus\u00e9 d'Aloe Vera et d'\u0644\u0622otanicals pour r\u00e9parer et rajeunir la peau rugueuse.<br \/>\n<span style=\"text-decoration: underline;\">Barri\u00e8re de protection<\/span>: Cr\u00e9e un film qui emp\u00eache la perte d'humidit\u00e9 pendant la nuit.<br \/>\n<span style=\"text-decoration: underline;\">Apaisant et calmant<\/span>: Aide \u00e0 calmer la peau et \u00e0 restaurer son syst\u00e8me de d\u00e9fense naturel.<br \/>\n<span style=\"text-decoration: underline;\">Tous types de peau<\/span>: Convient aux peaux s\u00e8ches, sensibles ou matures.<br \/>\n<strong>Comment il est utilis\u00e9<\/strong>:<br \/>\nS'applique g\u00e9n\u00e9ralement comme cr\u00e8me de nuit riche sur le visage et la peau.<br \/>\nAgit toute la nuit pour hydrater et r\u00e9conforter<\/p>","protected":false},"excerpt":{"rendered":"<p>DXN Aloe. V Nutricare Cream est une cr\u00e8me de nuit riche et nourrissante de la ligne de soins Aloe.V de DXN, compos\u00e9e d'aloe vera et d'extraits botaniques pour hydrater en profondeur, apaiser la peau, r\u00e9parer la perte d'hydratation pendant le sommeil et prot\u00e9ger la barri\u00e8re naturelle de la peau, la laissant douce, lisse et revitalis\u00e9e. Con\u00e7ue pour les peaux s\u00e8ches, sensibles ou matures, elle forme un film protecteur qui restaure la sant\u00e9 de la peau pendant la nuit.<\/p>","protected":false},"featured_media":7561,"comment_status":"open","ping_status":"closed","template":"","meta":[],"product_brand":[50],"product_cat":[52],"product_tag":[],"class_list":{"0":"post-7175","1":"product","2":"type-product","3":"status-publish","4":"has-post-thumbnail","6":"product_brand-dxn","7":"product_cat-skin-care-cosmetics","9":"first","10":"instock","11":"taxable","12":"shipping-taxable","13":"purchasable","14":"product-type-simple"},"_links":{"self":[{"href":"https:\/\/nujumsahara.com\/fr\/wp-json\/wp\/v2\/product\/7175","targetHints":{"allow":["GET"]}}],"collection":[{"href":"https:\/\/nujumsahara.com\/fr\/wp-json\/wp\/v2\/product"}],"about":[{"href":"https:\/\/nujumsahara.com\/fr\/wp-json\/wp\/v2\/types\/product"}],"replies":[{"embeddable":true,"href":"https:\/\/nujumsahara.com\/fr\/wp-json\/wp\/v2\/comments?post=7175"}],"wp:featuredmedia":[{"embeddable":true,"href":"https:\/\/nujumsahara.com\/fr\/wp-json\/wp\/v2\/media\/7561"}],"wp:attachment":[{"href":"https:\/\/nujumsahara.com\/fr\/wp-json\/wp\/v2\/media?parent=7175"}],"wp:term":[{"taxonomy":"product_brand","embeddable":true,"href":"https:\/\/nujumsahara.com\/fr\/wp-json\/wp\/v2\/product_brand?post=7175"},{"taxonomy":"product_cat","embeddable":true,"href":"https:\/\/nujumsahara.com\/fr\/wp-json\/wp\/v2\/product_cat?post=7175"},{"taxonomy":"product_tag","embeddable":true,"href":"https:\/\/nujumsahara.com\/fr\/wp-json\/wp\/v2\/product_tag?post=7175"}],"curies":[{"name":"wp","href":"https:\/\/api.w.org\/{rel}","templated":true}]}}