{"id":7176,"date":"2026-02-02T01:38:46","date_gmt":"2026-02-01T21:38:46","guid":{"rendered":"https:\/\/nujumsahara.com\/?post_type=product&#038;p=7176"},"modified":"2026-03-07T07:13:32","modified_gmt":"2026-03-07T03:13:32","slug":"andro-g-90","status":"publish","type":"product","link":"https:\/\/nujumsahara.com\/fr\/product\/andro-g-90\/","title":{"rendered":"Andro-G 90"},"content":{"rendered":"<p>DXN Andro-G 90 est un compl\u00e9ment alimentaire \u00e0 base de plantes de la soci\u00e9t\u00e9 DXN qui contient principalement de l'Andrographis paniculata, \u00e9galement connu sous le nom de \u201croi des amers\u201d, une plante utilis\u00e9e dans la m\u00e9decine traditionnelle ayurv\u00e9dique et chinoise, souvent associ\u00e9e au Ganoderma lucidum (Reishi) pour renforcer le syst\u00e8me immunitaire et la d\u00e9toxication. Les g\u00e9lules sont commercialis\u00e9es pour soutenir le syst\u00e8me immunitaire, combattre les infections, r\u00e9duire l'inflammation, favoriser la sant\u00e9 du foie, am\u00e9liorer la digestion et stimuler l'\u00e9nergie. Chaque bouteille contient 90 g\u00e9lules v\u00e9g\u00e9tariennes.<br \/>\n<strong>Principaux ingr\u00e9dients et avantages<\/strong>:<br \/>\nAndrographis paniculata : Un antioxydant puissant et un adaptog\u00e8ne, qui aide l'organisme \u00e0 g\u00e9rer le stress et \u00e0 lutter contre les bact\u00e9ries et les virus, ce qui en fait un excellent rem\u00e8de contre les rhumes, la grippe et les probl\u00e8mes respiratoires.<br \/>\nGanoderma lucidum (Reishi) : Agit en synergie avec l'Andrographis pour renforcer l'immunit\u00e9, soutenir la fonction h\u00e9patique et d\u00e9toxifier l'organisme.<br \/>\nSoutien immunitaire : Renforce les d\u00e9fenses naturelles, favorise la production de globules blancs et aide \u00e0 combattre les infections.<br \/>\nAnti-inflammatoire : R\u00e9duit l'inflammation, b\u00e9n\u00e9fique pour les douleurs articulaires, l'arthrite et la g\u00eane respiratoire.<br \/>\nSant\u00e9 du foie : Aide \u00e0 la d\u00e9sintoxication et \u00e0 la protection du foie.<br \/>\nAntioxydant : Fournit de puissants antioxydants pour combattre les radicaux libres et favoriser le bien-\u00eatre g\u00e9n\u00e9ral.<br \/>\n<strong>Qui peut l'utiliser ?<\/strong>:<br \/>\nLes personnes ayant une faible immunit\u00e9 ou des maladies fr\u00e9quentes.<br \/>\nLes personnes stress\u00e9es ou expos\u00e9es \u00e0 la pollution.<br \/>\nLes personnes qui recherchent un soutien naturel pour la sant\u00e9 respiratoire, la fonction h\u00e9patique et la vitalit\u00e9 g\u00e9n\u00e9rale.<br \/>\nEssentiellement, DXN Andro-G 90 offre un moyen naturel d'am\u00e9liorer la r\u00e9ponse immunitaire de l'organisme et le bien-\u00eatre g\u00e9n\u00e9ral gr\u00e2ce \u00e0 de puissants extraits de plantes.<\/p>","protected":false},"excerpt":{"rendered":"<p>DXN Andro-G 90 est un compl\u00e9ment alimentaire \u00e0 base de plantes de la soci\u00e9t\u00e9 DXN qui contient principalement de l'Andrographis paniculata, \u00e9galement connu sous le nom de \u201croi des amers\u201d, une plante utilis\u00e9e dans la m\u00e9decine traditionnelle ayurv\u00e9dique et chinoise, souvent associ\u00e9e au Ganoderma lucidum (Reishi) pour renforcer le syst\u00e8me immunitaire et la d\u00e9toxication. Les g\u00e9lules sont commercialis\u00e9es pour soutenir le syst\u00e8me immunitaire, combattre les infections, r\u00e9duire l'inflammation, favoriser la sant\u00e9 du foie, am\u00e9liorer la digestion et stimuler l'\u00e9nergie. Chaque bouteille contient 90 g\u00e9lules v\u00e9g\u00e9tariennes.<\/p>","protected":false},"featured_media":7951,"comment_status":"open","ping_status":"closed","template":"","meta":[],"product_brand":[50],"product_cat":[53],"product_tag":[],"class_list":{"0":"post-7176","1":"product","2":"type-product","3":"status-publish","4":"has-post-thumbnail","6":"product_brand-dxn","7":"product_cat-food-supplements","9":"first","10":"instock","11":"taxable","12":"shipping-taxable","13":"purchasable","14":"product-type-simple"},"_links":{"self":[{"href":"https:\/\/nujumsahara.com\/fr\/wp-json\/wp\/v2\/product\/7176","targetHints":{"allow":["GET"]}}],"collection":[{"href":"https:\/\/nujumsahara.com\/fr\/wp-json\/wp\/v2\/product"}],"about":[{"href":"https:\/\/nujumsahara.com\/fr\/wp-json\/wp\/v2\/types\/product"}],"replies":[{"embeddable":true,"href":"https:\/\/nujumsahara.com\/fr\/wp-json\/wp\/v2\/comments?post=7176"}],"wp:featuredmedia":[{"embeddable":true,"href":"https:\/\/nujumsahara.com\/fr\/wp-json\/wp\/v2\/media\/7951"}],"wp:attachment":[{"href":"https:\/\/nujumsahara.com\/fr\/wp-json\/wp\/v2\/media?parent=7176"}],"wp:term":[{"taxonomy":"product_brand","embeddable":true,"href":"https:\/\/nujumsahara.com\/fr\/wp-json\/wp\/v2\/product_brand?post=7176"},{"taxonomy":"product_cat","embeddable":true,"href":"https:\/\/nujumsahara.com\/fr\/wp-json\/wp\/v2\/product_cat?post=7176"},{"taxonomy":"product_tag","embeddable":true,"href":"https:\/\/nujumsahara.com\/fr\/wp-json\/wp\/v2\/product_tag?post=7176"}],"curies":[{"name":"wp","href":"https:\/\/api.w.org\/{rel}","templated":true}]}}