{"id":7177,"date":"2026-02-02T01:38:46","date_gmt":"2026-02-01T21:38:46","guid":{"rendered":"https:\/\/nujumsahara.com\/?post_type=product&#038;p=7177"},"modified":"2026-04-02T16:20:21","modified_gmt":"2026-04-02T12:20:21","slug":"nigelle-plus-gelule-90s","status":"publish","type":"product","link":"https:\/\/nujumsahara.com\/fr\/product\/black-cumin-plus-capsule-90s\/","title":{"rendered":"Cumin Noir Plus Capsule 90\u2019s"},"content":{"rendered":"<p>DXN Black Cumin Plus Capsules (90\u2019s) est un compl\u00e9ment de sant\u00e9 naturel de la soci\u00e9t\u00e9 DXN contenant des graines de cumin noir (Nigella Sativa) de premi\u00e8re qualit\u00e9, rehauss\u00e9es de clous de girofle et de poivre noir, connues traditionnellement sous le nom de \u201c graines de b\u00e9n\u00e9diction \u201d, et formul\u00e9es pour soutenir l'immunit\u00e9, la digestion, la sant\u00e9 de la peau et des cheveux, sans additifs artificiels. C'est une fa\u00e7on pratique de consommer cette herbe ancienne, populaire dans les cultures du Moyen-Orient, de l'\u00c9gypte et de l'Inde, pour le bien-\u00eatre g\u00e9n\u00e9ral.<br \/>\n<strong>Ingr\u00e9dients cl\u00e9s<\/strong><br \/>\nCumin noir (Nigella Sativa) : L'ingr\u00e9dient principal, utilis\u00e9 depuis des si\u00e8cles pour ses pr\u00e9tendus bienfaits pour la sant\u00e9.<br \/>\nGirofle (Eugenia caryophyllus) : Ajout\u00e9 pour renforcer l'efficacit\u00e9 de la formule.<br \/>\nPoivre noir (Piper nigrum) : \u00c9galement inclus pour renforcer l'efficacit\u00e9.<br \/>\n<strong>Avantages et utilisations<\/strong><br \/>\nSoutien immunitaire : Aide \u00e0 renforcer les d\u00e9fenses de l'organisme.<br \/>\nSant\u00e9 digestive : Favorise une meilleure digestion.<br \/>\nPeau et cheveux : b\u00e9n\u00e9fique pour l'\u00e9clat de la peau et la croissance des cheveux.<br \/>\nAntioxydant et anti-inflammatoire : Peut aider \u00e0 combattre le stress oxydatif et l'inflammation.<br \/>\nBien-\u00eatre g\u00e9n\u00e9ral : Favorise la vitalit\u00e9 g\u00e9n\u00e9rale, convient \u00e0 tous les \u00e2ges, y compris aux personnes \u00e2g\u00e9es et aux enfants.<br \/>\n<strong>Caract\u00e9ristiques<\/strong><br \/>\nFormule naturelle : Ne contient pas d'ingr\u00e9dients artificiels, de produits chimiques, de conservateurs ou de colorants.<br \/>\nPratique : Se pr\u00e9sente sous forme de g\u00e9lules faciles \u00e0 prendre.<br \/>\nCertifi\u00e9 GMP : Fabriqu\u00e9 dans une usine respectant les bonnes pratiques de fabrication (BPF).<\/p>","protected":false},"excerpt":{"rendered":"<p>DXN Black Cumin Plus Capsules (90\u2019s) est un compl\u00e9ment de sant\u00e9 naturel de la soci\u00e9t\u00e9 DXN contenant des graines de cumin noir (Nigella Sativa) de premi\u00e8re qualit\u00e9, rehauss\u00e9es de clous de girofle et de poivre noir, connues traditionnellement sous le nom de \u201c graines de b\u00e9n\u00e9diction \u201d, et formul\u00e9es pour soutenir l'immunit\u00e9, la digestion, la sant\u00e9 de la peau et des cheveux, sans additifs artificiels. C'est une fa\u00e7on pratique de consommer cette herbe ancienne, populaire dans les cultures du Moyen-Orient, de l'\u00c9gypte et de l'Inde, pour le bien-\u00eatre g\u00e9n\u00e9ral.<\/p>","protected":false},"featured_media":7563,"comment_status":"open","ping_status":"closed","template":"","meta":[],"product_brand":[50],"product_cat":[53],"product_tag":[],"class_list":{"0":"post-7177","1":"product","2":"type-product","3":"status-publish","4":"has-post-thumbnail","6":"product_brand-dxn","7":"product_cat-food-supplements","9":"first","10":"instock","11":"taxable","12":"shipping-taxable","13":"purchasable","14":"product-type-simple"},"_links":{"self":[{"href":"https:\/\/nujumsahara.com\/fr\/wp-json\/wp\/v2\/product\/7177","targetHints":{"allow":["GET"]}}],"collection":[{"href":"https:\/\/nujumsahara.com\/fr\/wp-json\/wp\/v2\/product"}],"about":[{"href":"https:\/\/nujumsahara.com\/fr\/wp-json\/wp\/v2\/types\/product"}],"replies":[{"embeddable":true,"href":"https:\/\/nujumsahara.com\/fr\/wp-json\/wp\/v2\/comments?post=7177"}],"wp:featuredmedia":[{"embeddable":true,"href":"https:\/\/nujumsahara.com\/fr\/wp-json\/wp\/v2\/media\/7563"}],"wp:attachment":[{"href":"https:\/\/nujumsahara.com\/fr\/wp-json\/wp\/v2\/media?parent=7177"}],"wp:term":[{"taxonomy":"product_brand","embeddable":true,"href":"https:\/\/nujumsahara.com\/fr\/wp-json\/wp\/v2\/product_brand?post=7177"},{"taxonomy":"product_cat","embeddable":true,"href":"https:\/\/nujumsahara.com\/fr\/wp-json\/wp\/v2\/product_cat?post=7177"},{"taxonomy":"product_tag","embeddable":true,"href":"https:\/\/nujumsahara.com\/fr\/wp-json\/wp\/v2\/product_tag?post=7177"}],"curies":[{"name":"wp","href":"https:\/\/api.w.org\/{rel}","templated":true}]}}