{"id":7178,"date":"2026-02-02T01:38:46","date_gmt":"2026-02-01T21:38:46","guid":{"rendered":"https:\/\/nujumsahara.com\/?post_type=product&#038;p=7178"},"modified":"2026-03-07T07:13:32","modified_gmt":"2026-03-07T03:13:32","slug":"huile-pour-bebe-joufflu","status":"publish","type":"product","link":"https:\/\/nujumsahara.com\/fr\/product\/chubby-baby-oil\/","title":{"rendered":"Huile pour b\u00e9b\u00e9 Chubby"},"content":{"rendered":"<p>DXN Chubby Baby Oil est une huile corporelle hydratante de la marque DXN, con\u00e7ue pour nourrir et prot\u00e9ger les peaux d\u00e9licates, en particulier celles des b\u00e9b\u00e9s, en les rendant douces, lisses et soyeuses tout en pr\u00e9venant le dess\u00e8chement, les ger\u00e7ures et la desquamation. Il s'agit d'une formule douce et non grasse, contenant souvent des ingr\u00e9dients naturels tels que l'huile de tournesol et l'extrait de germe de bl\u00e9, adapt\u00e9e au massage, \u00e0 l'hydratation des zones rugueuses et m\u00eame au d\u00e9maquillage des yeux pour les adultes, ce qui la rend polyvalente pour tous les \u00e2ges.<br \/>\n<strong>Principales caract\u00e9ristiques et avantages<\/strong>:<br \/>\nHydratation en profondeur : Fixe l'humidit\u00e9 pour maintenir la peau hydrat\u00e9e.<br \/>\nBarri\u00e8re protectrice : Prot\u00e8ge la peau du dess\u00e8chement, des craquelures et de la desquamation.<br \/>\nDoux et s\u00fbr : Test\u00e9 dermatologiquement, hypoallerg\u00e9nique et sans produits chimiques agressifs, id\u00e9al pour les peaux sensibles.<br \/>\nUtilisation polyvalente : Id\u00e9al pour le massage des b\u00e9b\u00e9s afin de favoriser les liens affectifs ou pour les adultes afin de d\u00e9maquiller les yeux et d'adoucir les zones rugueuses telles que les coudes.<br \/>\nNon com\u00e9dog\u00e8ne : N'obstrue pas les pores, ce qui permet de les nourrir en profondeur.<br \/>\nIngr\u00e9dients naturels : Contient des huiles b\u00e9n\u00e9fiques comme l'extrait de tournesol et de germe de bl\u00e9, ainsi que de la vitamine E.<br \/>\nIl s'agit essentiellement d'une huile nourrissante, protectrice et polyvalente qui permet d'obtenir une peau douce et lisse pour les b\u00e9b\u00e9s comme pour les adultes.<\/p>","protected":false},"excerpt":{"rendered":"<p>DXN Chubby Baby Oil est une huile corporelle hydratante de la marque DXN, con\u00e7ue pour nourrir et prot\u00e9ger les peaux d\u00e9licates, en particulier celles des b\u00e9b\u00e9s, en les rendant douces, lisses et soyeuses tout en pr\u00e9venant le dess\u00e8chement, les ger\u00e7ures et la desquamation. Il s'agit d'une formule douce et non grasse, contenant souvent des ingr\u00e9dients naturels tels que l'huile de tournesol et l'extrait de germe de bl\u00e9, adapt\u00e9e au massage, \u00e0 l'hydratation des zones rugueuses et m\u00eame au d\u00e9maquillage des yeux pour les adultes, ce qui la rend polyvalente pour tous les \u00e2ges.<\/p>","protected":false},"featured_media":7981,"comment_status":"open","ping_status":"closed","template":"","meta":[],"product_brand":[50],"product_cat":[52],"product_tag":[],"class_list":{"0":"post-7178","1":"product","2":"type-product","3":"status-publish","4":"has-post-thumbnail","6":"product_brand-dxn","7":"product_cat-skin-care-cosmetics","9":"first","10":"instock","11":"taxable","12":"shipping-taxable","13":"purchasable","14":"product-type-simple"},"_links":{"self":[{"href":"https:\/\/nujumsahara.com\/fr\/wp-json\/wp\/v2\/product\/7178","targetHints":{"allow":["GET"]}}],"collection":[{"href":"https:\/\/nujumsahara.com\/fr\/wp-json\/wp\/v2\/product"}],"about":[{"href":"https:\/\/nujumsahara.com\/fr\/wp-json\/wp\/v2\/types\/product"}],"replies":[{"embeddable":true,"href":"https:\/\/nujumsahara.com\/fr\/wp-json\/wp\/v2\/comments?post=7178"}],"wp:featuredmedia":[{"embeddable":true,"href":"https:\/\/nujumsahara.com\/fr\/wp-json\/wp\/v2\/media\/7981"}],"wp:attachment":[{"href":"https:\/\/nujumsahara.com\/fr\/wp-json\/wp\/v2\/media?parent=7178"}],"wp:term":[{"taxonomy":"product_brand","embeddable":true,"href":"https:\/\/nujumsahara.com\/fr\/wp-json\/wp\/v2\/product_brand?post=7178"},{"taxonomy":"product_cat","embeddable":true,"href":"https:\/\/nujumsahara.com\/fr\/wp-json\/wp\/v2\/product_cat?post=7178"},{"taxonomy":"product_tag","embeddable":true,"href":"https:\/\/nujumsahara.com\/fr\/wp-json\/wp\/v2\/product_tag?post=7178"}],"curies":[{"name":"wp","href":"https:\/\/api.w.org\/{rel}","templated":true}]}}