{"id":7181,"date":"2026-02-02T01:38:46","date_gmt":"2026-02-01T21:38:46","guid":{"rendered":"https:\/\/nujumsahara.com\/?post_type=product&#038;p=7181"},"modified":"2026-03-07T07:13:41","modified_gmt":"2026-03-07T03:13:41","slug":"cordyceps-120-comprimes","status":"publish","type":"product","link":"https:\/\/nujumsahara.com\/fr\/product\/cordyceps-120-tablets\/","title":{"rendered":"Cordyceps 120 comprim\u00e9s"},"content":{"rendered":"<p>DXN Cordyceps Tablet est un compl\u00e9ment alimentaire fabriqu\u00e9 \u00e0 partir du champignon Cordyceps sinensis, cultiv\u00e9 par DXN sous un contr\u00f4le de qualit\u00e9 strict, offrant des avantages potentiels pour l'\u00e9nergie, la sant\u00e9 respiratoire et le soutien immunitaire, traditionnellement utilis\u00e9 dans la m\u00e9decine chinoise pour le bien-\u00eatre g\u00e9n\u00e9ral, disponible sous forme de comprim\u00e9s, de g\u00e9lules et de poudre pour une consommation facile par les adultes.<br \/>\n<strong>Caract\u00e9ristiques principales<\/strong>:<br \/>\nIngr\u00e9dient principal : Poudre de Cordyceps sinensis (champignon chenille), m\u00e9lang\u00e9e \u00e0 des excipients pour obtenir des comprim\u00e9s.<br \/>\nOrigine : Le champignon se trouve dans les r\u00e9gions de haute altitude de la Chine, du Tibet et du N\u00e9pal, mais DXN le cultive dans ses propres fermes.<br \/>\nFabrication : Produit par DXN avec une culture contr\u00f4l\u00e9e jusqu'au produit fini, garantissant la qualit\u00e9.<br \/>\nFormes : Disponible sous forme de comprim\u00e9s, de g\u00e9lules et de poudre.<br \/>\nPublic cible : Convient aux adultes (pas aux enfants en bas \u00e2ge).<br \/>\n<strong>Avantages potentiels<\/strong>:<br \/>\n\u00c9nergie et endurance : peut stimuler l'\u00e9nergie, combattre la fatigue et am\u00e9liorer l'endurance.<br \/>\nSoutien respiratoire : Traditionnellement utilis\u00e9 pour soutenir la fonction pulmonaire et la sant\u00e9 respiratoire.<br \/>\nSoutien immunitaire : On pense qu'il renforce la fonction immunitaire et aide le corps \u00e0 lutter contre les maladies.<br \/>\nAntioxydant : Contient des antioxydants qui combattent le stress oxydatif et l'inflammation.<br \/>\nAdaptog\u00e8ne : aide l'organisme \u00e0 s'adapter aux facteurs de stress et favorise le bien-\u00eatre g\u00e9n\u00e9ral.<br \/>\nSant\u00e9 cardiovasculaire : Peut aider \u00e0 r\u00e9guler la glyc\u00e9mie, le cholest\u00e9rol et la tension art\u00e9rielle.<\/p>","protected":false},"excerpt":{"rendered":"<p>DXN Cordyceps Tablet est un compl\u00e9ment alimentaire fabriqu\u00e9 \u00e0 partir du champignon Cordyceps sinensis, cultiv\u00e9 par DXN sous un contr\u00f4le de qualit\u00e9 strict, offrant des avantages potentiels pour l'\u00e9nergie, la sant\u00e9 respiratoire et le soutien immunitaire, traditionnellement utilis\u00e9 dans la m\u00e9decine chinoise pour le bien-\u00eatre g\u00e9n\u00e9ral, disponible sous forme de comprim\u00e9s, de g\u00e9lules et de poudre pour une consommation facile par les adultes.<\/p>","protected":false},"featured_media":7567,"comment_status":"open","ping_status":"closed","template":"","meta":[],"product_brand":[50],"product_cat":[53],"product_tag":[],"class_list":{"0":"post-7181","1":"product","2":"type-product","3":"status-publish","4":"has-post-thumbnail","6":"product_brand-dxn","7":"product_cat-food-supplements","9":"first","10":"instock","11":"taxable","12":"shipping-taxable","13":"purchasable","14":"product-type-simple"},"_links":{"self":[{"href":"https:\/\/nujumsahara.com\/fr\/wp-json\/wp\/v2\/product\/7181","targetHints":{"allow":["GET"]}}],"collection":[{"href":"https:\/\/nujumsahara.com\/fr\/wp-json\/wp\/v2\/product"}],"about":[{"href":"https:\/\/nujumsahara.com\/fr\/wp-json\/wp\/v2\/types\/product"}],"replies":[{"embeddable":true,"href":"https:\/\/nujumsahara.com\/fr\/wp-json\/wp\/v2\/comments?post=7181"}],"wp:featuredmedia":[{"embeddable":true,"href":"https:\/\/nujumsahara.com\/fr\/wp-json\/wp\/v2\/media\/7567"}],"wp:attachment":[{"href":"https:\/\/nujumsahara.com\/fr\/wp-json\/wp\/v2\/media?parent=7181"}],"wp:term":[{"taxonomy":"product_brand","embeddable":true,"href":"https:\/\/nujumsahara.com\/fr\/wp-json\/wp\/v2\/product_brand?post=7181"},{"taxonomy":"product_cat","embeddable":true,"href":"https:\/\/nujumsahara.com\/fr\/wp-json\/wp\/v2\/product_cat?post=7181"},{"taxonomy":"product_tag","embeddable":true,"href":"https:\/\/nujumsahara.com\/fr\/wp-json\/wp\/v2\/product_tag?post=7181"}],"curies":[{"name":"wp","href":"https:\/\/api.w.org\/{rel}","templated":true}]}}