{"id":7182,"date":"2026-02-02T01:38:46","date_gmt":"2026-02-01T21:38:46","guid":{"rendered":"https:\/\/nujumsahara.com\/?post_type=product&#038;p=7182"},"modified":"2026-03-07T07:13:41","modified_gmt":"2026-03-07T03:13:41","slug":"cordyceps-cafe-3-en-1","status":"publish","type":"product","link":"https:\/\/nujumsahara.com\/fr\/product\/cordyceps-coffee-3-in-1\/","title":{"rendered":"Cordyceps Caf\u00e9 3 en 1"},"content":{"rendered":"<p>DXN Cordyceps Coffee 3 in 1 est un m\u00e9lange de caf\u00e9 instantan\u00e9 combinant du caf\u00e9 de qualit\u00e9 sup\u00e9rieure avec de l'extrait de champignon Cordyceps, de la cr\u00e8me non laiti\u00e8re et du sucre, cr\u00e9ant ainsi une boisson \u00e9nergisante onctueuse, aromatique et pratique con\u00e7ue pour soutenir l'endurance et la vigilance tout en apportant les bienfaits du champignon adaptog\u00e8ne. Il s'agit d'une boisson fonctionnelle facile \u00e0 pr\u00e9parer en ajoutant simplement de l'eau chaude, offrant un moment de caf\u00e9 agr\u00e9able avec des avantages potentiels pour la sant\u00e9 tels que le soutien anti-inflammatoire et antioxydant.<br \/>\n<strong>Principaux \u00e9l\u00e9ments et avantages<\/strong>:<br \/>\nCaf\u00e9 instantan\u00e9 : Procure un go\u00fbt de caf\u00e9 riche et familier, ainsi qu'un coup de fouet \u00e0 la caf\u00e9ine.<br \/>\nExtrait de Cordyceps : champignon m\u00e9dicinal connu pour favoriser l'\u00e9nergie, l'endurance et le bien-\u00eatre g\u00e9n\u00e9ral, agissant comme un adaptog\u00e8ne.<br \/>\nCr\u00e8me non laiti\u00e8re et sucre : Pour une texture cr\u00e9meuse et un go\u00fbt sucr\u00e9, ce qui en fait un produit \u201c3 en 1\u201d.<br \/>\n<strong>Pourquoi les gens boivent-ils de l'alcool ?<\/strong>:<br \/>\n\u00c9nergie et endurance : Aide \u00e0 stimuler les niveaux d'\u00e9nergie naturelle et l'endurance physique.<br \/>\nPratique : Pr\u00e9-m\u00e9lang\u00e9 pour une pr\u00e9paration rapide et facile, parfait pour la maison ou le travail.<br \/>\nBoost de bien-\u00eatre : Offre les propri\u00e9t\u00e9s antioxydantes et anti-inflammatoires potentielles du Cordyceps.<br \/>\n<strong>Comment appr\u00e9cier<\/strong>:<br \/>\nIl suffit de verser le contenu d'un sachet dans une tasse, d'ajouter de l'eau chaude et de remuer pour obtenir une boisson rafra\u00eechissante, aromatique et fonctionnelle.<\/p>","protected":false},"excerpt":{"rendered":"<p>DXN Cordyceps Coffee 3 in 1 est un m\u00e9lange de caf\u00e9 instantan\u00e9 combinant du caf\u00e9 de qualit\u00e9 sup\u00e9rieure avec de l'extrait de champignon Cordyceps, de la cr\u00e8me non laiti\u00e8re et du sucre, cr\u00e9ant ainsi une boisson \u00e9nergisante onctueuse, aromatique et pratique con\u00e7ue pour soutenir l'endurance et la vigilance tout en apportant les bienfaits du champignon adaptog\u00e8ne. Il s'agit d'une boisson fonctionnelle facile \u00e0 pr\u00e9parer en ajoutant simplement de l'eau chaude, offrant un moment de caf\u00e9 agr\u00e9able avec des avantages potentiels pour la sant\u00e9 tels que le soutien anti-inflammatoire et antioxydant.<\/p>","protected":false},"featured_media":7568,"comment_status":"open","ping_status":"closed","template":"","meta":[],"product_brand":[50],"product_cat":[54],"product_tag":[],"class_list":{"0":"post-7182","1":"product","2":"type-product","3":"status-publish","4":"has-post-thumbnail","6":"product_brand-dxn","7":"product_cat-food-beverages","9":"first","10":"instock","11":"taxable","12":"shipping-taxable","13":"purchasable","14":"product-type-simple"},"_links":{"self":[{"href":"https:\/\/nujumsahara.com\/fr\/wp-json\/wp\/v2\/product\/7182","targetHints":{"allow":["GET"]}}],"collection":[{"href":"https:\/\/nujumsahara.com\/fr\/wp-json\/wp\/v2\/product"}],"about":[{"href":"https:\/\/nujumsahara.com\/fr\/wp-json\/wp\/v2\/types\/product"}],"replies":[{"embeddable":true,"href":"https:\/\/nujumsahara.com\/fr\/wp-json\/wp\/v2\/comments?post=7182"}],"wp:featuredmedia":[{"embeddable":true,"href":"https:\/\/nujumsahara.com\/fr\/wp-json\/wp\/v2\/media\/7568"}],"wp:attachment":[{"href":"https:\/\/nujumsahara.com\/fr\/wp-json\/wp\/v2\/media?parent=7182"}],"wp:term":[{"taxonomy":"product_brand","embeddable":true,"href":"https:\/\/nujumsahara.com\/fr\/wp-json\/wp\/v2\/product_brand?post=7182"},{"taxonomy":"product_cat","embeddable":true,"href":"https:\/\/nujumsahara.com\/fr\/wp-json\/wp\/v2\/product_cat?post=7182"},{"taxonomy":"product_tag","embeddable":true,"href":"https:\/\/nujumsahara.com\/fr\/wp-json\/wp\/v2\/product_tag?post=7182"}],"curies":[{"name":"wp","href":"https:\/\/api.w.org\/{rel}","templated":true}]}}