{"id":7183,"date":"2026-02-02T01:38:46","date_gmt":"2026-02-01T21:38:46","guid":{"rendered":"https:\/\/nujumsahara.com\/?post_type=product&#038;p=7183"},"modified":"2026-03-07T07:13:41","modified_gmt":"2026-03-07T03:13:41","slug":"cordypine-285ml","status":"publish","type":"product","link":"https:\/\/nujumsahara.com\/fr\/product\/cordypine-285ml\/","title":{"rendered":"Cordypine 285ml"},"content":{"rendered":"<p>DXN Cordypine est une boisson de sant\u00e9 naturelle de DXN qui associe du jus d'ananas ferment\u00e9 \u00e0 un extrait de champignon Cordyceps, cr\u00e9ant ainsi un m\u00e9lange synergique connu pour stimuler l'\u00e9nergie, soutenir le syst\u00e8me immunitaire, faciliter la digestion (gr\u00e2ce aux enzymes de l'ananas comme la brom\u00e9line) et fournir des antioxydants, ce qui en fait une boisson de bien-\u00eatre tr\u00e8s appr\u00e9ci\u00e9e.<br \/>\n<strong>Principaux ingr\u00e9dients et avantages<\/strong>:<br \/>\nCordyceps : Champignon m\u00e9dicinal traditionnellement utilis\u00e9 pour am\u00e9liorer l'endurance, la vitalit\u00e9 et la sant\u00e9 respiratoire.<br \/>\nJus d'ananas ferment\u00e9 : Fournit des enzymes naturelles (comme la brom\u00e9line) qui facilitent la digestion et la d\u00e9sintoxication, ainsi que des fibres, des vitamines et des antioxydants.<br \/>\nEffet synergique : Le processus de fermentation renforce les enzymes de l'ananas, ce qui leur permet de travailler efficacement avec le Cordyceps pour de plus grands b\u00e9n\u00e9fices pour la sant\u00e9.<br \/>\n<strong>\u00c0 quoi sert-il ?<\/strong>:<br \/>\nAugmentation de l'\u00e9nergie et de l'endurance.<br \/>\nRenforcement du syst\u00e8me immunitaire.<br \/>\nAm\u00e9liorer la digestion et la fonction gastro-intestinale.<br \/>\nAgit comme un antioxydant et un agent anti-inflammatoire.<br \/>\nFavorise la sant\u00e9 respiratoire et r\u00e9nale.<br \/>\n<strong>D\u00e9tails du produit<\/strong>:<br \/>\nIl s'agit d'un compl\u00e9ment liquide, sans additifs artificiels ni conservateurs.<br \/>\nDisponible en plusieurs tailles.<br \/>\nServir de pr\u00e9f\u00e9rence frais pour un go\u00fbt rafra\u00eechissant<\/p>","protected":false},"excerpt":{"rendered":"<p>DXN Cordypine est une boisson de sant\u00e9 naturelle de DXN qui associe du jus d'ananas ferment\u00e9 \u00e0 un extrait de champignon Cordyceps, cr\u00e9ant ainsi un m\u00e9lange synergique connu pour stimuler l'\u00e9nergie, soutenir le syst\u00e8me immunitaire, faciliter la digestion (gr\u00e2ce aux enzymes de l'ananas comme la brom\u00e9line) et fournir des antioxydants, ce qui en fait une boisson de bien-\u00eatre tr\u00e8s appr\u00e9ci\u00e9e.<\/p>","protected":false},"featured_media":7569,"comment_status":"open","ping_status":"closed","template":"","meta":[],"product_brand":[50],"product_cat":[54],"product_tag":[],"class_list":{"0":"post-7183","1":"product","2":"type-product","3":"status-publish","4":"has-post-thumbnail","6":"product_brand-dxn","7":"product_cat-food-beverages","9":"first","10":"instock","11":"taxable","12":"shipping-taxable","13":"purchasable","14":"product-type-simple"},"_links":{"self":[{"href":"https:\/\/nujumsahara.com\/fr\/wp-json\/wp\/v2\/product\/7183","targetHints":{"allow":["GET"]}}],"collection":[{"href":"https:\/\/nujumsahara.com\/fr\/wp-json\/wp\/v2\/product"}],"about":[{"href":"https:\/\/nujumsahara.com\/fr\/wp-json\/wp\/v2\/types\/product"}],"replies":[{"embeddable":true,"href":"https:\/\/nujumsahara.com\/fr\/wp-json\/wp\/v2\/comments?post=7183"}],"wp:featuredmedia":[{"embeddable":true,"href":"https:\/\/nujumsahara.com\/fr\/wp-json\/wp\/v2\/media\/7569"}],"wp:attachment":[{"href":"https:\/\/nujumsahara.com\/fr\/wp-json\/wp\/v2\/media?parent=7183"}],"wp:term":[{"taxonomy":"product_brand","embeddable":true,"href":"https:\/\/nujumsahara.com\/fr\/wp-json\/wp\/v2\/product_brand?post=7183"},{"taxonomy":"product_cat","embeddable":true,"href":"https:\/\/nujumsahara.com\/fr\/wp-json\/wp\/v2\/product_cat?post=7183"},{"taxonomy":"product_tag","embeddable":true,"href":"https:\/\/nujumsahara.com\/fr\/wp-json\/wp\/v2\/product_tag?post=7183"}],"curies":[{"name":"wp","href":"https:\/\/api.w.org\/{rel}","templated":true}]}}