{"id":7184,"date":"2026-02-02T01:38:46","date_gmt":"2026-02-01T21:38:46","guid":{"rendered":"https:\/\/nujumsahara.com\/?post_type=product&#038;p=7184"},"modified":"2026-03-07T07:13:41","modified_gmt":"2026-03-07T03:13:41","slug":"cafe-creme","status":"publish","type":"product","link":"https:\/\/nujumsahara.com\/fr\/product\/cream-coffee\/","title":{"rendered":"Caf\u00e9 cr\u00e8me"},"content":{"rendered":"<p>DXN Cream Coffee est un m\u00e9lange de caf\u00e9 instantan\u00e9 populaire de DXN, compos\u00e9 de caf\u00e9 Arabica de qualit\u00e9, de cr\u00e8me non laiti\u00e8re pour l'onctuosit\u00e9, et d'extrait de Ganoderma (champignon Reishi), offrant un go\u00fbt riche, aromatique et cr\u00e9meux avec les bienfaits potentiels du champignon, souvent sans sucre ajout\u00e9, ce qui en fait un choix plus sain, pratique et alcalin pour les amateurs de caf\u00e9.<br \/>\n<strong>Ingr\u00e9dients cl\u00e9s<\/strong><br \/>\nCaf\u00e9 instantan\u00e9 : Fabriqu\u00e9 \u00e0 partir de grains d'Arabica de qualit\u00e9.<br \/>\nCr\u00e8me non laiti\u00e8re : Apporte une texture riche et soyeuse, souvent d'origine v\u00e9g\u00e9tale (comme la s\u00e8ve\/graisse de palme).<br \/>\nExtrait de Ganoderma Lucidum : champignon m\u00e9dicinal connu pour son soutien immunitaire, son \u00e9nergie et sa d\u00e9toxification.<br \/>\n<strong>Principales caract\u00e9ristiques et avantages<\/strong><br \/>\nCr\u00e9meux et onctueux : Offre une texture riche et soyeuse et un ar\u00f4me d\u00e9licieux.<br \/>\nSans sucre ajout\u00e9 : Souvent \u00e9dulcor\u00e9s avec des alternatives naturelles ou non \u00e9dulcor\u00e9s, pour r\u00e9pondre aux besoins des consommateurs soucieux de leur consommation de sucre.<br \/>\nAvantages pour la sant\u00e9 : Le ganoderma peut favoriser la sant\u00e9 immunitaire, la digestion et la vitalit\u00e9 g\u00e9n\u00e9rale.<br \/>\nPratique : Pr\u00e9sent\u00e9 en sachets \u00e0 usage unique, il suffit de le m\u00e9langer \u00e0 de l'eau chaude.<br \/>\nAlcalin : Moins acide que le caf\u00e9 ordinaire, potentiellement meilleur pour la digestion.<br \/>\n<strong>\u00c0 qui s'adresse-t-il ?<\/strong><br \/>\nLes personnes qui appr\u00e9cient un caf\u00e9 cr\u00e9meux et onctueux mais qui souhaitent r\u00e9duire leur consommation de sucre.<br \/>\nLes personnes qui recherchent les bienfaits du champignon Ganoderma pour la sant\u00e9.<br \/>\nLes personnes \u00e0 la recherche d'un caf\u00e9 pratique, rapide et potentiellement plus sain.<\/p>","protected":false},"excerpt":{"rendered":"<p>DXN Cream Coffee est un m\u00e9lange de caf\u00e9 instantan\u00e9 populaire de DXN, compos\u00e9 de caf\u00e9 Arabica de qualit\u00e9, de cr\u00e8me non laiti\u00e8re pour l'onctuosit\u00e9, et d'extrait de Ganoderma (champignon Reishi), offrant un go\u00fbt riche, aromatique et cr\u00e9meux avec les bienfaits potentiels du champignon, souvent sans sucre ajout\u00e9, ce qui en fait un choix plus sain, pratique et alcalin pour les amateurs de caf\u00e9.<\/p>","protected":false},"featured_media":7571,"comment_status":"open","ping_status":"closed","template":"","meta":[],"product_brand":[50],"product_cat":[54],"product_tag":[],"class_list":{"0":"post-7184","1":"product","2":"type-product","3":"status-publish","4":"has-post-thumbnail","6":"product_brand-dxn","7":"product_cat-food-beverages","9":"first","10":"instock","11":"taxable","12":"shipping-taxable","13":"purchasable","14":"product-type-simple"},"_links":{"self":[{"href":"https:\/\/nujumsahara.com\/fr\/wp-json\/wp\/v2\/product\/7184","targetHints":{"allow":["GET"]}}],"collection":[{"href":"https:\/\/nujumsahara.com\/fr\/wp-json\/wp\/v2\/product"}],"about":[{"href":"https:\/\/nujumsahara.com\/fr\/wp-json\/wp\/v2\/types\/product"}],"replies":[{"embeddable":true,"href":"https:\/\/nujumsahara.com\/fr\/wp-json\/wp\/v2\/comments?post=7184"}],"wp:featuredmedia":[{"embeddable":true,"href":"https:\/\/nujumsahara.com\/fr\/wp-json\/wp\/v2\/media\/7571"}],"wp:attachment":[{"href":"https:\/\/nujumsahara.com\/fr\/wp-json\/wp\/v2\/media?parent=7184"}],"wp:term":[{"taxonomy":"product_brand","embeddable":true,"href":"https:\/\/nujumsahara.com\/fr\/wp-json\/wp\/v2\/product_brand?post=7184"},{"taxonomy":"product_cat","embeddable":true,"href":"https:\/\/nujumsahara.com\/fr\/wp-json\/wp\/v2\/product_cat?post=7184"},{"taxonomy":"product_tag","embeddable":true,"href":"https:\/\/nujumsahara.com\/fr\/wp-json\/wp\/v2\/product_tag?post=7184"}],"curies":[{"name":"wp","href":"https:\/\/api.w.org\/{rel}","templated":true}]}}