{"id":7185,"date":"2026-02-02T01:38:46","date_gmt":"2026-02-01T21:38:46","guid":{"rendered":"https:\/\/nujumsahara.com\/?post_type=product&#038;p=7185"},"modified":"2026-04-28T20:01:32","modified_gmt":"2026-04-28T16:01:32","slug":"fayha-parfum-pour-femme-50ml","status":"publish","type":"product","link":"https:\/\/nujumsahara.com\/fr\/product\/fayha-perfume-for-women-50ml\/","title":{"rendered":"FAYHA Parfum (pour femmes) 50ml"},"content":{"rendered":"<p>DXN Fayha Perfume for Women est un parfum f\u00e9minin de DXN, connu pour son m\u00e9lange frais, floral et fruit\u00e9 avec des notes de musc, offrant un parfum \u00e9quilibr\u00e9 et rafra\u00eechissant dans d'\u00e9l\u00e9gants flacons de 50 ml (et plus), parfaits pour une utilisation quotidienne ou pour des occasions sp\u00e9ciales, avec des notes comme la poire, la bergamote et l'ozone pour un ar\u00f4me unique et agr\u00e9able.<br \/>\n<strong>Caract\u00e9ristiques principales<\/strong>:<br \/>\nProfil olfactif : Combine des notes fra\u00eeches, florales (comme des fleurs d\u00e9licates) et fruit\u00e9es (poire) avec une base musqu\u00e9e, cr\u00e9ant un ar\u00f4me \u00e9quilibr\u00e9 et agr\u00e9able.<br \/>\nExp\u00e9rience : Vise \u00e0 \u00eatre rafra\u00eechissant et \u00e0 durer tout au long de la journ\u00e9e.<br \/>\nConditionnement : Pr\u00e9sent\u00e9 dans un \u00e9l\u00e9gant flacon en verre de 50 ml (\u00e9galement disponible en 80 ml), il est pratique et portable.<br \/>\nMarque : Fait partie de DXN, une soci\u00e9t\u00e9 qui propose divers produits, notamment des parfums.<br \/>\nUtilisation : Convient aussi bien \u00e0 un usage quotidien qu'\u00e0 des \u00e9v\u00e9nements sp\u00e9ciaux.<br \/>\nIl s'agit essentiellement d'un choix populaire pour les femmes qui recherchent un parfum signature \u00e0 la fois frais et subtilement riche, fabriqu\u00e9 par DXN.<\/p>","protected":false},"excerpt":{"rendered":"<p>DXN Fayha Perfume for Women est un parfum f\u00e9minin de DXN, connu pour son m\u00e9lange frais, floral et fruit\u00e9 avec des notes de musc, offrant un parfum \u00e9quilibr\u00e9 et rafra\u00eechissant dans d'\u00e9l\u00e9gants flacons de 50 ml (et plus), parfaits pour une utilisation quotidienne ou pour des occasions sp\u00e9ciales, avec des notes comme la poire, la bergamote et l'ozone pour un ar\u00f4me unique et agr\u00e9able.<\/p>","protected":false},"featured_media":7572,"comment_status":"open","ping_status":"closed","template":"","meta":[],"product_brand":[50],"product_cat":[52],"product_tag":[],"class_list":{"0":"post-7185","1":"product","2":"type-product","3":"status-publish","4":"has-post-thumbnail","6":"product_brand-dxn","7":"product_cat-skin-care-cosmetics","9":"first","10":"instock","11":"taxable","12":"shipping-taxable","13":"purchasable","14":"product-type-simple"},"_links":{"self":[{"href":"https:\/\/nujumsahara.com\/fr\/wp-json\/wp\/v2\/product\/7185","targetHints":{"allow":["GET"]}}],"collection":[{"href":"https:\/\/nujumsahara.com\/fr\/wp-json\/wp\/v2\/product"}],"about":[{"href":"https:\/\/nujumsahara.com\/fr\/wp-json\/wp\/v2\/types\/product"}],"replies":[{"embeddable":true,"href":"https:\/\/nujumsahara.com\/fr\/wp-json\/wp\/v2\/comments?post=7185"}],"wp:featuredmedia":[{"embeddable":true,"href":"https:\/\/nujumsahara.com\/fr\/wp-json\/wp\/v2\/media\/7572"}],"wp:attachment":[{"href":"https:\/\/nujumsahara.com\/fr\/wp-json\/wp\/v2\/media?parent=7185"}],"wp:term":[{"taxonomy":"product_brand","embeddable":true,"href":"https:\/\/nujumsahara.com\/fr\/wp-json\/wp\/v2\/product_brand?post=7185"},{"taxonomy":"product_cat","embeddable":true,"href":"https:\/\/nujumsahara.com\/fr\/wp-json\/wp\/v2\/product_cat?post=7185"},{"taxonomy":"product_tag","embeddable":true,"href":"https:\/\/nujumsahara.com\/fr\/wp-json\/wp\/v2\/product_tag?post=7185"}],"curies":[{"name":"wp","href":"https:\/\/api.w.org\/{rel}","templated":true}]}}