{"id":7186,"date":"2026-02-02T01:38:46","date_gmt":"2026-02-01T21:38:46","guid":{"rendered":"https:\/\/nujumsahara.com\/?post_type=product&#038;p=7186"},"modified":"2026-03-31T16:44:52","modified_gmt":"2026-03-31T12:44:52","slug":"huile-de-massage-gano","status":"publish","type":"product","link":"https:\/\/nujumsahara.com\/fr\/product\/gano-massage-oil\/","title":{"rendered":"Huile de massage Gano"},"content":{"rendered":"<p>L'huile de massage DXN Gano est une huile corporelle enti\u00e8rement naturelle m\u00e9lang\u00e9e \u00e0 de l'huile de palme de premi\u00e8re qualit\u00e9 et \u00e0 un extrait de Ganoderma lucidum riche en antioxydants, con\u00e7ue pour apaiser les muscles, favoriser la relaxation, soulager les tensions, nourrir la peau et r\u00e9duire l'apparence des rides, ce qui la rend adapt\u00e9e \u00e0 tous les types de peau et \u00e0 tous les \u00e2ges pour une exp\u00e9rience de massage rajeunissante.<br \/>\n<strong>Principales caract\u00e9ristiques et avantages<\/strong>:<br \/>\nFormule naturelle : Contient de l'huile de palme fine et de l'extrait de Ganoderma pour une sensation naturelle.<br \/>\nApaisant et relaxant : aide \u00e0 calmer le corps, \u00e0 soulager le stress et les tensions musculaires, et favorise le bien-\u00eatre g\u00e9n\u00e9ral.<br \/>\nNourrissement de la peau : Hydrate et revitalise la peau, la laissant lisse et rafra\u00eechie.<br \/>\nSoulagement des articulations et des muscles : Peut soulager l'inconfort des muscles vieillissants, des articulations et des douleurs corporelles.<br \/>\nPropri\u00e9t\u00e9s anti-\u00e2ge : L'utilisation quotidienne peut aider \u00e0 r\u00e9duire l'apparence des rides.<br \/>\nUtilisation polyvalente : Glisse en douceur, parfait pour tous les besoins de massage, et convient \u00e0 tous les \u00e2ges et \u00e0 tous les types de peau.<br \/>\n<strong>Comment l'utiliser<\/strong>:<br \/>\nAppliquer d\u00e9licatement l'huile sur la peau pour un massage apaisant et rajeunissant.<\/p>","protected":false},"excerpt":{"rendered":"<p>L'huile de massage DXN Gano est une huile corporelle enti\u00e8rement naturelle m\u00e9lang\u00e9e \u00e0 de l'huile de palme de premi\u00e8re qualit\u00e9 et \u00e0 un extrait de Ganoderma lucidum riche en antioxydants, con\u00e7ue pour apaiser les muscles, favoriser la relaxation, soulager les tensions, nourrir la peau et r\u00e9duire l'apparence des rides, ce qui la rend adapt\u00e9e \u00e0 tous les types de peau et \u00e0 tous les \u00e2ges pour une exp\u00e9rience de massage rajeunissante.<\/p>","protected":false},"featured_media":7574,"comment_status":"open","ping_status":"closed","template":"","meta":[],"product_brand":[50],"product_cat":[52],"product_tag":[],"class_list":{"0":"post-7186","1":"product","2":"type-product","3":"status-publish","4":"has-post-thumbnail","6":"product_brand-dxn","7":"product_cat-skin-care-cosmetics","9":"first","10":"instock","11":"taxable","12":"shipping-taxable","13":"purchasable","14":"product-type-simple"},"_links":{"self":[{"href":"https:\/\/nujumsahara.com\/fr\/wp-json\/wp\/v2\/product\/7186","targetHints":{"allow":["GET"]}}],"collection":[{"href":"https:\/\/nujumsahara.com\/fr\/wp-json\/wp\/v2\/product"}],"about":[{"href":"https:\/\/nujumsahara.com\/fr\/wp-json\/wp\/v2\/types\/product"}],"replies":[{"embeddable":true,"href":"https:\/\/nujumsahara.com\/fr\/wp-json\/wp\/v2\/comments?post=7186"}],"wp:featuredmedia":[{"embeddable":true,"href":"https:\/\/nujumsahara.com\/fr\/wp-json\/wp\/v2\/media\/7574"}],"wp:attachment":[{"href":"https:\/\/nujumsahara.com\/fr\/wp-json\/wp\/v2\/media?parent=7186"}],"wp:term":[{"taxonomy":"product_brand","embeddable":true,"href":"https:\/\/nujumsahara.com\/fr\/wp-json\/wp\/v2\/product_brand?post=7186"},{"taxonomy":"product_cat","embeddable":true,"href":"https:\/\/nujumsahara.com\/fr\/wp-json\/wp\/v2\/product_cat?post=7186"},{"taxonomy":"product_tag","embeddable":true,"href":"https:\/\/nujumsahara.com\/fr\/wp-json\/wp\/v2\/product_tag?post=7186"}],"curies":[{"name":"wp","href":"https:\/\/api.w.org\/{rel}","templated":true}]}}