{"id":7187,"date":"2026-02-02T01:38:47","date_gmt":"2026-02-01T21:38:47","guid":{"rendered":"https:\/\/nujumsahara.com\/?post_type=product&#038;p=7187"},"modified":"2026-04-02T15:48:21","modified_gmt":"2026-04-02T11:48:21","slug":"gano-ananas-mix-ananas-confiture","status":"publish","type":"product","link":"https:\/\/nujumsahara.com\/fr\/product\/gano-pineapple-mixpineapple-jam\/","title":{"rendered":"M\u00e9lange d'ananas Gano"},"content":{"rendered":"<p>La confiture d'ananas DXN est une p\u00e2te \u00e0 tartiner aux fruits tropicaux fabriqu\u00e9e \u00e0 partir de 100% d'ananas pur, enrichie de mani\u00e8re unique avec l'extrait du champignon Ganoderma (myc\u00e9lium), offrant une saveur sucr\u00e9e et exotique parfaite pour les toasts, les g\u00e2teaux et les p\u00e2tisseries, tout en ajoutant les bienfaits potentiels du Ganoderma pour la sant\u00e9.<br \/>\n<strong>Caract\u00e9ristiques principales<\/strong><br \/>\nIngr\u00e9dient unique : Infusion de champignon Ganoderma (Lingzhi), connu pour ses propri\u00e9t\u00e9s b\u00e9n\u00e9fiques pour la sant\u00e9.<br \/>\nPur fruit : Fabriqu\u00e9 \u00e0 partir d'ananas frais de haute qualit\u00e9.<br \/>\nUtilisation polyvalente : Excellent comme p\u00e2te \u00e0 tartiner, garniture pour les produits de boulangerie (brioches, g\u00e2teaux, p\u00e2tisseries), ou comme garniture pour les cr\u00eapes.<br \/>\nProfil gustatif : Doux, tropical et fruit\u00e9 avec un l\u00e9ger go\u00fbt piquant.<br \/>\nSource : DXN : Un produit de DXN, une soci\u00e9t\u00e9 de r\u00e9seau mondial connue pour ses produits alimentaires et de bien-\u00eatre ax\u00e9s sur la sant\u00e9, cette confiture \u00e9tant souvent fabriqu\u00e9e en Malaisie.<br \/>\n<strong>Ingr\u00e9dients<\/strong><br \/>\nAnanas frais<br \/>\nSucre<br \/>\nPectine (\u00e9paississant naturel)<br \/>\nAcide citrique<br \/>\nGanoderma Mycelium (extrait de champignon)<\/p>","protected":false},"excerpt":{"rendered":"<p>La confiture d'ananas DXN est une p\u00e2te \u00e0 tartiner aux fruits tropicaux fabriqu\u00e9e \u00e0 partir de 100% d'ananas pur, enrichie de mani\u00e8re unique avec l'extrait du champignon Ganoderma (myc\u00e9lium), offrant une saveur sucr\u00e9e et exotique parfaite pour les toasts, les g\u00e2teaux et les p\u00e2tisseries, tout en ajoutant les bienfaits potentiels du Ganoderma pour la sant\u00e9.<\/p>","protected":false},"featured_media":7575,"comment_status":"open","ping_status":"closed","template":"","meta":[],"product_brand":[50],"product_cat":[54],"product_tag":[],"class_list":{"0":"post-7187","1":"product","2":"type-product","3":"status-publish","4":"has-post-thumbnail","6":"product_brand-dxn","7":"product_cat-food-beverages","9":"first","10":"instock","11":"taxable","12":"shipping-taxable","13":"purchasable","14":"product-type-simple"},"_links":{"self":[{"href":"https:\/\/nujumsahara.com\/fr\/wp-json\/wp\/v2\/product\/7187","targetHints":{"allow":["GET"]}}],"collection":[{"href":"https:\/\/nujumsahara.com\/fr\/wp-json\/wp\/v2\/product"}],"about":[{"href":"https:\/\/nujumsahara.com\/fr\/wp-json\/wp\/v2\/types\/product"}],"replies":[{"embeddable":true,"href":"https:\/\/nujumsahara.com\/fr\/wp-json\/wp\/v2\/comments?post=7187"}],"wp:featuredmedia":[{"embeddable":true,"href":"https:\/\/nujumsahara.com\/fr\/wp-json\/wp\/v2\/media\/7575"}],"wp:attachment":[{"href":"https:\/\/nujumsahara.com\/fr\/wp-json\/wp\/v2\/media?parent=7187"}],"wp:term":[{"taxonomy":"product_brand","embeddable":true,"href":"https:\/\/nujumsahara.com\/fr\/wp-json\/wp\/v2\/product_brand?post=7187"},{"taxonomy":"product_cat","embeddable":true,"href":"https:\/\/nujumsahara.com\/fr\/wp-json\/wp\/v2\/product_cat?post=7187"},{"taxonomy":"product_tag","embeddable":true,"href":"https:\/\/nujumsahara.com\/fr\/wp-json\/wp\/v2\/product_tag?post=7187"}],"curies":[{"name":"wp","href":"https:\/\/api.w.org\/{rel}","templated":true}]}}