{"id":7189,"date":"2026-02-02T01:38:47","date_gmt":"2026-02-01T21:38:47","guid":{"rendered":"https:\/\/nujumsahara.com\/?post_type=product&#038;p=7189"},"modified":"2026-04-02T15:52:15","modified_gmt":"2026-04-02T11:52:15","slug":"mousse-corporelle-ganozhi","status":"publish","type":"product","link":"https:\/\/nujumsahara.com\/fr\/product\/ganozhi-body-foam\/","title":{"rendered":"Mousse corporelle Ganozhi"},"content":{"rendered":"<p>DXN Ganozhi Body Foam est un nettoyant corporel doux et luxueux, enrichi d'extrait de Ganoderma (champignon Reishi), con\u00e7u pour nettoyer la peau en douceur, \u00e9liminer les impuret\u00e9s et apporter des bienfaits antioxydants sans enlever les huiles naturelles, laissant la peau douce, hydrat\u00e9e et rafra\u00eechie. Il forme une mousse riche et cr\u00e9meuse, adapt\u00e9e \u00e0 tous les types de peau, et vise \u00e0 nourrir et \u00e0 maintenir l'\u00e9quilibre hydrique de la peau, faisant de l'heure du bain une exp\u00e9rience digne d'un spa.<br \/>\n<strong>Principales caract\u00e9ristiques et avantages<\/strong>:<br \/>\nExtrait de Ganoderma : contient l'essence de Ganoderma pour nourrir et prot\u00e9ger contre les radicaux libres.<br \/>\nNettoyage en douceur : Nettoie efficacement sans dess\u00e9cher, en pr\u00e9servant la barri\u00e8re d'hydratation naturelle de la peau.<br \/>\nHydratant et adoucissant : Laisse la peau lisse, douce et confortablement hydrat\u00e9e.<br \/>\nMousse riche : Cr\u00e9e une mousse cr\u00e9meuse pour une douche rafra\u00eechissante.<br \/>\nPour tous les types de peau : Suffisamment doux pour les peaux sensibles ou facilement d\u00e9shydrat\u00e9es.<br \/>\n<strong>Comment l'utiliser<\/strong>:<br \/>\nHumidifier le visage et le corps avec de l'eau chaude.<br \/>\nAppliquer une petite quantit\u00e9 sur les mains ou sur un luffa.<br \/>\nMasser doucement en mouvements circulaires.<br \/>\nRincer abondamment \u00e0 l'eau ti\u00e8de.<br \/>\nS\u00e9cher la peau en tapotant doucement avec une serviette.<\/p>","protected":false},"excerpt":{"rendered":"<p>DXN Ganozhi Body Foam est un nettoyant corporel doux et luxueux, enrichi d'extrait de Ganoderma (champignon Reishi), con\u00e7u pour nettoyer la peau en douceur, \u00e9liminer les impuret\u00e9s et apporter des bienfaits antioxydants sans enlever les huiles naturelles, laissant la peau douce, hydrat\u00e9e et rafra\u00eechie. Il forme une mousse riche et cr\u00e9meuse, adapt\u00e9e \u00e0 tous les types de peau, et vise \u00e0 nourrir et \u00e0 maintenir l'\u00e9quilibre hydrique de la peau, faisant de l'heure du bain une exp\u00e9rience digne d'un spa.<\/p>","protected":false},"featured_media":7578,"comment_status":"open","ping_status":"closed","template":"","meta":[],"product_brand":[50],"product_cat":[55],"product_tag":[],"class_list":{"0":"post-7189","1":"product","2":"type-product","3":"status-publish","4":"has-post-thumbnail","6":"product_brand-dxn","7":"product_cat-personal-care","9":"first","10":"instock","11":"taxable","12":"shipping-taxable","13":"purchasable","14":"product-type-simple"},"_links":{"self":[{"href":"https:\/\/nujumsahara.com\/fr\/wp-json\/wp\/v2\/product\/7189","targetHints":{"allow":["GET"]}}],"collection":[{"href":"https:\/\/nujumsahara.com\/fr\/wp-json\/wp\/v2\/product"}],"about":[{"href":"https:\/\/nujumsahara.com\/fr\/wp-json\/wp\/v2\/types\/product"}],"replies":[{"embeddable":true,"href":"https:\/\/nujumsahara.com\/fr\/wp-json\/wp\/v2\/comments?post=7189"}],"wp:featuredmedia":[{"embeddable":true,"href":"https:\/\/nujumsahara.com\/fr\/wp-json\/wp\/v2\/media\/7578"}],"wp:attachment":[{"href":"https:\/\/nujumsahara.com\/fr\/wp-json\/wp\/v2\/media?parent=7189"}],"wp:term":[{"taxonomy":"product_brand","embeddable":true,"href":"https:\/\/nujumsahara.com\/fr\/wp-json\/wp\/v2\/product_brand?post=7189"},{"taxonomy":"product_cat","embeddable":true,"href":"https:\/\/nujumsahara.com\/fr\/wp-json\/wp\/v2\/product_cat?post=7189"},{"taxonomy":"product_tag","embeddable":true,"href":"https:\/\/nujumsahara.com\/fr\/wp-json\/wp\/v2\/product_tag?post=7189"}],"curies":[{"name":"wp","href":"https:\/\/api.w.org\/{rel}","templated":true}]}}