{"id":7190,"date":"2026-02-02T01:38:47","date_gmt":"2026-02-01T21:38:47","guid":{"rendered":"https:\/\/nujumsahara.com\/?post_type=product&#038;p=7190"},"modified":"2026-04-02T16:24:46","modified_gmt":"2026-04-02T12:24:46","slug":"kit-de-voyage-ganozhi-complete-skin-care-series","status":"publish","type":"product","link":"https:\/\/nujumsahara.com\/fr\/product\/ganozhi-complete-skin-care-series-travel-kit\/","title":{"rendered":"Kit de voyage Ganozhi Complete Skin Care Series"},"content":{"rendered":"<p>Le kit de voyage DXN Ganozhi Complete Skin Care Series est un ensemble pratique et portable de produits de soins de la peau de taille mini, comprenant des \u00e9l\u00e9ments essentiels tels qu'un nettoyant liquide, un tonique et une \u00e9mulsion hydratante, tous infus\u00e9s d'extrait de Ganoderma lucidum (champignon Reishi), con\u00e7us pour une utilisation en d\u00e9placement afin de maintenir la sant\u00e9 et la nutrition de la peau. Il s'agit d'une routine de base compl\u00e8te con\u00e7ue pour les voyages, qui vous permet de nettoyer, de tonifier et d'hydrater votre peau n'importe o\u00f9.<br \/>\n<strong>Ce qu'il y a \u00e0 l'int\u00e9rieur<\/strong>:<br \/>\nNettoyant liquide Ganozhi (30ml) : Une mani\u00e8re douce d'\u00e9liminer les impuret\u00e9s.<br \/>\nTonique Ganozhi (30ml) : Aide \u00e0 \u00e9quilibrer le pH de la peau et \u00e0 la pr\u00e9parer \u00e0 l'hydratation.<br \/>\nMicro \u00e9mulsion hydratante Ganozhi (15ml) : Procure une hydratation l\u00e9g\u00e8re.<br \/>\n<strong>Caract\u00e9ristiques principales<\/strong>:<br \/>\nTailles miniatures : Parfait pour les sacs de voyage ou pour essayer la gamme compl\u00e8te de Ganozhi.<br \/>\nInfusion de Ganoderma : Utilise les bienfaits naturels du Ganoderma lucidum pour nourrir la peau.<br \/>\nRoutine compl\u00e8te : Couvre les \u00e9tapes de base du nettoyage, de la tonification et de l'hydratation.<br \/>\n<strong>Objectif<\/strong>:<br \/>\nOffrir une solution de soins de la peau compl\u00e8te et pratique avec les avantages de la ligne Ganozhi de DXN, facilitant les soins de la peau en voyage ou pour une utilisation quotidienne.<\/p>","protected":false},"excerpt":{"rendered":"<p>Le kit de voyage DXN Ganozhi Complete Skin Care Series est un ensemble pratique et portable de produits de soins de la peau de taille mini, comprenant des \u00e9l\u00e9ments essentiels tels qu'un nettoyant liquide, un tonique et une \u00e9mulsion hydratante, tous infus\u00e9s d'extrait de Ganoderma lucidum (champignon Reishi), con\u00e7us pour une utilisation en d\u00e9placement afin de maintenir la sant\u00e9 et la nutrition de la peau. Il s'agit d'une routine de base compl\u00e8te, con\u00e7ue pour les voyages, qui vous permet de nettoyer, de tonifier et d'hydrater votre peau o\u00f9 que vous soyez.<\/p>","protected":false},"featured_media":7579,"comment_status":"open","ping_status":"closed","template":"","meta":[],"product_brand":[50],"product_cat":[52],"product_tag":[],"class_list":{"0":"post-7190","1":"product","2":"type-product","3":"status-publish","4":"has-post-thumbnail","6":"product_brand-dxn","7":"product_cat-skin-care-cosmetics","9":"first","10":"instock","11":"taxable","12":"shipping-taxable","13":"purchasable","14":"product-type-simple"},"_links":{"self":[{"href":"https:\/\/nujumsahara.com\/fr\/wp-json\/wp\/v2\/product\/7190","targetHints":{"allow":["GET"]}}],"collection":[{"href":"https:\/\/nujumsahara.com\/fr\/wp-json\/wp\/v2\/product"}],"about":[{"href":"https:\/\/nujumsahara.com\/fr\/wp-json\/wp\/v2\/types\/product"}],"replies":[{"embeddable":true,"href":"https:\/\/nujumsahara.com\/fr\/wp-json\/wp\/v2\/comments?post=7190"}],"wp:featuredmedia":[{"embeddable":true,"href":"https:\/\/nujumsahara.com\/fr\/wp-json\/wp\/v2\/media\/7579"}],"wp:attachment":[{"href":"https:\/\/nujumsahara.com\/fr\/wp-json\/wp\/v2\/media?parent=7190"}],"wp:term":[{"taxonomy":"product_brand","embeddable":true,"href":"https:\/\/nujumsahara.com\/fr\/wp-json\/wp\/v2\/product_brand?post=7190"},{"taxonomy":"product_cat","embeddable":true,"href":"https:\/\/nujumsahara.com\/fr\/wp-json\/wp\/v2\/product_cat?post=7190"},{"taxonomy":"product_tag","embeddable":true,"href":"https:\/\/nujumsahara.com\/fr\/wp-json\/wp\/v2\/product_tag?post=7190"}],"curies":[{"name":"wp","href":"https:\/\/api.w.org\/{rel}","templated":true}]}}