{"id":7194,"date":"2026-02-02T01:38:47","date_gmt":"2026-02-01T21:38:47","guid":{"rendered":"https:\/\/nujumsahara.com\/?post_type=product&#038;p=7194"},"modified":"2026-03-07T07:13:49","modified_gmt":"2026-03-07T03:13:49","slug":"rouge-a-levres-ganozhi-rose-nacre","status":"publish","type":"product","link":"https:\/\/nujumsahara.com\/fr\/product\/ganozhi-lipstick-pearly-pink\/","title":{"rendered":"Rouge \u00e0 l\u00e8vres Ganozhi - Rose nacr\u00e9"},"content":{"rendered":"<p>Le rouge \u00e0 l\u00e8vres DXN Ganozhi est un rouge \u00e0 l\u00e8vres hydratant de DXN connu pour apporter une brillance et une couleur naturelles gr\u00e2ce \u00e0 des ingr\u00e9dients nourrissants tels que l'extrait d'aloe vera, le beurre de karit\u00e9 et la vitamine E. Il donne aux l\u00e8vres une sensation de douceur, de souplesse et de confort et s'applique en douceur pour un aspect brillant et sain, et il est souvent mis en avant pour son manque de plomb.<br \/>\n<strong>Principales caract\u00e9ristiques et avantages<\/strong>:<br \/>\nHydratation et hydratation : Contient de l'aloe vera, du beurre de karit\u00e9 et de la vitamine E pour apaiser, hydrater et prot\u00e9ger les l\u00e8vres s\u00e8ches.<br \/>\nFinition lumineuse : Apporte une brillance et un \u00e9clat subtils et naturels pour des l\u00e8vres \u00e9clatantes.<br \/>\nApplication douce : Glisse facilement sur les l\u00e8vres pour un confort coussin\u00e9.<br \/>\nApparence saine des l\u00e8vres : Aide \u00e0 am\u00e9liorer l'apparence des l\u00e8vres assombries ou gerc\u00e9es, en favorisant la douceur et l'\u00e9lasticit\u00e9.<br \/>\nSans plomb : Commercialis\u00e9 comme exempt de m\u00e9taux lourds toxiques tels que le plomb.<br \/>\nTeintes : Disponible en diff\u00e9rentes teintes, notamment rouge nacr\u00e9, rose nacr\u00e9, raisin nacr\u00e9 et rouge coco.<br \/>\n<strong>\u00c0 qui s'adresse-t-il ?<\/strong>:<br \/>\nLes personnes qui recherchent un rouge \u00e0 l\u00e8vres hydratant avec un fini naturel et brillant.<br \/>\nLes personnes \u00e0 la recherche d'un rouge \u00e0 l\u00e8vres qui prenne \u00e9galement soin de leurs l\u00e8vres.<br \/>\nUtilisateurs souhaitant \u00e9viter les rouges \u00e0 l\u00e8vres contenant du plomb<\/p>","protected":false},"excerpt":{"rendered":"<p>Le rouge \u00e0 l\u00e8vres DXN Ganozhi est un rouge \u00e0 l\u00e8vres hydratant de DXN connu pour apporter une brillance et une couleur naturelles gr\u00e2ce \u00e0 des ingr\u00e9dients nourrissants tels que l'extrait d'aloe vera, le beurre de karit\u00e9 et la vitamine E. Il donne aux l\u00e8vres une sensation de douceur, de souplesse et de confort et s'applique en douceur pour un aspect brillant et sain, et il est souvent mis en avant pour son manque de plomb.<\/p>","protected":false},"featured_media":7583,"comment_status":"open","ping_status":"closed","template":"","meta":[],"product_brand":[50],"product_cat":[52],"product_tag":[],"class_list":{"0":"post-7194","1":"product","2":"type-product","3":"status-publish","4":"has-post-thumbnail","6":"product_brand-dxn","7":"product_cat-skin-care-cosmetics","9":"first","10":"instock","11":"taxable","12":"shipping-taxable","13":"purchasable","14":"product-type-simple"},"_links":{"self":[{"href":"https:\/\/nujumsahara.com\/fr\/wp-json\/wp\/v2\/product\/7194","targetHints":{"allow":["GET"]}}],"collection":[{"href":"https:\/\/nujumsahara.com\/fr\/wp-json\/wp\/v2\/product"}],"about":[{"href":"https:\/\/nujumsahara.com\/fr\/wp-json\/wp\/v2\/types\/product"}],"replies":[{"embeddable":true,"href":"https:\/\/nujumsahara.com\/fr\/wp-json\/wp\/v2\/comments?post=7194"}],"wp:featuredmedia":[{"embeddable":true,"href":"https:\/\/nujumsahara.com\/fr\/wp-json\/wp\/v2\/media\/7583"}],"wp:attachment":[{"href":"https:\/\/nujumsahara.com\/fr\/wp-json\/wp\/v2\/media?parent=7194"}],"wp:term":[{"taxonomy":"product_brand","embeddable":true,"href":"https:\/\/nujumsahara.com\/fr\/wp-json\/wp\/v2\/product_brand?post=7194"},{"taxonomy":"product_cat","embeddable":true,"href":"https:\/\/nujumsahara.com\/fr\/wp-json\/wp\/v2\/product_cat?post=7194"},{"taxonomy":"product_tag","embeddable":true,"href":"https:\/\/nujumsahara.com\/fr\/wp-json\/wp\/v2\/product_tag?post=7194"}],"curies":[{"name":"wp","href":"https:\/\/api.w.org\/{rel}","templated":true}]}}