{"id":7196,"date":"2026-02-02T01:38:47","date_gmt":"2026-02-01T21:38:47","guid":{"rendered":"https:\/\/nujumsahara.com\/?post_type=product&#038;p=7196"},"modified":"2026-03-07T07:13:57","modified_gmt":"2026-03-07T03:13:57","slug":"nettoyant-liquide-ganozhi","status":"publish","type":"product","link":"https:\/\/nujumsahara.com\/fr\/product\/ganozhi-liquid-cleanser\/","title":{"rendered":"Nettoyant liquide Ganozhi"},"content":{"rendered":"<p>DXN Ganozhi Liquid Cleanser est un nettoyant doux et rafra\u00eechissant pour le visage de la marque malaisienne DXN, formul\u00e9 avec des ingr\u00e9dients naturels tels que l'extrait de Ganoderma, la levure et le panth\u00e9nol pour nettoyer les pores en profondeur, hydrater et laisser la peau propre, douce et revitalis\u00e9e, convenant \u00e0 tous les types de peau. Il est con\u00e7u pour un nettoyage rapide, \u00e9liminant les impuret\u00e9s sans enlever les huiles naturelles, et aide \u00e0 maintenir une peau saine.<br \/>\n<strong>Principales caract\u00e9ristiques et avantages<\/strong>:<br \/>\nNettoyage en profondeur : Nettoie efficacement les pores, en \u00e9liminant la salet\u00e9 et le s\u00e9bum.<br \/>\nDoux et rafra\u00eechissant : laisse une sensation de propret\u00e9 et de fra\u00eecheur sur la peau, sans la dess\u00e9cher.<br \/>\nIngr\u00e9dients nourrissants : Contient de l'extrait de Ganoderma, de l'extrait de Fagus sylvatica, de la levure et du panth\u00e9nol.<br \/>\nHydratant : Aide \u00e0 hydrater et \u00e0 nourrir la peau.<br \/>\nTous types de peau : Convient \u00e0 tous les types de peau.<br \/>\nFormule \u00e0 base de plantes : Vise \u00e0 fournir des soins naturels \u00e0 la peau.<br \/>\n<strong>Comment cela fonctionne-t-il ?<\/strong>:<br \/>\nIl exerce une action nettoyante rapide, en agissant en profondeur dans les pores pour purifier la peau tout en pr\u00e9servant son hydratation naturelle, ce qui rend la peau plus lisse et plus douce.<\/p>","protected":false},"excerpt":{"rendered":"<p>DXN Ganozhi Liquid Cleanser est un nettoyant doux et rafra\u00eechissant pour le visage de la marque malaisienne DXN, formul\u00e9 avec des ingr\u00e9dients naturels tels que l'extrait de Ganoderma, la levure et le panth\u00e9nol pour nettoyer les pores en profondeur, hydrater et laisser la peau propre, douce et revitalis\u00e9e, convenant \u00e0 tous les types de peau. Il est con\u00e7u pour un nettoyage rapide, \u00e9liminant les impuret\u00e9s sans enlever les huiles naturelles, et aide \u00e0 maintenir une peau saine.<\/p>","protected":false},"featured_media":7585,"comment_status":"open","ping_status":"closed","template":"","meta":[],"product_brand":[50],"product_cat":[52],"product_tag":[],"class_list":{"0":"post-7196","1":"product","2":"type-product","3":"status-publish","4":"has-post-thumbnail","6":"product_brand-dxn","7":"product_cat-skin-care-cosmetics","9":"first","10":"instock","11":"taxable","12":"shipping-taxable","13":"purchasable","14":"product-type-simple"},"_links":{"self":[{"href":"https:\/\/nujumsahara.com\/fr\/wp-json\/wp\/v2\/product\/7196","targetHints":{"allow":["GET"]}}],"collection":[{"href":"https:\/\/nujumsahara.com\/fr\/wp-json\/wp\/v2\/product"}],"about":[{"href":"https:\/\/nujumsahara.com\/fr\/wp-json\/wp\/v2\/types\/product"}],"replies":[{"embeddable":true,"href":"https:\/\/nujumsahara.com\/fr\/wp-json\/wp\/v2\/comments?post=7196"}],"wp:featuredmedia":[{"embeddable":true,"href":"https:\/\/nujumsahara.com\/fr\/wp-json\/wp\/v2\/media\/7585"}],"wp:attachment":[{"href":"https:\/\/nujumsahara.com\/fr\/wp-json\/wp\/v2\/media?parent=7196"}],"wp:term":[{"taxonomy":"product_brand","embeddable":true,"href":"https:\/\/nujumsahara.com\/fr\/wp-json\/wp\/v2\/product_brand?post=7196"},{"taxonomy":"product_cat","embeddable":true,"href":"https:\/\/nujumsahara.com\/fr\/wp-json\/wp\/v2\/product_cat?post=7196"},{"taxonomy":"product_tag","embeddable":true,"href":"https:\/\/nujumsahara.com\/fr\/wp-json\/wp\/v2\/product_tag?post=7196"}],"curies":[{"name":"wp","href":"https:\/\/api.w.org\/{rel}","templated":true}]}}