{"id":7197,"date":"2026-02-02T01:38:47","date_gmt":"2026-02-01T21:38:47","guid":{"rendered":"https:\/\/nujumsahara.com\/?post_type=product&#038;p=7197"},"modified":"2026-04-02T15:56:14","modified_gmt":"2026-04-02T11:56:14","slug":"micro-emulsion-hydratante-ganozhi","status":"publish","type":"product","link":"https:\/\/nujumsahara.com\/fr\/product\/ganozhi-moisturizing-micro-emulsion\/","title":{"rendered":"Micro \u00e9mulsion hydratante Ganozhi"},"content":{"rendered":"<p>DXN Ganozhi Moisturizing Micro Emulsion est un hydratant l\u00e9ger et avanc\u00e9 pour la peau qui utilise la nanotechnologie pour une absorption en profondeur. Il contient du ganoderma, du ginseng et de la vitamine E pour nourrir, lisser et prot\u00e9ger la peau, la rendant radieuse et douce en d\u00e9livrant rapidement des ingr\u00e9dients actifs par le biais de particules de taille nanom\u00e9trique. Il agit comme un hydratant l\u00e9ger, scellant l'hydratation et formant une barri\u00e8re protectrice contre les facteurs de stress environnementaux. Il convient \u00e0 tous les types de peau et fait partie de la ligne de soins botaniques de DXN.<br \/>\n<strong>Principales caract\u00e9ristiques et avantages<\/strong>:<br \/>\nNanotechnologie : Utilise de minuscules particules pour p\u00e9n\u00e9trer la peau plus rapidement et plus efficacement.<br \/>\nHydratation en profondeur : Hydrate durablement sans alourdir la peau.<br \/>\nIngr\u00e9dients nourrissants : Contient de l'extrait de Ganoderma, de l'extrait de Fagus sylvatica (bourgeon de h\u00eatre), de l'extrait de ginseng, de l'extrait d'arnica et de la vitamine E.<br \/>\nBarri\u00e8re protectrice : aide \u00e0 prot\u00e9ger la peau des dommages caus\u00e9s par l'environnement.<br \/>\n\u00c9clat de la peau : Laisse la peau lisse, douce et \u00e9clatante.<br \/>\nSensation de l\u00e9g\u00e8ret\u00e9 : une \u00e9mulsion est plus l\u00e9g\u00e8re qu'une cr\u00e8me traditionnelle, id\u00e9ale pour les superpositions.<br \/>\n<strong>Comment cela fonctionne-t-il ?<\/strong>:<br \/>\nLa formule de la micro-\u00e9mulsion lui permet de fonctionner comme une \u00e9tape apr\u00e8s le tonique (ou parfois \u00e0 la place d'une cr\u00e8me hydratante plus lourde) pour d\u00e9livrer des substances botaniques b\u00e9n\u00e9fiques en profondeur dans la peau, stimuler l'hydratation et am\u00e9liorer la sant\u00e9 de la barri\u00e8re cutan\u00e9e.<\/p>","protected":false},"excerpt":{"rendered":"<p>DXN Ganozhi Moisturizing Micro Emulsion est un hydratant l\u00e9ger et avanc\u00e9 pour la peau qui utilise la nanotechnologie pour une absorption en profondeur. Il contient du ganoderma, du ginseng et de la vitamine E pour nourrir, lisser et prot\u00e9ger la peau, la rendant radieuse et douce en d\u00e9livrant rapidement des ingr\u00e9dients actifs par le biais de particules de taille nanom\u00e9trique. Il agit comme un hydratant l\u00e9ger, scellant l'hydratation et formant une barri\u00e8re protectrice contre les facteurs de stress environnementaux. Il convient \u00e0 tous les types de peau et fait partie de la ligne de soins botaniques de DXN.<\/p>","protected":false},"featured_media":7586,"comment_status":"open","ping_status":"closed","template":"","meta":[],"product_brand":[50],"product_cat":[52],"product_tag":[],"class_list":{"0":"post-7197","1":"product","2":"type-product","3":"status-publish","4":"has-post-thumbnail","6":"product_brand-dxn","7":"product_cat-skin-care-cosmetics","9":"first","10":"instock","11":"taxable","12":"shipping-taxable","13":"purchasable","14":"product-type-simple"},"_links":{"self":[{"href":"https:\/\/nujumsahara.com\/fr\/wp-json\/wp\/v2\/product\/7197","targetHints":{"allow":["GET"]}}],"collection":[{"href":"https:\/\/nujumsahara.com\/fr\/wp-json\/wp\/v2\/product"}],"about":[{"href":"https:\/\/nujumsahara.com\/fr\/wp-json\/wp\/v2\/types\/product"}],"replies":[{"embeddable":true,"href":"https:\/\/nujumsahara.com\/fr\/wp-json\/wp\/v2\/comments?post=7197"}],"wp:featuredmedia":[{"embeddable":true,"href":"https:\/\/nujumsahara.com\/fr\/wp-json\/wp\/v2\/media\/7586"}],"wp:attachment":[{"href":"https:\/\/nujumsahara.com\/fr\/wp-json\/wp\/v2\/media?parent=7197"}],"wp:term":[{"taxonomy":"product_brand","embeddable":true,"href":"https:\/\/nujumsahara.com\/fr\/wp-json\/wp\/v2\/product_brand?post=7197"},{"taxonomy":"product_cat","embeddable":true,"href":"https:\/\/nujumsahara.com\/fr\/wp-json\/wp\/v2\/product_cat?post=7197"},{"taxonomy":"product_tag","embeddable":true,"href":"https:\/\/nujumsahara.com\/fr\/wp-json\/wp\/v2\/product_tag?post=7197"}],"curies":[{"name":"wp","href":"https:\/\/api.w.org\/{rel}","templated":true}]}}