{"id":7198,"date":"2026-02-02T01:38:47","date_gmt":"2026-02-01T21:38:47","guid":{"rendered":"https:\/\/nujumsahara.com\/?post_type=product&#038;p=7198"},"modified":"2026-04-02T15:56:46","modified_gmt":"2026-04-02T11:56:46","slug":"ganozhi-plus-shampooing","status":"publish","type":"product","link":"https:\/\/nujumsahara.com\/fr\/product\/ganozhi-plus-shampoo\/","title":{"rendered":"Shampooing Ganozhi Plus"},"content":{"rendered":"<p>Le shampooing DXN Ganozhi Plus est un produit de soin capillaire au pH \u00e9quilibr\u00e9, enrichi d'extrait de ganoderma et de vitamine B5, con\u00e7u pour nourrir, renforcer et faire briller tous les types de cheveux, tout en \u00e9tant exempt de produits chimiques agressifs tels que le SLES, le SLS et les parab\u00e8nes, laissant les cheveux doux, brillants et sains.<br \/>\n<strong>Principales caract\u00e9ristiques et avantages<\/strong>:<br \/>\nFormule enrichie : Contient de l'extrait de ganoderma pour nourrir les cheveux et de la vitamine B5 (panth\u00e9nol) pour les revitaliser.<br \/>\nDoux et s\u00fbr : Formul\u00e9 sans colorant artificiel, SLES, SLS ou parab\u00e8ne, il est doux pour un usage quotidien.<br \/>\npH \u00e9quilibr\u00e9 : Convient \u00e0 tous les types de cheveux et pr\u00e9serve la sant\u00e9 du cuir chevelu.<br \/>\nNourrit et renforce : Aide \u00e0 r\u00e9tablir l'hydratation naturelle, nourrit en profondeur \u00e0 partir des racines et pr\u00e9vient la chute des cheveux.<br \/>\nApporte de la brillance : Les cheveux paraissent sains, brillants, soyeux et doux.<br \/>\n<strong>Comment cela fonctionne-t-il ?<\/strong>:<br \/>\nExtrait de ganoderma : ingr\u00e9dient naturel connu pour ses propri\u00e9t\u00e9s b\u00e9n\u00e9fiques, utilis\u00e9 pour revitaliser les cheveux.<br \/>\nVitamine B5 : aide \u00e0 hydrater et \u00e0 renforcer les m\u00e8ches de cheveux.<br \/>\nConditionneur de cheveux : Ajout\u00e9 pour apporter douceur et brillance.<br \/>\nIl s'agit essentiellement d'un shampooing nourrissant qui vise \u00e0 am\u00e9liorer la sant\u00e9, la force et l'apparence des cheveux de mani\u00e8re naturelle.<\/p>","protected":false},"excerpt":{"rendered":"<p>Le shampooing DXN Ganozhi Plus est un produit de soin capillaire au pH \u00e9quilibr\u00e9, enrichi d'extrait de ganoderma et de vitamine B5, con\u00e7u pour nourrir, renforcer et faire briller tous les types de cheveux, tout en \u00e9tant exempt de produits chimiques agressifs tels que le SLES, le SLS et les parab\u00e8nes, laissant les cheveux doux, brillants et sains.<\/p>","protected":false},"featured_media":7587,"comment_status":"open","ping_status":"closed","template":"","meta":[],"product_brand":[50],"product_cat":[55],"product_tag":[],"class_list":{"0":"post-7198","1":"product","2":"type-product","3":"status-publish","4":"has-post-thumbnail","6":"product_brand-dxn","7":"product_cat-personal-care","9":"first","10":"instock","11":"taxable","12":"shipping-taxable","13":"purchasable","14":"product-type-simple"},"_links":{"self":[{"href":"https:\/\/nujumsahara.com\/fr\/wp-json\/wp\/v2\/product\/7198","targetHints":{"allow":["GET"]}}],"collection":[{"href":"https:\/\/nujumsahara.com\/fr\/wp-json\/wp\/v2\/product"}],"about":[{"href":"https:\/\/nujumsahara.com\/fr\/wp-json\/wp\/v2\/types\/product"}],"replies":[{"embeddable":true,"href":"https:\/\/nujumsahara.com\/fr\/wp-json\/wp\/v2\/comments?post=7198"}],"wp:featuredmedia":[{"embeddable":true,"href":"https:\/\/nujumsahara.com\/fr\/wp-json\/wp\/v2\/media\/7587"}],"wp:attachment":[{"href":"https:\/\/nujumsahara.com\/fr\/wp-json\/wp\/v2\/media?parent=7198"}],"wp:term":[{"taxonomy":"product_brand","embeddable":true,"href":"https:\/\/nujumsahara.com\/fr\/wp-json\/wp\/v2\/product_brand?post=7198"},{"taxonomy":"product_cat","embeddable":true,"href":"https:\/\/nujumsahara.com\/fr\/wp-json\/wp\/v2\/product_cat?post=7198"},{"taxonomy":"product_tag","embeddable":true,"href":"https:\/\/nujumsahara.com\/fr\/wp-json\/wp\/v2\/product_tag?post=7198"}],"curies":[{"name":"wp","href":"https:\/\/api.w.org\/{rel}","templated":true}]}}