{"id":7200,"date":"2026-02-02T01:38:47","date_gmt":"2026-02-01T21:38:47","guid":{"rendered":"https:\/\/nujumsahara.com\/?post_type=product&#038;p=7200"},"modified":"2026-03-07T07:13:57","modified_gmt":"2026-03-07T03:13:57","slug":"ganozhi-plus-dentifrice-4x40g","status":"publish","type":"product","link":"https:\/\/nujumsahara.com\/fr\/product\/ganozhi-plus-toothpaste-4x40g\/","title":{"rendered":"Ganozhi Plus Dentifrice 4X40g"},"content":{"rendered":"<p>Le dentifrice DXN Ganozhi Plus est un produit d'hygi\u00e8ne bucco-dentaire naturel de DXN, enrichi en extrait de Ganoderma lucidum (un champignon m\u00e9dicinal) et en xylitol, offrant des avantages suppl\u00e9mentaires tels qu'une haleine fra\u00eeche, des gencives plus saines et une protection contre les caries, tout en \u00e9tant exempt de fluor, de colorants artificiels, de SLES, de SLS et de parab\u00e8nes. Il est souvent utilis\u00e9 de mani\u00e8re topique pour des probl\u00e8mes de peau mineurs.<br \/>\n<strong>Principaux ingr\u00e9dients et caract\u00e9ristiques<\/strong>:<br \/>\nExtrait de Ganoderma lucidum : fournit des avantages nutritionnels pour les gencives et les dents.<br \/>\nXylitol : Un \u00e9dulcorant naturel qui aide \u00e0 pr\u00e9server la sant\u00e9 bucco-dentaire.<br \/>\nMenthol : Pour un go\u00fbt frais et menthol\u00e9 et une haleine fra\u00eeche de longue dur\u00e9e.<br \/>\nSans produits chimiques agressifs : Sans colorants artificiels, SLES, SLS, parab\u00e8nes ou fluorure.<br \/>\n<strong>Avantages<\/strong>:<br \/>\nNettoie efficacement les dents et rafra\u00eechit l'haleine.<br \/>\nFavorise des gencives plus saines et des sourires plus \u00e9clatants.<br \/>\nOffre une protection sup\u00e9rieure contre les caries et les probl\u00e8mes de gencives.<br \/>\nPeut \u00eatre utilis\u00e9 localement pour soulager les br\u00fblures mineures, les coupures, les piq\u00fbres d'insectes et les maux de t\u00eate.<br \/>\n<strong>Comment cela fonctionne-t-il ?<\/strong>:<br \/>\nIl associe les soins dentaires traditionnels aux propri\u00e9t\u00e9s v\u00e9g\u00e9tales du Ganoderma pour nourrir les tissus buccaux, pr\u00e9venir les infections et promouvoir l'hygi\u00e8ne bucco-dentaire en g\u00e9n\u00e9ral.<\/p>","protected":false},"excerpt":{"rendered":"<p>Le dentifrice DXN Ganozhi Plus est un produit d'hygi\u00e8ne bucco-dentaire naturel de DXN, enrichi en extrait de Ganoderma lucidum (un champignon m\u00e9dicinal) et en xylitol, offrant des avantages suppl\u00e9mentaires tels qu'une haleine fra\u00eeche, des gencives plus saines et une protection contre les caries, tout en \u00e9tant exempt de fluor, de colorants artificiels, de SLES, de SLS et de parab\u00e8nes. Il est souvent utilis\u00e9 de mani\u00e8re topique pour des probl\u00e8mes de peau mineurs.<\/p>","protected":false},"featured_media":7588,"comment_status":"open","ping_status":"closed","template":"","meta":[],"product_brand":[50],"product_cat":[55],"product_tag":[],"class_list":{"0":"post-7200","1":"product","2":"type-product","3":"status-publish","4":"has-post-thumbnail","6":"product_brand-dxn","7":"product_cat-personal-care","9":"first","10":"instock","11":"taxable","12":"shipping-taxable","13":"purchasable","14":"product-type-simple"},"_links":{"self":[{"href":"https:\/\/nujumsahara.com\/fr\/wp-json\/wp\/v2\/product\/7200","targetHints":{"allow":["GET"]}}],"collection":[{"href":"https:\/\/nujumsahara.com\/fr\/wp-json\/wp\/v2\/product"}],"about":[{"href":"https:\/\/nujumsahara.com\/fr\/wp-json\/wp\/v2\/types\/product"}],"replies":[{"embeddable":true,"href":"https:\/\/nujumsahara.com\/fr\/wp-json\/wp\/v2\/comments?post=7200"}],"wp:featuredmedia":[{"embeddable":true,"href":"https:\/\/nujumsahara.com\/fr\/wp-json\/wp\/v2\/media\/7588"}],"wp:attachment":[{"href":"https:\/\/nujumsahara.com\/fr\/wp-json\/wp\/v2\/media?parent=7200"}],"wp:term":[{"taxonomy":"product_brand","embeddable":true,"href":"https:\/\/nujumsahara.com\/fr\/wp-json\/wp\/v2\/product_brand?post=7200"},{"taxonomy":"product_cat","embeddable":true,"href":"https:\/\/nujumsahara.com\/fr\/wp-json\/wp\/v2\/product_cat?post=7200"},{"taxonomy":"product_tag","embeddable":true,"href":"https:\/\/nujumsahara.com\/fr\/wp-json\/wp\/v2\/product_tag?post=7200"}],"curies":[{"name":"wp","href":"https:\/\/api.w.org\/{rel}","templated":true}]}}