{"id":7201,"date":"2026-02-02T01:38:50","date_gmt":"2026-02-01T21:38:50","guid":{"rendered":"https:\/\/nujumsahara.com\/?post_type=product&#038;p=7201"},"modified":"2026-03-19T04:56:44","modified_gmt":"2026-03-19T00:56:44","slug":"shampooing-ganozhi","status":"publish","type":"product","link":"https:\/\/nujumsahara.com\/fr\/product\/ganozhi-shampoo\/","title":{"rendered":"Shampooing Ganozhi"},"content":{"rendered":"<p>Le shampooing DXN Ganozhi est un nettoyant doux, au pH \u00e9quilibr\u00e9, enrichi d'extrait de champignon Ganoderma et de vitamine B5, con\u00e7u pour nourrir, renforcer et revitaliser tous les types de cheveux, les laissant doux, brillants et sains, sans parab\u00e8nes, SLS ni colorants artificiels. Il vise \u00e0 promouvoir la sant\u00e9 du cuir chevelu, \u00e0 r\u00e9duire la chute des cheveux et \u00e0 am\u00e9liorer leur texture en les nourrissant en profondeur d\u00e8s la racine, ce qui le rend adapt\u00e9 \u00e0 un usage quotidien.<br \/>\n<strong>Principaux ingr\u00e9dients et avantages<\/strong>:<br \/>\nExtrait de Ganoderma : connu pour renforcer les cheveux et favoriser la sant\u00e9 du cuir chevelu.<br \/>\nVitamine B5 (Pro-Vitamine B5) : Nourrit les cheveux, les rend plus doux, plus brillants et plus faciles \u00e0 coiffer.<br \/>\n<strong>Caract\u00e9ristiques<\/strong>:<br \/>\nConvient \u00e0 tous les types de cheveux : Sa formule douce au pH \u00e9quilibr\u00e9 convient \u00e0 tous les types de cheveux.<br \/>\nDoux et s\u00fbr : Sans produits chimiques agressifs comme les parab\u00e8nes, les SLES, les SLS et les colorants artificiels.<br \/>\nNourrissant : nettoie le cuir chevelu en douceur tout en nourrissant en profondeur les racines des cheveux.<br \/>\nRevitalisant : Laisse les cheveux soyeux, doux, brillants et d'apparence saine.<br \/>\nIl s'agit essentiellement d'un shampooing \u00e0 base d'ingr\u00e9dients naturels qui associe les bienfaits des plantes traditionnelles aux besoins modernes en mati\u00e8re de soins capillaires pour des cheveux plus sains et plus forts.<\/p>","protected":false},"excerpt":{"rendered":"<p>Le shampooing DXN Ganozhi est un nettoyant doux, au pH \u00e9quilibr\u00e9, enrichi d'extrait de champignon Ganoderma et de vitamine B5, con\u00e7u pour nourrir, renforcer et revitaliser tous les types de cheveux, les laissant doux, brillants et sains, sans parab\u00e8nes, SLS ni colorants artificiels. Il vise \u00e0 promouvoir la sant\u00e9 du cuir chevelu, \u00e0 r\u00e9duire la chute des cheveux et \u00e0 am\u00e9liorer leur texture en les nourrissant en profondeur d\u00e8s la racine, ce qui le rend adapt\u00e9 \u00e0 un usage quotidien.<\/p>","protected":false},"featured_media":7590,"comment_status":"open","ping_status":"closed","template":"","meta":[],"product_brand":[50],"product_cat":[55],"product_tag":[],"class_list":{"0":"post-7201","1":"product","2":"type-product","3":"status-publish","4":"has-post-thumbnail","6":"product_brand-dxn","7":"product_cat-personal-care","9":"first","10":"instock","11":"taxable","12":"shipping-taxable","13":"purchasable","14":"product-type-simple"},"_links":{"self":[{"href":"https:\/\/nujumsahara.com\/fr\/wp-json\/wp\/v2\/product\/7201","targetHints":{"allow":["GET"]}}],"collection":[{"href":"https:\/\/nujumsahara.com\/fr\/wp-json\/wp\/v2\/product"}],"about":[{"href":"https:\/\/nujumsahara.com\/fr\/wp-json\/wp\/v2\/types\/product"}],"replies":[{"embeddable":true,"href":"https:\/\/nujumsahara.com\/fr\/wp-json\/wp\/v2\/comments?post=7201"}],"wp:featuredmedia":[{"embeddable":true,"href":"https:\/\/nujumsahara.com\/fr\/wp-json\/wp\/v2\/media\/7590"}],"wp:attachment":[{"href":"https:\/\/nujumsahara.com\/fr\/wp-json\/wp\/v2\/media?parent=7201"}],"wp:term":[{"taxonomy":"product_brand","embeddable":true,"href":"https:\/\/nujumsahara.com\/fr\/wp-json\/wp\/v2\/product_brand?post=7201"},{"taxonomy":"product_cat","embeddable":true,"href":"https:\/\/nujumsahara.com\/fr\/wp-json\/wp\/v2\/product_cat?post=7201"},{"taxonomy":"product_tag","embeddable":true,"href":"https:\/\/nujumsahara.com\/fr\/wp-json\/wp\/v2\/product_tag?post=7201"}],"curies":[{"name":"wp","href":"https:\/\/api.w.org\/{rel}","templated":true}]}}