{"id":7203,"date":"2026-02-02T01:38:50","date_gmt":"2026-02-01T21:38:50","guid":{"rendered":"https:\/\/nujumsahara.com\/?post_type=product&#038;p=7203"},"modified":"2026-04-02T15:36:37","modified_gmt":"2026-04-02T11:36:37","slug":"toner-ganozhi","status":"publish","type":"product","link":"https:\/\/nujumsahara.com\/fr\/product\/ganozhi-toner\/","title":{"rendered":"Tonique Ganozhi"},"content":{"rendered":"<p>Le tonique DXN Ganozhi est un produit de soin \u00e0 la texture laiteuse, contenant de l'extrait de Ganoderma et des extraits de fruits (comme la canneberge, le citron, l'orange) pour nettoyer, minimiser les pores, \u00e9quilibrer le pH de la peau et l'hydrater en profondeur, laissant la peau douce, rafra\u00eechie et pr\u00eate pour les \u00e9tapes de soin ult\u00e9rieures. Il vise \u00e0 hydrater, \u00e0 unifier le teint et \u00e0 revitaliser la peau, et constitue un \u00e9l\u00e9ment essentiel de la routine quotidienne apr\u00e8s le nettoyage.<br \/>\n<strong>Principaux ingr\u00e9dients et avantages<\/strong>:<br \/>\nExtrait de Ganoderma Lucidum : connu pour rajeunir la peau.<br \/>\nExtrait de Fagus Sylvatica : aide \u00e0 resserrer et \u00e0 raffermir la peau.<br \/>\nExtraits de fruits (canneberge, citron, etc.) : Fournissent une revitalisation et une hydratation naturelles.<br \/>\nAllanto\u00efne et cera de propolis : Apaisent et hydratent, favorisant l'\u00e9quilibre hydrique.<br \/>\nAgents hydratants : laissent \u00e0 la peau une sensation de douceur et de fra\u00eecheur.<br \/>\n<strong>Comment cela fonctionne-t-il ?<\/strong>:<br \/>\nNettoie et \u00e9quilibre : \u00c9limine les derni\u00e8res impuret\u00e9s et \u00e9quilibre le pH de la peau.<br \/>\nMinimise les pores : Aide \u00e0 r\u00e9duire l'apparence des pores dilat\u00e9s.<br \/>\nP\u00e9n\u00e8tre et unifie le ton : agit en profondeur pour unifier le ton de la peau.<br \/>\nHydrate et rafra\u00eechit : Laisse la peau douce comme du velours et incroyablement rafra\u00eechie.<br \/>\n<strong>Comment l'utiliser<\/strong>:<br \/>\nAppliquer uniform\u00e9ment sur le visage et le cou apr\u00e8s le nettoyage.<br \/>\nUtilisez un disque de coton ou un chiffon pour passer doucement sur la peau.<br \/>\nUtiliser deux fois par jour pour de meilleurs r\u00e9sultats.<\/p>","protected":false},"excerpt":{"rendered":"<p>Le tonique DXN Ganozhi est un produit de soin \u00e0 la texture laiteuse, contenant de l'extrait de Ganoderma et des extraits de fruits (comme la canneberge, le citron, l'orange) pour nettoyer, minimiser les pores, \u00e9quilibrer le pH de la peau et l'hydrater en profondeur, laissant la peau douce, rafra\u00eechie et pr\u00eate pour les \u00e9tapes de soin ult\u00e9rieures. Il vise \u00e0 hydrater, \u00e0 unifier le teint et \u00e0 revitaliser la peau, et constitue un \u00e9l\u00e9ment essentiel de la routine quotidienne apr\u00e8s le nettoyage.<\/p>","protected":false},"featured_media":7593,"comment_status":"open","ping_status":"closed","template":"","meta":[],"product_brand":[50],"product_cat":[52],"product_tag":[],"class_list":{"0":"post-7203","1":"product","2":"type-product","3":"status-publish","4":"has-post-thumbnail","6":"product_brand-dxn","7":"product_cat-skin-care-cosmetics","9":"first","10":"instock","11":"taxable","12":"shipping-taxable","13":"purchasable","14":"product-type-simple"},"_links":{"self":[{"href":"https:\/\/nujumsahara.com\/fr\/wp-json\/wp\/v2\/product\/7203","targetHints":{"allow":["GET"]}}],"collection":[{"href":"https:\/\/nujumsahara.com\/fr\/wp-json\/wp\/v2\/product"}],"about":[{"href":"https:\/\/nujumsahara.com\/fr\/wp-json\/wp\/v2\/types\/product"}],"replies":[{"embeddable":true,"href":"https:\/\/nujumsahara.com\/fr\/wp-json\/wp\/v2\/comments?post=7203"}],"wp:featuredmedia":[{"embeddable":true,"href":"https:\/\/nujumsahara.com\/fr\/wp-json\/wp\/v2\/media\/7593"}],"wp:attachment":[{"href":"https:\/\/nujumsahara.com\/fr\/wp-json\/wp\/v2\/media?parent=7203"}],"wp:term":[{"taxonomy":"product_brand","embeddable":true,"href":"https:\/\/nujumsahara.com\/fr\/wp-json\/wp\/v2\/product_brand?post=7203"},{"taxonomy":"product_cat","embeddable":true,"href":"https:\/\/nujumsahara.com\/fr\/wp-json\/wp\/v2\/product_cat?post=7203"},{"taxonomy":"product_tag","embeddable":true,"href":"https:\/\/nujumsahara.com\/fr\/wp-json\/wp\/v2\/product_tag?post=7203"}],"curies":[{"name":"wp","href":"https:\/\/api.w.org\/{rel}","templated":true}]}}