{"id":7205,"date":"2026-02-02T01:38:50","date_gmt":"2026-02-01T21:38:50","guid":{"rendered":"https:\/\/nujumsahara.com\/?post_type=product&#038;p=7205"},"modified":"2026-03-07T07:14:05","modified_gmt":"2026-03-07T03:14:05","slug":"lemonzhi","status":"publish","type":"product","link":"https:\/\/nujumsahara.com\/fr\/product\/lemonzhi\/","title":{"rendered":"Lemonzhi"},"content":{"rendered":"<p>DXN Lemonzhi est un m\u00e9lange rafra\u00eechissant de th\u00e9 au citron instantan\u00e9 de la soci\u00e9t\u00e9 DXN, m\u00e9lang\u00e9 de mani\u00e8re unique avec de la poudre de th\u00e9 noir et de l'extrait du champignon Ganoderma lucidum (Reishi), offrant une saveur piquante avec des avantages suppl\u00e9mentaires pour la sant\u00e9, con\u00e7u pour \u00e9nergiser et revigorer pour une pause revitalisante ou pour commencer la journ\u00e9e. Il est pr\u00e9sent\u00e9 dans des sachets pratiques et doit \u00eatre m\u00e9lang\u00e9 \u00e0 de l'eau chaude ou ti\u00e8de.<br \/>\n<strong>Caract\u00e9ristiques principales<\/strong>:<br \/>\nIngr\u00e9dients : Poudre de citron, th\u00e9 noir, sucre, acide citrique et extrait de Ganoderma.<br \/>\nProfil de saveur : Piquant, citronn\u00e9 et rafra\u00eechissant.<br \/>\nAvantages : Vise \u00e0 fournir de l'\u00e9nergie, \u00e0 revigorer le cerveau et \u00e0 favoriser le bien-\u00eatre g\u00e9n\u00e9ral gr\u00e2ce aux propri\u00e9t\u00e9s du Ganoderma.<br \/>\nPratique : Disponible en sachets individuels pour une pr\u00e9paration rapide et facile.<br \/>\nUtilisation : M\u00e9langer un sachet \u00e0 de l'eau chaude et d\u00e9guster comme remontant.<br \/>\nIl s'agit essentiellement d'une version saine du th\u00e9 au citron traditionnel, qui incorpore les \u00e9l\u00e9ments naturels du champignon Ganoderma pour une boisson plus \u00e9quilibr\u00e9e et revitalisante.<\/p>","protected":false},"excerpt":{"rendered":"<p>DXN Lemonzhi est un m\u00e9lange rafra\u00eechissant de th\u00e9 au citron instantan\u00e9 de la soci\u00e9t\u00e9 DXN, m\u00e9lang\u00e9 de mani\u00e8re unique avec de la poudre de th\u00e9 noir et de l'extrait du champignon Ganoderma lucidum (Reishi), offrant une saveur piquante avec des avantages suppl\u00e9mentaires pour la sant\u00e9, con\u00e7u pour \u00e9nergiser et revigorer pour une pause revitalisante ou pour commencer la journ\u00e9e. Il est pr\u00e9sent\u00e9 dans des sachets pratiques et doit \u00eatre m\u00e9lang\u00e9 \u00e0 de l'eau chaude ou ti\u00e8de.<\/p>","protected":false},"featured_media":7649,"comment_status":"open","ping_status":"closed","template":"","meta":[],"product_brand":[50],"product_cat":[54],"product_tag":[],"class_list":{"0":"post-7205","1":"product","2":"type-product","3":"status-publish","4":"has-post-thumbnail","6":"product_brand-dxn","7":"product_cat-food-beverages","9":"first","10":"instock","11":"taxable","12":"shipping-taxable","13":"purchasable","14":"product-type-simple"},"_links":{"self":[{"href":"https:\/\/nujumsahara.com\/fr\/wp-json\/wp\/v2\/product\/7205","targetHints":{"allow":["GET"]}}],"collection":[{"href":"https:\/\/nujumsahara.com\/fr\/wp-json\/wp\/v2\/product"}],"about":[{"href":"https:\/\/nujumsahara.com\/fr\/wp-json\/wp\/v2\/types\/product"}],"replies":[{"embeddable":true,"href":"https:\/\/nujumsahara.com\/fr\/wp-json\/wp\/v2\/comments?post=7205"}],"wp:featuredmedia":[{"embeddable":true,"href":"https:\/\/nujumsahara.com\/fr\/wp-json\/wp\/v2\/media\/7649"}],"wp:attachment":[{"href":"https:\/\/nujumsahara.com\/fr\/wp-json\/wp\/v2\/media?parent=7205"}],"wp:term":[{"taxonomy":"product_brand","embeddable":true,"href":"https:\/\/nujumsahara.com\/fr\/wp-json\/wp\/v2\/product_brand?post=7205"},{"taxonomy":"product_cat","embeddable":true,"href":"https:\/\/nujumsahara.com\/fr\/wp-json\/wp\/v2\/product_cat?post=7205"},{"taxonomy":"product_tag","embeddable":true,"href":"https:\/\/nujumsahara.com\/fr\/wp-json\/wp\/v2\/product_tag?post=7205"}],"curies":[{"name":"wp","href":"https:\/\/api.w.org\/{rel}","templated":true}]}}