{"id":7206,"date":"2026-02-02T01:38:50","date_gmt":"2026-02-01T21:38:50","guid":{"rendered":"https:\/\/nujumsahara.com\/?post_type=product&#038;p=7206"},"modified":"2026-04-06T13:19:17","modified_gmt":"2026-04-06T09:19:17","slug":"cafe-noir-lingzhi","status":"publish","type":"product","link":"https:\/\/nujumsahara.com\/fr\/product\/lingzhi-black-coffee\/","title":{"rendered":"Caf\u00e9 noir Lingzhi"},"content":{"rendered":"<p>DXN Lingzhi Black Coffee est un m\u00e9lange de caf\u00e9 instantan\u00e9 populaire de DXN, compos\u00e9 de grains de caf\u00e9 de qualit\u00e9 sup\u00e9rieure auxquels est ajout\u00e9 un extrait de Ganoderma lucidum (champignon Reishi), offrant un go\u00fbt riche et audacieux sans sucre, con\u00e7u pour les consommateurs soucieux de leur sant\u00e9 qui recherchent un regain d'\u00e9nergie et les bienfaits de l'extrait de champignon pour leur bien-\u00eatre. Il s'agit d'un produit 2 en 1 (caf\u00e9 + Ganoderma), pratique et commercialis\u00e9 pour ses ingr\u00e9dients naturels et ses effets b\u00e9n\u00e9fiques potentiels sur la sant\u00e9.<br \/>\n<strong>Caract\u00e9ristiques principales<\/strong>:<br \/>\nIngr\u00e9dients : Caf\u00e9 instantan\u00e9, grains de caf\u00e9 de qualit\u00e9 sup\u00e9rieure et extrait de Ganoderma lucidum (champignon Reishi).<br \/>\nProfil de saveur : Riche, gras et aromatique, avec une torr\u00e9faction fonc\u00e9e.<br \/>\nAx\u00e9 sur la sant\u00e9 : Sans sucre, sans colorants artificiels ni conservateurs, contenant des extraits de champignons b\u00e9n\u00e9fiques.<br \/>\nFormat : Poudre instantan\u00e9e, g\u00e9n\u00e9ralement en sachets pratiques.<br \/>\nAvantages : Commercialis\u00e9 pour l'\u00e9nergie naturelle, la concentration, la d\u00e9sintoxication et l'\u00e9quilibrage des niveaux de pH, selon eBay.<br \/>\n<strong>\u00c0 qui s'adresse-t-il ?<\/strong>?<br \/>\nIl est id\u00e9al pour les personnes modernes \u00e0 la recherche d'un caf\u00e9 rapide et sain qui combine le plaisir du vrai caf\u00e9 avec les avantages potentiels du Ganoderma pour la sant\u00e9.<\/p>","protected":false},"excerpt":{"rendered":"<p>DXN Lingzhi Black Coffee est un m\u00e9lange de caf\u00e9 instantan\u00e9 populaire de DXN, compos\u00e9 de grains de caf\u00e9 de premi\u00e8re qualit\u00e9 auxquels est ajout\u00e9 un extrait de Ganoderma lucidum (champignon Reishi), offrant un go\u00fbt riche et audacieux sans sucre, con\u00e7u pour les consommateurs soucieux de leur sant\u00e9 qui recherchent un regain d'\u00e9nergie et les bienfaits de l'extrait de champignon pour leur bien-\u00eatre. Il s'agit d'un produit 2 en 1 (caf\u00e9 + Ganoderma), pratique et commercialis\u00e9 pour ses ingr\u00e9dients naturels et ses bienfaits potentiels pour la sant\u00e9, note Amazon.ae et www.noon.com.<\/p>","protected":false},"featured_media":7596,"comment_status":"open","ping_status":"closed","template":"","meta":[],"product_brand":[50],"product_cat":[54],"product_tag":[],"class_list":{"0":"post-7206","1":"product","2":"type-product","3":"status-publish","4":"has-post-thumbnail","6":"product_brand-dxn","7":"product_cat-food-beverages","9":"first","10":"instock","11":"taxable","12":"shipping-taxable","13":"purchasable","14":"product-type-simple"},"_links":{"self":[{"href":"https:\/\/nujumsahara.com\/fr\/wp-json\/wp\/v2\/product\/7206","targetHints":{"allow":["GET"]}}],"collection":[{"href":"https:\/\/nujumsahara.com\/fr\/wp-json\/wp\/v2\/product"}],"about":[{"href":"https:\/\/nujumsahara.com\/fr\/wp-json\/wp\/v2\/types\/product"}],"replies":[{"embeddable":true,"href":"https:\/\/nujumsahara.com\/fr\/wp-json\/wp\/v2\/comments?post=7206"}],"wp:featuredmedia":[{"embeddable":true,"href":"https:\/\/nujumsahara.com\/fr\/wp-json\/wp\/v2\/media\/7596"}],"wp:attachment":[{"href":"https:\/\/nujumsahara.com\/fr\/wp-json\/wp\/v2\/media?parent=7206"}],"wp:term":[{"taxonomy":"product_brand","embeddable":true,"href":"https:\/\/nujumsahara.com\/fr\/wp-json\/wp\/v2\/product_brand?post=7206"},{"taxonomy":"product_cat","embeddable":true,"href":"https:\/\/nujumsahara.com\/fr\/wp-json\/wp\/v2\/product_cat?post=7206"},{"taxonomy":"product_tag","embeddable":true,"href":"https:\/\/nujumsahara.com\/fr\/wp-json\/wp\/v2\/product_tag?post=7206"}],"curies":[{"name":"wp","href":"https:\/\/api.w.org\/{rel}","templated":true}]}}