{"id":7207,"date":"2026-02-02T01:38:50","date_gmt":"2026-02-01T21:38:50","guid":{"rendered":"https:\/\/nujumsahara.com\/?post_type=product&#038;p=7207"},"modified":"2026-03-07T07:14:05","modified_gmt":"2026-03-07T03:14:05","slug":"cafe-lingzhi-3-en-1","status":"publish","type":"product","link":"https:\/\/nujumsahara.com\/fr\/product\/lingzhi-coffee-3-in-1\/","title":{"rendered":"Caf\u00e9 Lingzhi 3 en 1"},"content":{"rendered":"<p>DXN Lingzhi Coffee 3-in-1 est un m\u00e9lange de caf\u00e9 instantan\u00e9 populaire compos\u00e9 de grains de caf\u00e9 de haute qualit\u00e9, de sucre, de cr\u00e8me non laiti\u00e8re et d'extrait de Ganoderma lucidum (champignon Lingzhi). Il s'agit d'une boisson pratique et aromatique qui combine le go\u00fbt du caf\u00e9 et les bienfaits suppos\u00e9s du champignon, con\u00e7ue pour \u00eatre consomm\u00e9e rapidement, sans colorants ni conservateurs artificiels.<br \/>\n<strong>Principaux composants et caract\u00e9ristiques<\/strong>:<br \/>\nFormule 3 en 1 : Chaque sachet contient du caf\u00e9 instantan\u00e9, du sucre et de la cr\u00e8me non laiti\u00e8re, ce qui en fait une boisson compl\u00e8te, pr\u00eate \u00e0 \u00eatre m\u00e9lang\u00e9e.<br \/>\nExtrait de Ganoderma : infus\u00e9 avec un extrait du champignon Lingzhi, connu dans les pratiques traditionnelles pour ses propri\u00e9t\u00e9s potentielles de bien-\u00eatre.<br \/>\nPratique et instantan\u00e9 : les sachets \u00e0 usage unique ne n\u00e9cessitent que de l'eau chaude pour la pr\u00e9paration, ce qui est parfait pour les personnes tr\u00e8s occup\u00e9es.<br \/>\nProfil de saveur : Vise un go\u00fbt riche, doux et cr\u00e9meux avec un fort ar\u00f4me de caf\u00e9.<br \/>\nSans additifs artificiels : Sans colorants, ar\u00f4mes ou conservateurs artificiels.<br \/>\n<strong>Avantages<\/strong>:<br \/>\nFournit un regain d'\u00e9nergie et aide \u00e0 soulager le stress.<br \/>\nFavorise le bien-\u00eatre g\u00e9n\u00e9ral et l'immunit\u00e9 gr\u00e2ce \u00e0 la teneur en Ganoderma.<br \/>\nUne alternative plus saine pour les pauses caf\u00e9 quotidiennes, alliant plaisir et bien-\u00eatre.<br \/>\nIl s'agit essentiellement d'un caf\u00e9 instantan\u00e9 tout-en-un qui offre une touche plus saine en incorporant le champignon Ganoderma, ce qui en fait un choix populaire pour les buveurs de caf\u00e9 soucieux de leur sant\u00e9.<\/p>","protected":false},"excerpt":{"rendered":"<p>DXN Lingzhi Coffee 3-in-1 est un m\u00e9lange de caf\u00e9 instantan\u00e9 populaire compos\u00e9 de grains de caf\u00e9 de haute qualit\u00e9, de sucre, de cr\u00e8me non laiti\u00e8re et d'extrait de Ganoderma lucidum (champignon Lingzhi). Il s'agit d'une boisson pratique et aromatique qui combine le go\u00fbt du caf\u00e9 et les bienfaits suppos\u00e9s du champignon, con\u00e7ue pour \u00eatre consomm\u00e9e rapidement, sans colorants ni conservateurs artificiels.<\/p>","protected":false},"featured_media":7597,"comment_status":"open","ping_status":"closed","template":"","meta":[],"product_brand":[50],"product_cat":[54],"product_tag":[],"class_list":{"0":"post-7207","1":"product","2":"type-product","3":"status-publish","4":"has-post-thumbnail","6":"product_brand-dxn","7":"product_cat-food-beverages","9":"first","10":"instock","11":"taxable","12":"shipping-taxable","13":"purchasable","14":"product-type-simple"},"_links":{"self":[{"href":"https:\/\/nujumsahara.com\/fr\/wp-json\/wp\/v2\/product\/7207","targetHints":{"allow":["GET"]}}],"collection":[{"href":"https:\/\/nujumsahara.com\/fr\/wp-json\/wp\/v2\/product"}],"about":[{"href":"https:\/\/nujumsahara.com\/fr\/wp-json\/wp\/v2\/types\/product"}],"replies":[{"embeddable":true,"href":"https:\/\/nujumsahara.com\/fr\/wp-json\/wp\/v2\/comments?post=7207"}],"wp:featuredmedia":[{"embeddable":true,"href":"https:\/\/nujumsahara.com\/fr\/wp-json\/wp\/v2\/media\/7597"}],"wp:attachment":[{"href":"https:\/\/nujumsahara.com\/fr\/wp-json\/wp\/v2\/media?parent=7207"}],"wp:term":[{"taxonomy":"product_brand","embeddable":true,"href":"https:\/\/nujumsahara.com\/fr\/wp-json\/wp\/v2\/product_brand?post=7207"},{"taxonomy":"product_cat","embeddable":true,"href":"https:\/\/nujumsahara.com\/fr\/wp-json\/wp\/v2\/product_cat?post=7207"},{"taxonomy":"product_tag","embeddable":true,"href":"https:\/\/nujumsahara.com\/fr\/wp-json\/wp\/v2\/product_tag?post=7207"}],"curies":[{"name":"wp","href":"https:\/\/api.w.org\/{rel}","templated":true}]}}