{"id":7208,"date":"2026-02-02T01:38:50","date_gmt":"2026-02-01T21:38:50","guid":{"rendered":"https:\/\/nujumsahara.com\/?post_type=product&#038;p=7208"},"modified":"2026-03-08T11:17:29","modified_gmt":"2026-03-08T07:17:29","slug":"cafe-lingzhi-3-en-1-lite","status":"publish","type":"product","link":"https:\/\/nujumsahara.com\/fr\/product\/lingzhi-coffee-3-in-1-lite\/","title":{"rendered":"Lingzhi Coffee 3 in 1 Lite"},"content":{"rendered":"<p>DXN Lingzhi Coffee 3 in 1 Lite est un m\u00e9lange pratique de caf\u00e9 instantan\u00e9 compos\u00e9 de caf\u00e9 de haute qualit\u00e9, de cr\u00e8me non laiti\u00e8re, de sucre et d'extraits du champignon Ganoderma lucidum (Lingzhi), connu pour ses propri\u00e9t\u00e9s de bien-\u00eatre, offrant un go\u00fbt cr\u00e9meux et doux avec des avantages suppl\u00e9mentaires pour la sant\u00e9, comme le soutien immunitaire, dans un sachet pr\u00eat \u00e0 infuser. Con\u00e7u pour un mode de vie actif, il offre une tasse \u00e9quilibr\u00e9e, savoureuse et aromatique avec une touche de bienfaits naturels du champignon.<br \/>\n<strong>Caract\u00e9ristiques principales et ingr\u00e9dients<\/strong>:<br \/>\nPratique 3 en 1 : Combine le caf\u00e9, la cr\u00e8me et le sucre en un seul paquet.<br \/>\nExtrait de Ganoderma : Infus\u00e9 avec le champignon Lingzhi, r\u00e9put\u00e9 pour son soutien immunitaire et son \u00e9nergie.<br \/>\nProfil de saveur : Un caf\u00e9 de torr\u00e9faction fonc\u00e9e riche, cr\u00e9meux, onctueux et aromatique.<br \/>\nIngr\u00e9dients : Caf\u00e9, cr\u00e8me non laiti\u00e8re, sucre et extrait de Ganoderma.<br \/>\nSans artifices : Sans colorants, ar\u00f4mes ni conservateurs artificiels.<br \/>\nPr\u00e9paration facile : Il suffit d'ajouter de l'eau chaude \u00e0 un sachet.<br \/>\n<strong>Avantages et utilisation<\/strong>:<br \/>\nM\u00e9lange bien-\u00eatre : L'objectif est de combiner le plaisir du caf\u00e9 avec les bienfaits du champignon Lingzhi.<br \/>\nSoulagement du stress : Commercialis\u00e9 pour aider \u00e0 lutter contre le stress et les modes de vie charg\u00e9s.<br \/>\nParfait pour les pauses quotidiennes : Une option rapide et facile pour les amateurs de caf\u00e9<\/p>","protected":false},"excerpt":{"rendered":"<p>DXN Lingzhi Coffee 3 in 1 Lite est un m\u00e9lange pratique de caf\u00e9 instantan\u00e9 compos\u00e9 de caf\u00e9 de haute qualit\u00e9, de cr\u00e8me non laiti\u00e8re, de sucre et d'extraits du champignon Ganoderma lucidum (Lingzhi), connu pour ses propri\u00e9t\u00e9s de bien-\u00eatre, offrant un go\u00fbt cr\u00e9meux et doux avec des avantages suppl\u00e9mentaires pour la sant\u00e9, comme le soutien immunitaire, dans un sachet pr\u00eat \u00e0 infuser. Con\u00e7u pour un mode de vie actif, il offre une tasse \u00e9quilibr\u00e9e, savoureuse et aromatique avec une touche de bienfaits naturels du champignon.<\/p>","protected":false},"featured_media":7598,"comment_status":"open","ping_status":"closed","template":"","meta":[],"product_brand":[50],"product_cat":[54],"product_tag":[],"class_list":{"0":"post-7208","1":"product","2":"type-product","3":"status-publish","4":"has-post-thumbnail","6":"product_brand-dxn","7":"product_cat-food-beverages","9":"first","10":"instock","11":"taxable","12":"shipping-taxable","13":"purchasable","14":"product-type-simple"},"_links":{"self":[{"href":"https:\/\/nujumsahara.com\/fr\/wp-json\/wp\/v2\/product\/7208","targetHints":{"allow":["GET"]}}],"collection":[{"href":"https:\/\/nujumsahara.com\/fr\/wp-json\/wp\/v2\/product"}],"about":[{"href":"https:\/\/nujumsahara.com\/fr\/wp-json\/wp\/v2\/types\/product"}],"replies":[{"embeddable":true,"href":"https:\/\/nujumsahara.com\/fr\/wp-json\/wp\/v2\/comments?post=7208"}],"wp:featuredmedia":[{"embeddable":true,"href":"https:\/\/nujumsahara.com\/fr\/wp-json\/wp\/v2\/media\/7598"}],"wp:attachment":[{"href":"https:\/\/nujumsahara.com\/fr\/wp-json\/wp\/v2\/media?parent=7208"}],"wp:term":[{"taxonomy":"product_brand","embeddable":true,"href":"https:\/\/nujumsahara.com\/fr\/wp-json\/wp\/v2\/product_brand?post=7208"},{"taxonomy":"product_cat","embeddable":true,"href":"https:\/\/nujumsahara.com\/fr\/wp-json\/wp\/v2\/product_cat?post=7208"},{"taxonomy":"product_tag","embeddable":true,"href":"https:\/\/nujumsahara.com\/fr\/wp-json\/wp\/v2\/product_tag?post=7208"}],"curies":[{"name":"wp","href":"https:\/\/api.w.org\/{rel}","templated":true}]}}