{"id":7209,"date":"2026-02-02T01:38:50","date_gmt":"2026-02-01T21:38:50","guid":{"rendered":"https:\/\/nujumsahara.com\/?post_type=product&#038;p=7209"},"modified":"2026-04-02T15:38:15","modified_gmt":"2026-04-02T11:38:15","slug":"gateau-a-lananas-lingzhi","status":"publish","type":"product","link":"https:\/\/nujumsahara.com\/fr\/product\/lingzhi-pineapple-cake\/","title":{"rendered":"G\u00e2teau Lingzhi \u00e0 l'ananas"},"content":{"rendered":"<p>Le g\u00e2teau \u00e0 l'ananas DXN Lingzhi est une p\u00e2tisserie asiatique populaire, une variante du g\u00e2teau \u00e0 l'ananas traditionnel de Ta\u00efwan, enrichie avec l'extrait du champignon Ganoderma lucidum (Lingzhi), offrant une touche saine \u00e0 la friandise sabl\u00e9e sucr\u00e9e, acidul\u00e9e et beurr\u00e9e avec un fourrage \u00e0 la confiture d'ananas, con\u00e7ue \u00e0 la fois pour le go\u00fbt et les bienfaits pour le bien-\u00eatre.<br \/>\n<strong>Caract\u00e9ristiques principales<\/strong>:<br \/>\nIngr\u00e9dients : Combine la confiture d'ananas sucr\u00e9e et acidul\u00e9e avec une cro\u00fbte friable et beurr\u00e9e, ainsi que de l'extrait de Ganoderma lucidum.<br \/>\nProfil de saveur : Un d\u00e9licieux m\u00e9lange de fruits tropicaux sucr\u00e9s et de p\u00e2tisserie riche et beurr\u00e9e, rehauss\u00e9 par les pr\u00e9tendues propri\u00e9t\u00e9s de sant\u00e9 du Lingzhi.<br \/>\nAspect bien-\u00eatre : L'ajout de Ganoderma (connu sous le nom de \u201cchampignon de l'immortalit\u00e9\u201d) apporte des antioxydants et des compos\u00e9s de soutien immunitaire, ce qui en fait un \u201csnack sant\u00e9\u201d.<br \/>\nEmballage : G\u00e9n\u00e9ralement emball\u00e9s individuellement et vendus dans des bo\u00eetes attrayantes, ils sont id\u00e9aux pour \u00eatre offerts ou appr\u00e9ci\u00e9s personnellement.<br \/>\nOccasion : Convient \u00e0 diverses occasions, de l'en-cas quotidien aux c\u00e9l\u00e9brations festives.<br \/>\nIl s'agit essentiellement d'un g\u00e2teau traditionnel \u00e0 l'ananas, agr\u00e9ment\u00e9 d'une touche moderne et soucieuse de la sant\u00e9, propos\u00e9e par DXN, une soci\u00e9t\u00e9 connue pour ses produits de bien-\u00eatre.<\/p>","protected":false},"excerpt":{"rendered":"<p>Le g\u00e2teau \u00e0 l'ananas DXN Lingzhi est une p\u00e2tisserie asiatique populaire, une variante du g\u00e2teau \u00e0 l'ananas traditionnel de Ta\u00efwan, enrichie avec l'extrait du champignon Ganoderma lucidum (Lingzhi), offrant une touche saine \u00e0 la friandise sabl\u00e9e sucr\u00e9e, acidul\u00e9e et beurr\u00e9e avec un fourrage \u00e0 la confiture d'ananas, con\u00e7ue \u00e0 la fois pour le go\u00fbt et les bienfaits pour le bien-\u00eatre.<\/p>","protected":false},"featured_media":7599,"comment_status":"open","ping_status":"closed","template":"","meta":[],"product_brand":[50],"product_cat":[54],"product_tag":[],"class_list":{"0":"post-7209","1":"product","2":"type-product","3":"status-publish","4":"has-post-thumbnail","6":"product_brand-dxn","7":"product_cat-food-beverages","9":"first","10":"outofstock","11":"taxable","12":"shipping-taxable","13":"purchasable","14":"product-type-simple"},"_links":{"self":[{"href":"https:\/\/nujumsahara.com\/fr\/wp-json\/wp\/v2\/product\/7209","targetHints":{"allow":["GET"]}}],"collection":[{"href":"https:\/\/nujumsahara.com\/fr\/wp-json\/wp\/v2\/product"}],"about":[{"href":"https:\/\/nujumsahara.com\/fr\/wp-json\/wp\/v2\/types\/product"}],"replies":[{"embeddable":true,"href":"https:\/\/nujumsahara.com\/fr\/wp-json\/wp\/v2\/comments?post=7209"}],"wp:featuredmedia":[{"embeddable":true,"href":"https:\/\/nujumsahara.com\/fr\/wp-json\/wp\/v2\/media\/7599"}],"wp:attachment":[{"href":"https:\/\/nujumsahara.com\/fr\/wp-json\/wp\/v2\/media?parent=7209"}],"wp:term":[{"taxonomy":"product_brand","embeddable":true,"href":"https:\/\/nujumsahara.com\/fr\/wp-json\/wp\/v2\/product_brand?post=7209"},{"taxonomy":"product_cat","embeddable":true,"href":"https:\/\/nujumsahara.com\/fr\/wp-json\/wp\/v2\/product_cat?post=7209"},{"taxonomy":"product_tag","embeddable":true,"href":"https:\/\/nujumsahara.com\/fr\/wp-json\/wp\/v2\/product_tag?post=7209"}],"curies":[{"name":"wp","href":"https:\/\/api.w.org\/{rel}","templated":true}]}}