{"id":7210,"date":"2026-02-02T01:38:50","date_gmt":"2026-02-01T21:38:50","guid":{"rendered":"https:\/\/nujumsahara.com\/?post_type=product&#038;p=7210"},"modified":"2026-03-08T11:19:16","modified_gmt":"2026-03-08T07:19:16","slug":"the-lingzhi","status":"publish","type":"product","link":"https:\/\/nujumsahara.com\/fr\/product\/lingzhi-tea\/","title":{"rendered":"Th\u00e9 Lingzhi"},"content":{"rendered":"<p>Le th\u00e9 Lingzhi de DXN est un m\u00e9lange de feuilles de th\u00e9 de haute qualit\u00e9 et de poudre de champignon Ganoderma (Lingzhi ou Reishi), con\u00e7u pour offrir une boisson rafra\u00eechissante avec des avantages potentiels pour la sant\u00e9, y compris les antioxydants, le soutien immunitaire et la d\u00e9sintoxication, disponible sous diff\u00e9rentes formes comme les sachets de th\u00e9 classiques, le th\u00e9 vert, ou le th\u00e9 latte cr\u00e9meux. Il est connu pour son go\u00fbt et son ar\u00f4me doux et agr\u00e9ables, ce qui permet de profiter des propri\u00e9t\u00e9s de bien-\u00eatre r\u00e9put\u00e9es du champignon Ganoderma dans une boisson pratique.<br \/>\n<strong>Principaux \u00e9l\u00e9ments et avantages<\/strong>:<br \/>\nChampignon Ganoderma : Riche en antioxydants, on pense qu'il soutient le syst\u00e8me immunitaire, r\u00e9duit les signes de vieillissement et aide \u00e0 expulser les toxines, ce qui donne de l'\u00e9nergie et de la concentration.<br \/>\nFeuilles de th\u00e9 : Fournissent des polyph\u00e9nols naturels, des vitamines et des oligo-\u00e9l\u00e9ments, contribuant au bien-\u00eatre g\u00e9n\u00e9ral et \u00e0 la sant\u00e9 digestive.<br \/>\nVari\u00e9t\u00e9 : Disponible en th\u00e9 nature, en th\u00e9 vert ou en version latte (avec de la cr\u00e8me non laiti\u00e8re) pour une exp\u00e9rience plus riche et plus cr\u00e9meuse.<br \/>\n<strong>Comment il est utilis\u00e9<\/strong>:<br \/>\nPr\u00e9paration : Il suffit d'infuser les sachets de th\u00e9 dans de l'eau chaude ou de m\u00e9langer la poudre \u00e0 latte pr\u00e9-m\u00e9lang\u00e9e \u00e0 de l'eau chaude.<br \/>\nD\u00e9gustation : Peut \u00eatre consomm\u00e9 chaud ou froid, et la version latte peut \u00eatre personnalis\u00e9e avec des \u00e9pices comme la cannelle pour des saveurs diff\u00e9rentes.<br \/>\nEssentiellement, le th\u00e9 Lingzhi de DXN associe les bienfaits naturels du th\u00e9 aux propri\u00e9t\u00e9s b\u00e9n\u00e9fiques pour la sant\u00e9 du champignon Ganoderma, cr\u00e9ant ainsi une boisson savoureuse et potentiellement revitalisante.<\/p>","protected":false},"excerpt":{"rendered":"<p>Le th\u00e9 Lingzhi de DXN est un m\u00e9lange de feuilles de th\u00e9 de haute qualit\u00e9 et de poudre de champignon Ganoderma (Lingzhi ou Reishi), con\u00e7u pour offrir une boisson rafra\u00eechissante avec des avantages potentiels pour la sant\u00e9, y compris les antioxydants, le soutien immunitaire et la d\u00e9sintoxication, disponible sous diff\u00e9rentes formes comme les sachets de th\u00e9 classiques, le th\u00e9 vert, ou le th\u00e9 latte cr\u00e9meux. Il est connu pour son go\u00fbt et son ar\u00f4me doux et agr\u00e9ables, ce qui permet de profiter des propri\u00e9t\u00e9s de bien-\u00eatre r\u00e9put\u00e9es du champignon Ganoderma dans une boisson pratique.<\/p>","protected":false},"featured_media":7600,"comment_status":"open","ping_status":"closed","template":"","meta":[],"product_brand":[50],"product_cat":[54],"product_tag":[],"class_list":{"0":"post-7210","1":"product","2":"type-product","3":"status-publish","4":"has-post-thumbnail","6":"product_brand-dxn","7":"product_cat-food-beverages","9":"first","10":"instock","11":"taxable","12":"shipping-taxable","13":"purchasable","14":"product-type-simple"},"_links":{"self":[{"href":"https:\/\/nujumsahara.com\/fr\/wp-json\/wp\/v2\/product\/7210","targetHints":{"allow":["GET"]}}],"collection":[{"href":"https:\/\/nujumsahara.com\/fr\/wp-json\/wp\/v2\/product"}],"about":[{"href":"https:\/\/nujumsahara.com\/fr\/wp-json\/wp\/v2\/types\/product"}],"replies":[{"embeddable":true,"href":"https:\/\/nujumsahara.com\/fr\/wp-json\/wp\/v2\/comments?post=7210"}],"wp:featuredmedia":[{"embeddable":true,"href":"https:\/\/nujumsahara.com\/fr\/wp-json\/wp\/v2\/media\/7600"}],"wp:attachment":[{"href":"https:\/\/nujumsahara.com\/fr\/wp-json\/wp\/v2\/media?parent=7210"}],"wp:term":[{"taxonomy":"product_brand","embeddable":true,"href":"https:\/\/nujumsahara.com\/fr\/wp-json\/wp\/v2\/product_brand?post=7210"},{"taxonomy":"product_cat","embeddable":true,"href":"https:\/\/nujumsahara.com\/fr\/wp-json\/wp\/v2\/product_cat?post=7210"},{"taxonomy":"product_tag","embeddable":true,"href":"https:\/\/nujumsahara.com\/fr\/wp-json\/wp\/v2\/product_tag?post=7210"}],"curies":[{"name":"wp","href":"https:\/\/api.w.org\/{rel}","templated":true}]}}