{"id":7211,"date":"2026-02-02T01:38:50","date_gmt":"2026-02-01T21:38:50","guid":{"rendered":"https:\/\/nujumsahara.com\/?post_type=product&#038;p=7211"},"modified":"2026-04-02T15:39:01","modified_gmt":"2026-04-02T11:39:01","slug":"the-lingzhi-au-lait","status":"publish","type":"product","link":"https:\/\/nujumsahara.com\/fr\/product\/lingzhi-tea-latte\/","title":{"rendered":"Th\u00e9 Lingzhi Latte"},"content":{"rendered":"<p>DXN Lingzhi Tea Latte est un m\u00e9lange pratique de boissons instantan\u00e9es combinant du th\u00e9 de qualit\u00e9 sup\u00e9rieure, de la cr\u00e8me non laiti\u00e8re et de l'extrait de champignon Ganoderma (Reishi), cr\u00e9ant une saveur de th\u00e9 au lait cr\u00e9meuse et moins am\u00e8re avec des antioxydants ajout\u00e9s, con\u00e7u pour une pr\u00e9paration facile avec de l'eau chaude pour une boisson apaisante et respectueuse de la sant\u00e9.<br \/>\n<strong>Principaux \u00e9l\u00e9ments et avantages<\/strong>:<br \/>\nExtrait de Ganoderma : \u00e9galement connu sous le nom de Reishi, ce champignon est utilis\u00e9 dans la m\u00e9decine traditionnelle et est riche en antioxydants, cens\u00e9s soutenir la fonction immunitaire et la vitalit\u00e9 g\u00e9n\u00e9rale.<br \/>\nTh\u00e9 en poudre de qualit\u00e9 sup\u00e9rieure : Fournit une base de th\u00e9 forte et aromatique.<br \/>\nCr\u00e8me sans produits laitiers : Cr\u00e9e la texture lisse et laiteuse d'un caf\u00e9 au lait sans produits laitiers.<br \/>\nSucre : Ajoute de la douceur pour \u00e9quilibrer l'amertume naturelle du Ganoderma.<br \/>\n<strong>Comment cela fonctionne-t-il ?<\/strong>:<br \/>\nPratique : Il est livr\u00e9 en sachets pr\u00e9-m\u00e9lang\u00e9s, ce qui le rend facile \u00e0 pr\u00e9parer n'importe o\u00f9.<br \/>\nProfil de saveur : Il offre un \u00e9quilibre entre le go\u00fbt cr\u00e9meux du th\u00e9 au lait et un go\u00fbt de th\u00e9 moins amer et plus fort, gr\u00e2ce au Ganoderma.<br \/>\nAspect sant\u00e9 : Cette boisson est commercialis\u00e9e comme une boisson transform\u00e9e de mani\u00e8re naturelle, fournissant des antioxydants et soutenant la sant\u00e9 digestive et immunitaire.<br \/>\n<strong>\u00c0 qui s'adresse-t-il ?<\/strong>?<br \/>\nLes amateurs de th\u00e9 \u00e0 la recherche d'un caf\u00e9 latte cr\u00e9meux.<br \/>\nLes personnes \u00e0 la recherche de boissons pratiques, \u00e0 emporter et potentiellement b\u00e9n\u00e9fiques pour la sant\u00e9.<br \/>\nCeux qui appr\u00e9cient les produits infus\u00e9s au Ganoderma.<br \/>\nNote pour les diab\u00e9tiques : Il contient du sucre, c'est pourquoi les diab\u00e9tiques se voient souvent recommander des alternatives sans sucre comme le th\u00e9 DXN Spica ou le th\u00e9 Reishi Gano, qui ne sont pas sucr\u00e9s.<\/p>","protected":false},"excerpt":{"rendered":"<p>DXN Lingzhi Tea Latte est un m\u00e9lange pratique de boissons instantan\u00e9es combinant du th\u00e9 de qualit\u00e9 sup\u00e9rieure, de la cr\u00e8me non laiti\u00e8re et de l'extrait de champignon Ganoderma (Reishi), cr\u00e9ant une saveur de th\u00e9 au lait cr\u00e9meuse et moins am\u00e8re avec des antioxydants ajout\u00e9s, con\u00e7u pour une pr\u00e9paration facile avec de l'eau chaude pour une boisson apaisante et respectueuse de la sant\u00e9.<\/p>","protected":false},"featured_media":7602,"comment_status":"open","ping_status":"closed","template":"","meta":[],"product_brand":[50],"product_cat":[54],"product_tag":[],"class_list":{"0":"post-7211","1":"product","2":"type-product","3":"status-publish","4":"has-post-thumbnail","6":"product_brand-dxn","7":"product_cat-food-beverages","9":"first","10":"instock","11":"taxable","12":"shipping-taxable","13":"purchasable","14":"product-type-simple"},"_links":{"self":[{"href":"https:\/\/nujumsahara.com\/fr\/wp-json\/wp\/v2\/product\/7211","targetHints":{"allow":["GET"]}}],"collection":[{"href":"https:\/\/nujumsahara.com\/fr\/wp-json\/wp\/v2\/product"}],"about":[{"href":"https:\/\/nujumsahara.com\/fr\/wp-json\/wp\/v2\/types\/product"}],"replies":[{"embeddable":true,"href":"https:\/\/nujumsahara.com\/fr\/wp-json\/wp\/v2\/comments?post=7211"}],"wp:featuredmedia":[{"embeddable":true,"href":"https:\/\/nujumsahara.com\/fr\/wp-json\/wp\/v2\/media\/7602"}],"wp:attachment":[{"href":"https:\/\/nujumsahara.com\/fr\/wp-json\/wp\/v2\/media?parent=7211"}],"wp:term":[{"taxonomy":"product_brand","embeddable":true,"href":"https:\/\/nujumsahara.com\/fr\/wp-json\/wp\/v2\/product_brand?post=7211"},{"taxonomy":"product_cat","embeddable":true,"href":"https:\/\/nujumsahara.com\/fr\/wp-json\/wp\/v2\/product_cat?post=7211"},{"taxonomy":"product_tag","embeddable":true,"href":"https:\/\/nujumsahara.com\/fr\/wp-json\/wp\/v2\/product_tag?post=7211"}],"curies":[{"name":"wp","href":"https:\/\/api.w.org\/{rel}","templated":true}]}}