{"id":7212,"date":"2026-02-02T01:38:50","date_gmt":"2026-02-01T21:38:50","guid":{"rendered":"https:\/\/nujumsahara.com\/?post_type=product&#038;p=7212"},"modified":"2026-03-08T11:17:29","modified_gmt":"2026-03-08T07:17:29","slug":"criniere-de-lion-120-comprimes","status":"publish","type":"product","link":"https:\/\/nujumsahara.com\/fr\/product\/lions-mane-120-tablets\/","title":{"rendered":"Crini\u00e8re de lion 120 comprim\u00e9s"},"content":{"rendered":"<p>DXN Lion's Mane Tablet est un compl\u00e9ment alimentaire fabriqu\u00e9 \u00e0 partir du champignon Hericium erinaceus, tr\u00e8s pris\u00e9 par la m\u00e9decine traditionnelle pour son soutien \u00e0 la sant\u00e9 du cerveau, aux fonctions cognitives (m\u00e9moire, concentration), au syst\u00e8me nerveux, \u00e0 la r\u00e9g\u00e9n\u00e9ration nerveuse et \u00e0 ses bienfaits antioxydants\/immunitaires. Cultiv\u00e9s par DXN sous un contr\u00f4le de qualit\u00e9 strict, ces comprim\u00e9s offrent un moyen pratique de consommer ce puissant champignon, connu pour stimuler le facteur de croissance nerveuse (NGF) et prot\u00e9ger les cellules c\u00e9r\u00e9brales.<br \/>\n<strong>Aspects cl\u00e9s<\/strong>:<br \/>\nIngr\u00e9dient principal : Hericium erinaceus (champignon \u00e0 crini\u00e8re de lion).<br \/>\nAvantages : Favorise la m\u00e9moire, la concentration, la r\u00e9paration des nerfs, la fonction cognitive, l'humeur et l'immunit\u00e9.<br \/>\nUtilisation traditionnelle : Utilis\u00e9 depuis des si\u00e8cles dans la m\u00e9decine asiatique pour la sant\u00e9 g\u00e9n\u00e9rale et comme tonique.<br \/>\nM\u00e9canisme : Contient des compos\u00e9s (heric\u00e9nones, \u00e9rinacines) qui stimulent le facteur de croissance des nerfs (NGF) pour la croissance et la protection des cellules c\u00e9r\u00e9brales.<br \/>\nFormulation : Disponible sous forme de comprim\u00e9s (souvent 300 mg), de g\u00e9lules et de poudre, l'accent est mis sur une culture de haute qualit\u00e9.<br \/>\nL'entreprise : DXN contr\u00f4le l'ensemble du processus, de la culture au produit fini, afin de garantir la qualit\u00e9.<br \/>\n<strong>Comment cela fonctionne-t-il ?<\/strong>:<br \/>\nNeurogen\u00e8se : Stimule la production de NGF, indispensable \u00e0 la croissance et \u00e0 la r\u00e9paration des cellules nerveuses, ce qui peut aider en cas de l\u00e9sions c\u00e9r\u00e9brales et de d\u00e9clin cognitif.<br \/>\nAm\u00e9lioration cognitive : Peut am\u00e9liorer la m\u00e9moire, la concentration et la clart\u00e9 mentale en g\u00e9n\u00e9ral, agissant comme un nootropique naturel (drogue intelligente).<br \/>\nPropri\u00e9t\u00e9s antioxydantes : Contient des polysaccharides et des antioxydants qui combattent les radicaux libres et r\u00e9duisent le stress oxydatif, prot\u00e9geant ainsi les cellules.<br \/>\nSoutien immunitaire : Poss\u00e8de des propri\u00e9t\u00e9s immunomodulatrices qui peuvent aider \u00e0 renforcer le syst\u00e8me immunitaire.<\/p>","protected":false},"excerpt":{"rendered":"<p>DXN Lion's Mane Tablet est un compl\u00e9ment alimentaire fabriqu\u00e9 \u00e0 partir du champignon Hericium erinaceus, tr\u00e8s pris\u00e9 par la m\u00e9decine traditionnelle pour son soutien \u00e0 la sant\u00e9 du cerveau, aux fonctions cognitives (m\u00e9moire, concentration), au syst\u00e8me nerveux, \u00e0 la r\u00e9g\u00e9n\u00e9ration nerveuse et \u00e0 ses bienfaits antioxydants\/immunitaires. Cultiv\u00e9s par DXN sous un contr\u00f4le de qualit\u00e9 strict, ces comprim\u00e9s offrent un moyen pratique de consommer ce puissant champignon, connu pour stimuler le facteur de croissance nerveuse (NGF) et prot\u00e9ger les cellules c\u00e9r\u00e9brales.<\/p>","protected":false},"featured_media":7603,"comment_status":"open","ping_status":"closed","template":"","meta":[],"product_brand":[50],"product_cat":[53],"product_tag":[],"class_list":{"0":"post-7212","1":"product","2":"type-product","3":"status-publish","4":"has-post-thumbnail","6":"product_brand-dxn","7":"product_cat-food-supplements","9":"first","10":"instock","11":"taxable","12":"shipping-taxable","13":"purchasable","14":"product-type-simple"},"_links":{"self":[{"href":"https:\/\/nujumsahara.com\/fr\/wp-json\/wp\/v2\/product\/7212","targetHints":{"allow":["GET"]}}],"collection":[{"href":"https:\/\/nujumsahara.com\/fr\/wp-json\/wp\/v2\/product"}],"about":[{"href":"https:\/\/nujumsahara.com\/fr\/wp-json\/wp\/v2\/types\/product"}],"replies":[{"embeddable":true,"href":"https:\/\/nujumsahara.com\/fr\/wp-json\/wp\/v2\/comments?post=7212"}],"wp:featuredmedia":[{"embeddable":true,"href":"https:\/\/nujumsahara.com\/fr\/wp-json\/wp\/v2\/media\/7603"}],"wp:attachment":[{"href":"https:\/\/nujumsahara.com\/fr\/wp-json\/wp\/v2\/media?parent=7212"}],"wp:term":[{"taxonomy":"product_brand","embeddable":true,"href":"https:\/\/nujumsahara.com\/fr\/wp-json\/wp\/v2\/product_brand?post=7212"},{"taxonomy":"product_cat","embeddable":true,"href":"https:\/\/nujumsahara.com\/fr\/wp-json\/wp\/v2\/product_cat?post=7212"},{"taxonomy":"product_tag","embeddable":true,"href":"https:\/\/nujumsahara.com\/fr\/wp-json\/wp\/v2\/product_tag?post=7212"}],"curies":[{"name":"wp","href":"https:\/\/api.w.org\/{rel}","templated":true}]}}