{"id":7213,"date":"2026-02-02T01:38:50","date_gmt":"2026-02-01T21:38:50","guid":{"rendered":"https:\/\/nujumsahara.com\/?post_type=product&#038;p=7213"},"modified":"2026-04-02T15:39:56","modified_gmt":"2026-04-02T11:39:56","slug":"morinzhi","status":"publish","type":"product","link":"https:\/\/nujumsahara.com\/fr\/product\/morinzhi\/","title":{"rendered":"Morinzhi"},"content":{"rendered":"<p>Le jus DXN Morinzhi est une boisson sant\u00e9 \u00e0 base de noni (Morinda citrifolia) et enrichie de roselle, pleine de vitamines, de min\u00e9raux et d'antioxydants puissants qui soutiennent le syst\u00e8me immunitaire, favorisent le bien-\u00eatre g\u00e9n\u00e9ral et aident \u00e0 soulager la douleur, l'inflammation et le sommeil. Il est connu pour sa saveur de noni et est r\u00e9put\u00e9 pour ses bienfaits tels que l'am\u00e9lioration de la peau, des cheveux et de l'\u00e9nergie, et pour aider \u00e0 abaisser la tension art\u00e9rielle en produisant des endorphines.<br \/>\n<strong>Principaux ingr\u00e9dients et avantages<\/strong>:<br \/>\nNoni (Morinda citrifolia) : Riche en antioxydants, en vitamine C, en flavono\u00efdes, en polyph\u00e9nols et en min\u00e9raux.<br \/>\nRoselle : renforce le profil antioxydant.<br \/>\nPouvoir antioxydant : Combat les radicaux libres, soutient l'immunit\u00e9 et favorise la sant\u00e9 de la peau et des cheveux.<br \/>\nDouleur et inflammation : Agit comme un anti-inflammatoire et un antihistaminique.<br \/>\nSynth\u00e8se de la s\u00e9rotonine : Contribue \u00e0 la cr\u00e9ation de s\u00e9rotonine, ce qui a un impact sur l'humeur et le sommeil.<br \/>\nPression art\u00e9rielle : aide \u00e0 dilater les vaisseaux sanguins et peut aider \u00e0 r\u00e9duire la pression art\u00e9rielle.<br \/>\nSommeil et temp\u00e9rature : Effets b\u00e9n\u00e9fiques sur la qualit\u00e9 du sommeil et la r\u00e9gulation de la temp\u00e9rature corporelle.<br \/>\n<strong>Comment il est utilis\u00e9<\/strong>:<br \/>\nSouvent consomm\u00e9 \u00e0 jeun, environ 30 minutes avant le petit-d\u00e9jeuner.<br \/>\nDisponible en plusieurs tailles.<br \/>\nIl s'agit essentiellement d'une boisson naturelle \u00e0 base de plantes qui tire parti des utilisations traditionnelles et des avantages nutritionnels du fruit du noni pour une vitalit\u00e9 globale.<\/p>","protected":false},"excerpt":{"rendered":"<p>Le jus DXN Morinzhi est une boisson sant\u00e9 \u00e0 base de noni (Morinda citrifolia) et enrichie de roselle, pleine de vitamines, de min\u00e9raux et d'antioxydants puissants qui soutiennent le syst\u00e8me immunitaire, favorisent le bien-\u00eatre g\u00e9n\u00e9ral et aident \u00e0 soulager la douleur, l'inflammation et le sommeil. Il est connu pour sa saveur de noni et est r\u00e9put\u00e9 pour ses bienfaits tels que l'am\u00e9lioration de la peau, des cheveux et de l'\u00e9nergie, et pour aider \u00e0 abaisser la tension art\u00e9rielle en produisant des endorphines.<\/p>","protected":false},"featured_media":7604,"comment_status":"open","ping_status":"closed","template":"","meta":[],"product_brand":[50],"product_cat":[54],"product_tag":[],"class_list":{"0":"post-7213","1":"product","2":"type-product","3":"status-publish","4":"has-post-thumbnail","6":"product_brand-dxn","7":"product_cat-food-beverages","9":"first","10":"instock","11":"taxable","12":"shipping-taxable","13":"purchasable","14":"product-type-simple"},"_links":{"self":[{"href":"https:\/\/nujumsahara.com\/fr\/wp-json\/wp\/v2\/product\/7213","targetHints":{"allow":["GET"]}}],"collection":[{"href":"https:\/\/nujumsahara.com\/fr\/wp-json\/wp\/v2\/product"}],"about":[{"href":"https:\/\/nujumsahara.com\/fr\/wp-json\/wp\/v2\/types\/product"}],"replies":[{"embeddable":true,"href":"https:\/\/nujumsahara.com\/fr\/wp-json\/wp\/v2\/comments?post=7213"}],"wp:featuredmedia":[{"embeddable":true,"href":"https:\/\/nujumsahara.com\/fr\/wp-json\/wp\/v2\/media\/7604"}],"wp:attachment":[{"href":"https:\/\/nujumsahara.com\/fr\/wp-json\/wp\/v2\/media?parent=7213"}],"wp:term":[{"taxonomy":"product_brand","embeddable":true,"href":"https:\/\/nujumsahara.com\/fr\/wp-json\/wp\/v2\/product_brand?post=7213"},{"taxonomy":"product_cat","embeddable":true,"href":"https:\/\/nujumsahara.com\/fr\/wp-json\/wp\/v2\/product_cat?post=7213"},{"taxonomy":"product_tag","embeddable":true,"href":"https:\/\/nujumsahara.com\/fr\/wp-json\/wp\/v2\/product_tag?post=7213"}],"curies":[{"name":"wp","href":"https:\/\/api.w.org\/{rel}","templated":true}]}}