{"id":7215,"date":"2026-02-02T01:38:50","date_gmt":"2026-02-01T21:38:50","guid":{"rendered":"https:\/\/nujumsahara.com\/?post_type=product&#038;p=7215"},"modified":"2026-03-08T11:17:29","modified_gmt":"2026-03-08T07:17:29","slug":"morinzyme","status":"publish","type":"product","link":"https:\/\/nujumsahara.com\/fr\/product\/morinzyme\/","title":{"rendered":"Morinzyme"},"content":{"rendered":"<p>DXN Morinzyme est un jus botanique ferment\u00e9 \u00e0 base de concentr\u00e9 de fruit de noni (Morinda citrifolia), produit par la soci\u00e9t\u00e9 de marketing multi-niveaux DXN. Le processus de fermentation cr\u00e9e des enzymes b\u00e9n\u00e9fiques, pr\u00e9servant les nutriments et am\u00e9liorant la digestion. Le produit est commercialis\u00e9 comme une boisson de sant\u00e9 favorisant le bien-\u00eatre g\u00e9n\u00e9ral et le m\u00e9tabolisme lorsqu'il est dilu\u00e9 dans de l'eau et consomm\u00e9 r\u00e9guli\u00e8rement.<br \/>\n<strong>Caract\u00e9ristiques principales<\/strong>:<br \/>\nIngr\u00e9dient principal : Fruit du noni (Morinda citrifolia).<br \/>\nProc\u00e9d\u00e9 : Fermentation du concentr\u00e9 de Noni, qui produit des enzymes naturelles.<br \/>\nForme : Disponible sous forme de liquide concentr\u00e9.<br \/>\nUtilisation : G\u00e9n\u00e9ralement m\u00e9lang\u00e9 \u00e0 de l'eau et pris avant les repas pour une meilleure absorption des nutriments.<br \/>\nAvantages : Favorise la digestion, am\u00e9liore l'absorption des nutriments et fournit des antioxydants.<br \/>\n<strong>Comment cela fonctionne-t-il ?<\/strong>:<br \/>\nLa fermentation d\u00e9compose les composants du fruit du Noni, ce qui le rend plus facile \u00e0 dig\u00e9rer et \u00e0 absorber, tout en cr\u00e9ant des enzymes importantes pour les fonctions corporelles.<br \/>\nIl s'agit essentiellement d'un concentr\u00e9 de jus de noni naturel, riche en enzymes, con\u00e7u pour favoriser un mode de vie sain en am\u00e9liorant la digestion et l'apport en nutriments.<\/p>","protected":false},"excerpt":{"rendered":"<p>DXN Morinzyme est un jus botanique ferment\u00e9 \u00e0 base de concentr\u00e9 de fruit de noni (Morinda citrifolia), produit par la soci\u00e9t\u00e9 de marketing multi-niveaux DXN. Le processus de fermentation cr\u00e9e des enzymes b\u00e9n\u00e9fiques, pr\u00e9servant les nutriments et am\u00e9liorant la digestion. Le produit est commercialis\u00e9 comme une boisson de sant\u00e9 favorisant le bien-\u00eatre g\u00e9n\u00e9ral et le m\u00e9tabolisme lorsqu'il est dilu\u00e9 dans de l'eau et consomm\u00e9 r\u00e9guli\u00e8rement.<\/p>","protected":false},"featured_media":7608,"comment_status":"open","ping_status":"closed","template":"","meta":[],"product_brand":[50],"product_cat":[54],"product_tag":[],"class_list":{"0":"post-7215","1":"product","2":"type-product","3":"status-publish","4":"has-post-thumbnail","6":"product_brand-dxn","7":"product_cat-food-beverages","9":"first","10":"instock","11":"taxable","12":"shipping-taxable","13":"purchasable","14":"product-type-simple"},"_links":{"self":[{"href":"https:\/\/nujumsahara.com\/fr\/wp-json\/wp\/v2\/product\/7215","targetHints":{"allow":["GET"]}}],"collection":[{"href":"https:\/\/nujumsahara.com\/fr\/wp-json\/wp\/v2\/product"}],"about":[{"href":"https:\/\/nujumsahara.com\/fr\/wp-json\/wp\/v2\/types\/product"}],"replies":[{"embeddable":true,"href":"https:\/\/nujumsahara.com\/fr\/wp-json\/wp\/v2\/comments?post=7215"}],"wp:featuredmedia":[{"embeddable":true,"href":"https:\/\/nujumsahara.com\/fr\/wp-json\/wp\/v2\/media\/7608"}],"wp:attachment":[{"href":"https:\/\/nujumsahara.com\/fr\/wp-json\/wp\/v2\/media?parent=7215"}],"wp:term":[{"taxonomy":"product_brand","embeddable":true,"href":"https:\/\/nujumsahara.com\/fr\/wp-json\/wp\/v2\/product_brand?post=7215"},{"taxonomy":"product_cat","embeddable":true,"href":"https:\/\/nujumsahara.com\/fr\/wp-json\/wp\/v2\/product_cat?post=7215"},{"taxonomy":"product_tag","embeddable":true,"href":"https:\/\/nujumsahara.com\/fr\/wp-json\/wp\/v2\/product_tag?post=7215"}],"curies":[{"name":"wp","href":"https:\/\/api.w.org\/{rel}","templated":true}]}}