{"id":7216,"date":"2026-02-02T01:38:50","date_gmt":"2026-02-01T21:38:50","guid":{"rendered":"https:\/\/nujumsahara.com\/?post_type=product&#038;p=7216"},"modified":"2026-03-08T11:19:16","modified_gmt":"2026-03-08T07:19:16","slug":"mycoveggie","status":"publish","type":"product","link":"https:\/\/nujumsahara.com\/fr\/product\/mycoveggie\/","title":{"rendered":"MycoVeggie"},"content":{"rendered":"<p>DXN MycoVeggie est un compl\u00e9ment alimentaire riche en fibres et en nutriments sous forme de poudre, m\u00e9langeant des ingr\u00e9dients naturels tels que divers champignons (shiitake, crini\u00e8re de lion), spiruline, th\u00e9 vert, herbes, \u00e9pices, fruits et l\u00e9gumes (c\u00e9leri, ma\u00efs) pour soutenir la sant\u00e9 digestive, la d\u00e9sintoxication et le bien-\u00eatre g\u00e9n\u00e9ral, souvent utilis\u00e9 comme substitut de repas ou comme booster de fibres. Il est faible en gras, sans sucre, sans cholest\u00e9rol et regorge de vitamines et de min\u00e9raux, ce qui favorise la r\u00e9gularit\u00e9 intestinale et la sant\u00e9 de l'intestin.<br \/>\n<strong>Principales caract\u00e9ristiques et avantages<\/strong>:<br \/>\nRiche en fibres : Contient des fibres solubles et insolubles provenant de sources telles que l'enveloppe de psyllium, ce qui favorise la r\u00e9gularit\u00e9 digestive.<br \/>\nDense en nutriments : Fournit des vitamines, des min\u00e9raux, des antioxydants et des prot\u00e9ines d'origine v\u00e9g\u00e9tale gr\u00e2ce \u00e0 ses divers ingr\u00e9dients naturels.<br \/>\nD\u00e9toxification : Aide \u00e0 nettoyer le tube digestif et \u00e0 \u00e9liminer les d\u00e9chets en douceur.<br \/>\nRemplacement de repas : Peut \u00eatre utilis\u00e9 dans le cadre d'un programme de gestion du poids en raison de sa faible teneur en calories, de son profil riche en fibres et de sa sati\u00e9t\u00e9.<br \/>\nIngr\u00e9dients naturels : Un m\u00e9lange de champignons m\u00e9dicinaux, d'herbes (gingembre, citronnelle), de fruits (agrumes), de spiruline et d'\u00e9pices (cannelle, clou de girofle).<br \/>\n<strong>Comment l'utiliser<\/strong>:<br \/>\nM\u00e9langer la poudre avec de l'eau, du yaourt ou du jus naturel.<br \/>\nAjoutez-les aux salades ou aux soupes pour un apport nutritionnel suppl\u00e9mentaire.<br \/>\nEssentiellement, DXN MycoVeggie offre un moyen pratique et naturel d'augmenter l'apport en fibres et de favoriser un syst\u00e8me digestif sain et la d\u00e9sintoxication de l'organisme.<\/p>","protected":false},"excerpt":{"rendered":"<p>DXN MycoVeggie est un compl\u00e9ment alimentaire riche en fibres et en nutriments sous forme de poudre, m\u00e9langeant des ingr\u00e9dients naturels tels que divers champignons (shiitake, crini\u00e8re de lion), spiruline, th\u00e9 vert, herbes, \u00e9pices, fruits et l\u00e9gumes (c\u00e9leri, ma\u00efs) pour soutenir la sant\u00e9 digestive, la d\u00e9sintoxication et le bien-\u00eatre g\u00e9n\u00e9ral, souvent utilis\u00e9 comme substitut de repas ou comme booster de fibres. Il est faible en gras, sans sucre, sans cholest\u00e9rol et regorge de vitamines et de min\u00e9raux, ce qui favorise la r\u00e9gularit\u00e9 intestinale et la sant\u00e9 de l'intestin.<\/p>","protected":false},"featured_media":7611,"comment_status":"open","ping_status":"closed","template":"","meta":[],"product_brand":[50],"product_cat":[53],"product_tag":[],"class_list":{"0":"post-7216","1":"product","2":"type-product","3":"status-publish","4":"has-post-thumbnail","6":"product_brand-dxn","7":"product_cat-food-supplements","9":"first","10":"instock","11":"taxable","12":"shipping-taxable","13":"purchasable","14":"product-type-simple"},"_links":{"self":[{"href":"https:\/\/nujumsahara.com\/fr\/wp-json\/wp\/v2\/product\/7216","targetHints":{"allow":["GET"]}}],"collection":[{"href":"https:\/\/nujumsahara.com\/fr\/wp-json\/wp\/v2\/product"}],"about":[{"href":"https:\/\/nujumsahara.com\/fr\/wp-json\/wp\/v2\/types\/product"}],"replies":[{"embeddable":true,"href":"https:\/\/nujumsahara.com\/fr\/wp-json\/wp\/v2\/comments?post=7216"}],"wp:featuredmedia":[{"embeddable":true,"href":"https:\/\/nujumsahara.com\/fr\/wp-json\/wp\/v2\/media\/7611"}],"wp:attachment":[{"href":"https:\/\/nujumsahara.com\/fr\/wp-json\/wp\/v2\/media?parent=7216"}],"wp:term":[{"taxonomy":"product_brand","embeddable":true,"href":"https:\/\/nujumsahara.com\/fr\/wp-json\/wp\/v2\/product_brand?post=7216"},{"taxonomy":"product_cat","embeddable":true,"href":"https:\/\/nujumsahara.com\/fr\/wp-json\/wp\/v2\/product_cat?post=7216"},{"taxonomy":"product_tag","embeddable":true,"href":"https:\/\/nujumsahara.com\/fr\/wp-json\/wp\/v2\/product_tag?post=7216"}],"curies":[{"name":"wp","href":"https:\/\/api.w.org\/{rel}","templated":true}]}}