{"id":7217,"date":"2026-02-02T01:38:50","date_gmt":"2026-02-01T21:38:50","guid":{"rendered":"https:\/\/nujumsahara.com\/?post_type=product&#038;p=7217"},"modified":"2026-03-08T11:19:16","modified_gmt":"2026-03-08T07:19:16","slug":"mycovita","status":"publish","type":"product","link":"https:\/\/nujumsahara.com\/fr\/product\/mycovita\/","title":{"rendered":"Mycovita"},"content":{"rendered":"<p>DXN MycoVita est un suppl\u00e9ment de sant\u00e9 naturel de DXN fabriqu\u00e9 \u00e0 partir d'un m\u00e9lange sp\u00e9cial de champignons Ganoderma biologiques, combinant \u00e0 la fois le corps du fruit et son myc\u00e9lium (syst\u00e8me racinaire). Pr\u00e9sent\u00e9 comme une poudre v\u00e9g\u00e9tale puissante, il est con\u00e7u pour favoriser le bien-\u00eatre g\u00e9n\u00e9ral, renforcer le syst\u00e8me immunitaire et fournir des antioxydants, souvent utilis\u00e9s dans les shakes nutritionnels pour am\u00e9liorer la vitalit\u00e9.<br \/>\n<strong>Aspects cl\u00e9s de DXN MycoVita<\/strong>:<br \/>\nIngr\u00e9dients : Principalement le corps du fruit et le myc\u00e9lium du Ganoderma lucidum (champignon Reishi), offrant un riche profil nutritionnel.<br \/>\nForme : Disponible sous forme de poudre fine, souvent dans des sachets pratiques, \u00e0 m\u00e9langer aux boissons.<br \/>\nAvantages (rapport\u00e9s) : Vise \u00e0 renforcer le syst\u00e8me de d\u00e9fense de l'organisme, \u00e0 soutenir la vitalit\u00e9 et \u00e0 fournir des antioxydants, bien que les all\u00e9gations varient et que les r\u00e9sultats individuels diff\u00e8rent.<br \/>\nUtilisation : Peut \u00eatre consomm\u00e9 sous forme de poudre m\u00e9ga-dose, m\u00e9lang\u00e9 \u00e0 de l'eau, du jus ou ajout\u00e9 \u00e0 des shakes pour une consommation facile.<br \/>\nEn substance, DXN MycoVita exploite les effets synergiques des diff\u00e9rentes parties du champignon Ganoderma pour offrir un compl\u00e9ment nutritionnel complet pour la sant\u00e9 et le bien-\u00eatre au quotidien.<\/p>","protected":false},"excerpt":{"rendered":"<p>DXN MycoVita est un suppl\u00e9ment de sant\u00e9 naturel de DXN fabriqu\u00e9 \u00e0 partir d'un m\u00e9lange sp\u00e9cial de champignons Ganoderma biologiques, combinant \u00e0 la fois le corps du fruit et son myc\u00e9lium (syst\u00e8me racinaire). Pr\u00e9sent\u00e9 comme une poudre v\u00e9g\u00e9tale puissante, il est con\u00e7u pour favoriser le bien-\u00eatre g\u00e9n\u00e9ral, renforcer le syst\u00e8me immunitaire et fournir des antioxydants, souvent utilis\u00e9s dans les shakes nutritionnels pour am\u00e9liorer la vitalit\u00e9.<\/p>","protected":false},"featured_media":7612,"comment_status":"open","ping_status":"closed","template":"","meta":[],"product_brand":[50],"product_cat":[53],"product_tag":[],"class_list":{"0":"post-7217","1":"product","2":"type-product","3":"status-publish","4":"has-post-thumbnail","6":"product_brand-dxn","7":"product_cat-food-supplements","9":"first","10":"instock","11":"taxable","12":"shipping-taxable","13":"purchasable","14":"product-type-simple"},"_links":{"self":[{"href":"https:\/\/nujumsahara.com\/fr\/wp-json\/wp\/v2\/product\/7217","targetHints":{"allow":["GET"]}}],"collection":[{"href":"https:\/\/nujumsahara.com\/fr\/wp-json\/wp\/v2\/product"}],"about":[{"href":"https:\/\/nujumsahara.com\/fr\/wp-json\/wp\/v2\/types\/product"}],"replies":[{"embeddable":true,"href":"https:\/\/nujumsahara.com\/fr\/wp-json\/wp\/v2\/comments?post=7217"}],"wp:featuredmedia":[{"embeddable":true,"href":"https:\/\/nujumsahara.com\/fr\/wp-json\/wp\/v2\/media\/7612"}],"wp:attachment":[{"href":"https:\/\/nujumsahara.com\/fr\/wp-json\/wp\/v2\/media?parent=7217"}],"wp:term":[{"taxonomy":"product_brand","embeddable":true,"href":"https:\/\/nujumsahara.com\/fr\/wp-json\/wp\/v2\/product_brand?post=7217"},{"taxonomy":"product_cat","embeddable":true,"href":"https:\/\/nujumsahara.com\/fr\/wp-json\/wp\/v2\/product_cat?post=7217"},{"taxonomy":"product_tag","embeddable":true,"href":"https:\/\/nujumsahara.com\/fr\/wp-json\/wp\/v2\/product_tag?post=7217"}],"curies":[{"name":"wp","href":"https:\/\/api.w.org\/{rel}","templated":true}]}}