{"id":7218,"date":"2026-02-02T01:38:50","date_gmt":"2026-02-01T21:38:50","guid":{"rendered":"https:\/\/nujumsahara.com\/?post_type=product&#038;p=7218"},"modified":"2026-03-19T04:56:39","modified_gmt":"2026-03-19T00:56:39","slug":"miel-naturel-de-sidr","status":"publish","type":"product","link":"https:\/\/nujumsahara.com\/fr\/product\/natural-sidr-honey\/","title":{"rendered":"Miel naturel de Sidr"},"content":{"rendered":"<p>Le miel naturel de Sidr de DXN est un miel brut de premi\u00e8re qualit\u00e9 issu du nectar des arbres de Sidr, connu pour son go\u00fbt riche (notes de caramel), sa couleur ambr\u00e9e fonc\u00e9e et sa haute valeur nutritionnelle, regorgeant d'antioxydants, de min\u00e9raux et de propri\u00e9t\u00e9s antibact\u00e9riennes, ce qui en fait un \u00e9dulcorant naturel populaire et un rem\u00e8de traditionnel pour renforcer l'immunit\u00e9, faciliter la digestion et la sant\u00e9 de la peau, souvent compar\u00e9 au miel de Manuka pour ses puissants bienfaits.<br \/>\n<strong>Caract\u00e9ristiques principales<\/strong>:<br \/>\nSource : Les abeilles butinent les fleurs de l'ancien arbre Sidr (Ziziphus spina-christi), originaire du Moyen-Orient et d'Asie.<br \/>\nPuret\u00e9 : Il est cru et souvent extrait \u00e0 froid, ce qui permet de pr\u00e9server les enzymes, les vitamines et les min\u00e9raux naturels.<br \/>\nProfil de saveur : Luxueux, doux comme du beurre, avec des nuances d'herbes et des notes de caramel ou de caramel \u00e9cossais.<br \/>\nAspect : Une couleur riche, visqueuse, allant de l'ambre fonc\u00e9 \u00e0 l'orange br\u00fbl\u00e9, refl\u00e9tant la densit\u00e9 des nutriments.<br \/>\n<strong>Avantages pour la sant\u00e9<\/strong>:<br \/>\nRiche en nutriments : Contient du fer, du calcium, du magn\u00e9sium et des prot\u00e9ines.<br \/>\nAntioxydant et antibact\u00e9rien : Aide \u00e0 lutter contre les radicaux libres et soutient le syst\u00e8me immunitaire.<br \/>\nAide \u00e0 la digestion : Favorise la sant\u00e9 digestive et le m\u00e9tabolisme.<br \/>\nAnti-inflammatoire : Poss\u00e8de des propri\u00e9t\u00e9s anti-inflammatoires naturelles.<br \/>\nCicatrisation des plaies : Utilis\u00e9 comme antiseptique naturel pour la peau et les plaies.<br \/>\n<strong>Utilisations<\/strong>:<br \/>\n\u00c9dulcorant naturel dans les boissons et les aliments.<br \/>\nAide \u00e0 soulager les maux de gorge et les probl\u00e8mes respiratoires.<br \/>\nPeut \u00eatre utilis\u00e9 dans les routines de soins de la peau.<br \/>\nPar essence, le miel DXN Sidr est consid\u00e9r\u00e9 comme un aliment et un m\u00e9dicament de luxe, appr\u00e9ci\u00e9 pour son origine rare, son go\u00fbt distinct et ses importantes qualit\u00e9s en mati\u00e8re de sant\u00e9.<\/p>","protected":false},"excerpt":{"rendered":"<p>Le miel naturel de Sidr de DXN est un miel brut de premi\u00e8re qualit\u00e9 issu du nectar des arbres de Sidr, connu pour son go\u00fbt riche (notes de caramel), sa couleur ambr\u00e9e fonc\u00e9e et sa haute valeur nutritionnelle, regorgeant d'antioxydants, de min\u00e9raux et de propri\u00e9t\u00e9s antibact\u00e9riennes, ce qui en fait un \u00e9dulcorant naturel populaire et un rem\u00e8de traditionnel pour renforcer l'immunit\u00e9, faciliter la digestion et la sant\u00e9 de la peau, souvent compar\u00e9 au miel de Manuka pour ses puissants bienfaits.<\/p>","protected":false},"featured_media":7613,"comment_status":"open","ping_status":"closed","template":"","meta":[],"product_brand":[50],"product_cat":[54],"product_tag":[],"class_list":{"0":"post-7218","1":"product","2":"type-product","3":"status-publish","4":"has-post-thumbnail","6":"product_brand-dxn","7":"product_cat-food-beverages","9":"first","10":"instock","11":"taxable","12":"shipping-taxable","13":"purchasable","14":"product-type-simple"},"_links":{"self":[{"href":"https:\/\/nujumsahara.com\/fr\/wp-json\/wp\/v2\/product\/7218","targetHints":{"allow":["GET"]}}],"collection":[{"href":"https:\/\/nujumsahara.com\/fr\/wp-json\/wp\/v2\/product"}],"about":[{"href":"https:\/\/nujumsahara.com\/fr\/wp-json\/wp\/v2\/types\/product"}],"replies":[{"embeddable":true,"href":"https:\/\/nujumsahara.com\/fr\/wp-json\/wp\/v2\/comments?post=7218"}],"wp:featuredmedia":[{"embeddable":true,"href":"https:\/\/nujumsahara.com\/fr\/wp-json\/wp\/v2\/media\/7613"}],"wp:attachment":[{"href":"https:\/\/nujumsahara.com\/fr\/wp-json\/wp\/v2\/media?parent=7218"}],"wp:term":[{"taxonomy":"product_brand","embeddable":true,"href":"https:\/\/nujumsahara.com\/fr\/wp-json\/wp\/v2\/product_brand?post=7218"},{"taxonomy":"product_cat","embeddable":true,"href":"https:\/\/nujumsahara.com\/fr\/wp-json\/wp\/v2\/product_cat?post=7218"},{"taxonomy":"product_tag","embeddable":true,"href":"https:\/\/nujumsahara.com\/fr\/wp-json\/wp\/v2\/product_tag?post=7218"}],"curies":[{"name":"wp","href":"https:\/\/api.w.org\/{rel}","templated":true}]}}