{"id":7219,"date":"2026-02-02T01:38:50","date_gmt":"2026-02-01T21:38:50","guid":{"rendered":"https:\/\/nujumsahara.com\/?post_type=product&#038;p=7219"},"modified":"2026-04-02T15:41:44","modified_gmt":"2026-04-02T11:41:44","slug":"savon-oocha-trans","status":"publish","type":"product","link":"https:\/\/nujumsahara.com\/fr\/product\/oocha-trans-soap\/","title":{"rendered":"Savon Trans Oocha"},"content":{"rendered":"<p>DXN Oocha Trans Soap est un savon parfum\u00e9, transparent et naturel fabriqu\u00e9 par DXN Middle East Official Site. Formul\u00e9 avec de la poudre de feuilles de Camellia sinensis (th\u00e9 vert) et de l'extrait de Ganoderma, il est con\u00e7u pour nettoyer en profondeur, hydrater et donner de l'\u00e9clat \u00e0 la peau sans \u00e9liminer les huiles naturelles. Il convient \u00e0 tous les types de peau, y compris les peaux sensibles, et aide \u00e0 combattre les signes pr\u00e9coces du vieillissement.<br \/>\n<strong>Principales caract\u00e9ristiques et avantages<\/strong>:<br \/>\nNettoyage en profondeur : \u00c9limine la salet\u00e9 et l'exc\u00e8s de s\u00e9bum, laissant la peau douce et propre.<br \/>\nNourrir la peau : Contient des antioxydants qui aident \u00e0 maintenir la souplesse et la vitalit\u00e9 de la peau.<br \/>\nIngr\u00e9dients naturels : Formul\u00e9 avec de la poudre de feuilles de camellia sinensis et de l'extrait de ganoderma.<br \/>\nConvient : Suffisamment doux pour une utilisation quotidienne sur le visage et le corps pour tous les types de peau.<br \/>\nConditionnement : Disponible en barres.<br \/>\n<strong>Instructions d'utilisation<\/strong>:<br \/>\nPour obtenir les meilleurs r\u00e9sultats, mouillez votre visage ou votre corps avec de l'eau ti\u00e8de, faites mousser le savon, massez d\u00e9licatement la peau et rincez abondamment. Il est recommand\u00e9 de l'utiliser deux fois par jour.<\/p>","protected":false},"excerpt":{"rendered":"<p>DXN Oocha Trans Soap est un savon parfum\u00e9, transparent et naturel fabriqu\u00e9 par DXN Middle East Official Site. Formul\u00e9 avec de la poudre de feuilles de Camellia sinensis (th\u00e9 vert) et de l'extrait de Ganoderma, il est con\u00e7u pour nettoyer en profondeur, hydrater et donner de l'\u00e9clat \u00e0 la peau sans \u00e9liminer les huiles naturelles. Il convient \u00e0 tous les types de peau, y compris les peaux sensibles, et aide \u00e0 combattre les signes pr\u00e9coces du vieillissement.<\/p>","protected":false},"featured_media":7614,"comment_status":"open","ping_status":"closed","template":"","meta":[],"product_brand":[50],"product_cat":[55],"product_tag":[],"class_list":{"0":"post-7219","1":"product","2":"type-product","3":"status-publish","4":"has-post-thumbnail","6":"product_brand-dxn","7":"product_cat-personal-care","9":"first","10":"instock","11":"taxable","12":"shipping-taxable","13":"purchasable","14":"product-type-simple"},"_links":{"self":[{"href":"https:\/\/nujumsahara.com\/fr\/wp-json\/wp\/v2\/product\/7219","targetHints":{"allow":["GET"]}}],"collection":[{"href":"https:\/\/nujumsahara.com\/fr\/wp-json\/wp\/v2\/product"}],"about":[{"href":"https:\/\/nujumsahara.com\/fr\/wp-json\/wp\/v2\/types\/product"}],"replies":[{"embeddable":true,"href":"https:\/\/nujumsahara.com\/fr\/wp-json\/wp\/v2\/comments?post=7219"}],"wp:featuredmedia":[{"embeddable":true,"href":"https:\/\/nujumsahara.com\/fr\/wp-json\/wp\/v2\/media\/7614"}],"wp:attachment":[{"href":"https:\/\/nujumsahara.com\/fr\/wp-json\/wp\/v2\/media?parent=7219"}],"wp:term":[{"taxonomy":"product_brand","embeddable":true,"href":"https:\/\/nujumsahara.com\/fr\/wp-json\/wp\/v2\/product_brand?post=7219"},{"taxonomy":"product_cat","embeddable":true,"href":"https:\/\/nujumsahara.com\/fr\/wp-json\/wp\/v2\/product_cat?post=7219"},{"taxonomy":"product_tag","embeddable":true,"href":"https:\/\/nujumsahara.com\/fr\/wp-json\/wp\/v2\/product_tag?post=7219"}],"curies":[{"name":"wp","href":"https:\/\/api.w.org\/{rel}","templated":true}]}}