{"id":7220,"date":"2026-02-02T01:38:50","date_gmt":"2026-02-01T21:38:50","guid":{"rendered":"https:\/\/nujumsahara.com\/?post_type=product&#038;p=7220"},"modified":"2026-03-08T11:17:37","modified_gmt":"2026-03-08T07:17:37","slug":"huile-de-coco-vierge-biologique","status":"publish","type":"product","link":"https:\/\/nujumsahara.com\/fr\/product\/organic-virgin-coconut-oil\/","title":{"rendered":"Huile de noix de coco vierge biologique"},"content":{"rendered":"<p>L'huile de coco vierge biologique de DXN est une huile pure 100%, press\u00e9e \u00e0 froid \u00e0 partir de noix de coco biologiques, ce qui signifie qu'elle est extraite sans produits chimiques agressifs ni chaleur \u00e9lev\u00e9e pour conserver ses nutriments naturels, ses riches antioxydants et ses graisses saines, ce qui en fait un produit polyvalent pour la cuisine saine, les soins de la peau, les soins capillaires et le bien-\u00eatre g\u00e9n\u00e9ral, favorisant le m\u00e9tabolisme, la sant\u00e9 de la peau, des cheveux et du c\u0153ur.<br \/>\n<strong>Principales caract\u00e9ristiques et avantages<\/strong>:<br \/>\nPur et biologique : Fabriqu\u00e9 \u00e0 partir de noix de coco fra\u00eeches et biologiques, sans raffinage chimique.<br \/>\nPress\u00e9 \u00e0 froid : Pr\u00e9serve les compos\u00e9s bioactifs, la saveur et les nutriments.<br \/>\nRiche en TCM : Contient des acides gras \u00e0 cha\u00eene moyenne (TCM) qui sont facilement dig\u00e9r\u00e9s et utilis\u00e9s comme source d'\u00e9nergie.<br \/>\n<strong>Polyvalent<\/strong>:<br \/>\nCulinaire : Id\u00e9al pour la cuisson, la friture et la vinaigrette.<br \/>\nBeaut\u00e9 : Hydrate la peau et nourrit les cheveux.<br \/>\nSant\u00e9 : Favorise la sant\u00e9 cardiaque, le m\u00e9tabolisme et l'immunit\u00e9, et agit comme un antioxydant.<br \/>\nPolyvalent : un produit de base pour les personnes soucieuses de leur sant\u00e9, tant pour un usage interne qu'externe.<br \/>\nIl s'agit essentiellement d'une huile de noix de coco naturelle, non transform\u00e9e, qui constitue un aliment sain et un produit cosm\u00e9tique naturel.<\/p>","protected":false},"excerpt":{"rendered":"<p>L'huile de coco vierge biologique de DXN est une huile pure 100%, press\u00e9e \u00e0 froid \u00e0 partir de noix de coco biologiques, ce qui signifie qu'elle est extraite sans produits chimiques agressifs ni chaleur \u00e9lev\u00e9e pour conserver ses nutriments naturels, ses riches antioxydants et ses graisses saines, ce qui en fait un produit polyvalent pour la cuisine saine, les soins de la peau, les soins capillaires et le bien-\u00eatre g\u00e9n\u00e9ral, favorisant le m\u00e9tabolisme, la sant\u00e9 de la peau, des cheveux et du c\u0153ur.<\/p>","protected":false},"featured_media":7615,"comment_status":"open","ping_status":"closed","template":"","meta":[],"product_brand":[50],"product_cat":[54],"product_tag":[],"class_list":{"0":"post-7220","1":"product","2":"type-product","3":"status-publish","4":"has-post-thumbnail","6":"product_brand-dxn","7":"product_cat-food-beverages","9":"first","10":"instock","11":"taxable","12":"shipping-taxable","13":"purchasable","14":"product-type-simple"},"_links":{"self":[{"href":"https:\/\/nujumsahara.com\/fr\/wp-json\/wp\/v2\/product\/7220","targetHints":{"allow":["GET"]}}],"collection":[{"href":"https:\/\/nujumsahara.com\/fr\/wp-json\/wp\/v2\/product"}],"about":[{"href":"https:\/\/nujumsahara.com\/fr\/wp-json\/wp\/v2\/types\/product"}],"replies":[{"embeddable":true,"href":"https:\/\/nujumsahara.com\/fr\/wp-json\/wp\/v2\/comments?post=7220"}],"wp:featuredmedia":[{"embeddable":true,"href":"https:\/\/nujumsahara.com\/fr\/wp-json\/wp\/v2\/media\/7615"}],"wp:attachment":[{"href":"https:\/\/nujumsahara.com\/fr\/wp-json\/wp\/v2\/media?parent=7220"}],"wp:term":[{"taxonomy":"product_brand","embeddable":true,"href":"https:\/\/nujumsahara.com\/fr\/wp-json\/wp\/v2\/product_brand?post=7220"},{"taxonomy":"product_cat","embeddable":true,"href":"https:\/\/nujumsahara.com\/fr\/wp-json\/wp\/v2\/product_cat?post=7220"},{"taxonomy":"product_tag","embeddable":true,"href":"https:\/\/nujumsahara.com\/fr\/wp-json\/wp\/v2\/product_tag?post=7220"}],"curies":[{"name":"wp","href":"https:\/\/api.w.org\/{rel}","templated":true}]}}