{"id":7221,"date":"2026-02-02T01:38:50","date_gmt":"2026-02-01T21:38:50","guid":{"rendered":"https:\/\/nujumsahara.com\/?post_type=product&#038;p=7221"},"modified":"2026-04-28T19:50:26","modified_gmt":"2026-04-28T15:50:26","slug":"gommage-du-visage-a-la-papaye","status":"publish","type":"product","link":"https:\/\/nujumsahara.com\/fr\/product\/papaya-facial-scrub\/","title":{"rendered":"Exfoliant pour le visage \u00e0 la papaye"},"content":{"rendered":"<p>Le gommage facial \u00e0 la papaye DXN est un produit exfoliant doux qui utilise des enzymes de papaye, des granul\u00e9s fins (comme les coquilles de noix\/pacanes) et des ingr\u00e9dients nourrissants (comme le Ganoderma et l'aloe vera) pour nettoyer la peau en profondeur, \u00e9liminer les cellules mortes, la salet\u00e9 et le s\u00e9bum, r\u00e9v\u00e9lant une peau plus lumineuse, plus lisse et plus douce avec un \u00e9clat sain. Il convient \u00e0 la plupart des types de peau, et s'utilise deux fois par semaine.<br \/>\n<strong>Principaux avantages et ingr\u00e9dients<\/strong>:<br \/>\nExfoliation : Contient des enzymes naturelles de papaye (papa\u00efne) et de fines particules (coquille de noix\/p\u00e9can) pour \u00e9liminer les peaux mortes et d\u00e9sobstruer les pores.<br \/>\n\u00c9claircissant : Aide \u00e0 unifier le teint, \u00e0 r\u00e9duire l'aspect terne de la peau et \u00e0 r\u00e9v\u00e9ler une peau plus lumineuse et plus \u00e9clatante.<br \/>\nNourrissant : infus\u00e9 d'ingr\u00e9dients b\u00e9n\u00e9fiques comme le Ganoderma (Reishi), l'Aloe Vera et l'extrait d'avoine pour apaiser, hydrater et prot\u00e9ger la peau.<br \/>\nNettoyage en profondeur : \u00c9limine l'exc\u00e8s de s\u00e9bum, la salet\u00e9 et les impuret\u00e9s, laissant la peau fra\u00eeche.<br \/>\nFinition lisse et douce : Laisse la peau douce et soyeuse au toucher.<br \/>\n<strong>Comment l'utiliser<\/strong>:<br \/>\nAppliquer une petite quantit\u00e9 sur le visage propre et humide.<br \/>\nMasser doucement en mouvements circulaires pendant 2 \u00e0 3 minutes.<br \/>\nLaisser agir pendant environ 5 minutes.<br \/>\nRincer abondamment \u00e0 l'eau.<br \/>\nUtiliser 2 \u00e0 3 fois par semaine pour de meilleurs r\u00e9sultats<\/p>","protected":false},"excerpt":{"rendered":"<p>Le gommage facial \u00e0 la papaye de DXN est un produit exfoliant doux qui utilise des enzymes de papaye, des granul\u00e9s fins (comme les coquilles de noix\/pacanes) et des ingr\u00e9dients nourrissants (comme le Ganoderma et l'aloe vera) pour nettoyer la peau en profondeur, \u00e9liminer les cellules mortes, la salet\u00e9 et le s\u00e9bum, r\u00e9v\u00e9lant une peau plus lumineuse, plus lisse et plus douce avec un \u00e9clat sain. Il convient \u00e0 la plupart des types de peau, et s'utilise deux fois par semaine.<\/p>","protected":false},"featured_media":7616,"comment_status":"open","ping_status":"closed","template":"","meta":[],"product_brand":[50],"product_cat":[52],"product_tag":[],"class_list":{"0":"post-7221","1":"product","2":"type-product","3":"status-publish","4":"has-post-thumbnail","6":"product_brand-dxn","7":"product_cat-skin-care-cosmetics","9":"first","10":"instock","11":"taxable","12":"shipping-taxable","13":"purchasable","14":"product-type-simple"},"_links":{"self":[{"href":"https:\/\/nujumsahara.com\/fr\/wp-json\/wp\/v2\/product\/7221","targetHints":{"allow":["GET"]}}],"collection":[{"href":"https:\/\/nujumsahara.com\/fr\/wp-json\/wp\/v2\/product"}],"about":[{"href":"https:\/\/nujumsahara.com\/fr\/wp-json\/wp\/v2\/types\/product"}],"replies":[{"embeddable":true,"href":"https:\/\/nujumsahara.com\/fr\/wp-json\/wp\/v2\/comments?post=7221"}],"wp:featuredmedia":[{"embeddable":true,"href":"https:\/\/nujumsahara.com\/fr\/wp-json\/wp\/v2\/media\/7616"}],"wp:attachment":[{"href":"https:\/\/nujumsahara.com\/fr\/wp-json\/wp\/v2\/media?parent=7221"}],"wp:term":[{"taxonomy":"product_brand","embeddable":true,"href":"https:\/\/nujumsahara.com\/fr\/wp-json\/wp\/v2\/product_brand?post=7221"},{"taxonomy":"product_cat","embeddable":true,"href":"https:\/\/nujumsahara.com\/fr\/wp-json\/wp\/v2\/product_cat?post=7221"},{"taxonomy":"product_tag","embeddable":true,"href":"https:\/\/nujumsahara.com\/fr\/wp-json\/wp\/v2\/product_tag?post=7221"}],"curies":[{"name":"wp","href":"https:\/\/api.w.org\/{rel}","templated":true}]}}