{"id":7222,"date":"2026-02-02T01:38:50","date_gmt":"2026-02-01T21:38:50","guid":{"rendered":"https:\/\/nujumsahara.com\/?post_type=product&#038;p=7222"},"modified":"2026-03-08T11:17:37","modified_gmt":"2026-03-08T07:17:37","slug":"poudre-de-perle-30g","status":"publish","type":"product","link":"https:\/\/nujumsahara.com\/fr\/product\/pearl-powder-30g\/","title":{"rendered":"Poudre de perle 30g"},"content":{"rendered":"<p>DXN Pearl Powder est un compl\u00e9ment alimentaire compos\u00e9 de perles d'hu\u00eetres (Pteria Martensii) finement broy\u00e9es, utilis\u00e9es dans la m\u00e9decine traditionnelle pour la sant\u00e9 de la peau, la d\u00e9sintoxication et comme source de calcium, connues pour favoriser la tonicit\u00e9 de la peau et potentiellement offrir des avantages pour la sant\u00e9 des os et la r\u00e9duction de l'inflammation, bien qu'elles soient pures et destin\u00e9es \u00e0 la suppl\u00e9mentation de sant\u00e9.<br \/>\n<strong>Aspects cl\u00e9s de la poudre de perle DXN<\/strong>:<br \/>\nSource : D\u00e9riv\u00e9 d'hu\u00eetres, en particulier de l'esp\u00e8ce Pteria Martensii, r\u00e9duites en poudre fine.<br \/>\nUtilisations traditionnelles : Dans la m\u00e9decine traditionnelle chinoise, les perles sont utilis\u00e9es pour les affections cutan\u00e9es (comme la pigmentation), la d\u00e9sintoxication, les probl\u00e8mes oculaires et les troubles du syst\u00e8me nerveux.<br \/>\n<strong>Avantages pour la sant\u00e9<\/strong>:<br \/>\nPeau : Favorise l'uniformit\u00e9 du teint et l'\u00e9clat de la peau.<br \/>\nD\u00e9sintoxication : Peut aider \u00e0 prot\u00e9ger les reins des toxines comme le mercure.<br \/>\nNutritionnel : Riche en calcium, il peut aider \u00e0 lutter contre l'ost\u00e9oporose et les carences en calcium.<br \/>\nAnti-inflammatoire : Peut contribuer \u00e0 r\u00e9duire l'inflammation.<br \/>\nUtilisation : G\u00e9n\u00e9ralement m\u00e9lang\u00e9 \u00e0 de l'eau ou du th\u00e9, souvent pris en petites doses (par exemple, 1 gramme deux fois par semaine), mais la prudence est de mise en cas de consommation excessive afin d'\u00e9viter une toxicit\u00e9 calcique.<br \/>\nPuret\u00e9 : DXN met l'accent sur un produit pur sans ingr\u00e9dients ajout\u00e9s.<br \/>\nEssentiellement, la poudre de perle DXN exploite les propri\u00e9t\u00e9s naturelles des perles pour le bien-\u00eatre, en se concentrant sur le rajeunissement de la peau et le soutien de la sant\u00e9 interne, conform\u00e9ment aux pratiques m\u00e9dicinales de longue date.<\/p>","protected":false},"excerpt":{"rendered":"<p>DXN Pearl Powder est un compl\u00e9ment alimentaire compos\u00e9 de perles d'hu\u00eetres (Pteria Martensii) finement broy\u00e9es, utilis\u00e9es dans la m\u00e9decine traditionnelle pour la sant\u00e9 de la peau, la d\u00e9sintoxication et comme source de calcium, connues pour favoriser la tonicit\u00e9 de la peau et potentiellement offrir des avantages pour la sant\u00e9 des os et la r\u00e9duction de l'inflammation, bien qu'elles soient pures et destin\u00e9es \u00e0 la suppl\u00e9mentation de sant\u00e9.<\/p>","protected":false},"featured_media":7617,"comment_status":"open","ping_status":"closed","template":"","meta":[],"product_brand":[50],"product_cat":[53],"product_tag":[],"class_list":{"0":"post-7222","1":"product","2":"type-product","3":"status-publish","4":"has-post-thumbnail","6":"product_brand-dxn","7":"product_cat-food-supplements","9":"first","10":"instock","11":"taxable","12":"shipping-taxable","13":"purchasable","14":"product-type-simple"},"_links":{"self":[{"href":"https:\/\/nujumsahara.com\/fr\/wp-json\/wp\/v2\/product\/7222","targetHints":{"allow":["GET"]}}],"collection":[{"href":"https:\/\/nujumsahara.com\/fr\/wp-json\/wp\/v2\/product"}],"about":[{"href":"https:\/\/nujumsahara.com\/fr\/wp-json\/wp\/v2\/types\/product"}],"replies":[{"embeddable":true,"href":"https:\/\/nujumsahara.com\/fr\/wp-json\/wp\/v2\/comments?post=7222"}],"wp:featuredmedia":[{"embeddable":true,"href":"https:\/\/nujumsahara.com\/fr\/wp-json\/wp\/v2\/media\/7617"}],"wp:attachment":[{"href":"https:\/\/nujumsahara.com\/fr\/wp-json\/wp\/v2\/media?parent=7222"}],"wp:term":[{"taxonomy":"product_brand","embeddable":true,"href":"https:\/\/nujumsahara.com\/fr\/wp-json\/wp\/v2\/product_brand?post=7222"},{"taxonomy":"product_cat","embeddable":true,"href":"https:\/\/nujumsahara.com\/fr\/wp-json\/wp\/v2\/product_cat?post=7222"},{"taxonomy":"product_tag","embeddable":true,"href":"https:\/\/nujumsahara.com\/fr\/wp-json\/wp\/v2\/product_tag?post=7222"}],"curies":[{"name":"wp","href":"https:\/\/api.w.org\/{rel}","templated":true}]}}