{"id":7223,"date":"2026-02-02T01:38:50","date_gmt":"2026-02-01T21:38:50","guid":{"rendered":"https:\/\/nujumsahara.com\/?post_type=product&#038;p=7223"},"modified":"2026-03-08T11:17:37","modified_gmt":"2026-03-08T07:17:37","slug":"potenzhi-90s","status":"publish","type":"product","link":"https:\/\/nujumsahara.com\/fr\/product\/potenzhi-90s\/","title":{"rendered":"Potenzhi 90\u2019s"},"content":{"rendered":"<p>DXN Potenzhi 90 est un compl\u00e9ment alimentaire naturel \u00e0 base de plantes de DXN, formul\u00e9 avec neuf herbes puissantes, dont le Tongkat Ali (Eurycoma longifolia) et le Ganoderma (Reishi), con\u00e7u pour am\u00e9liorer la vitalit\u00e9, l'\u00e9nergie, l'endurance, les performances physiques et le bien-\u00eatre g\u00e9n\u00e9ral des hommes en am\u00e9liorant la circulation sanguine et en luttant contre la fatigue. Le \u201c90\u201d fait r\u00e9f\u00e9rence aux 90 g\u00e9lules contenues dans le flacon. Ce produit est appr\u00e9ci\u00e9 pour son soutien \u00e0 la sant\u00e9 masculine gr\u00e2ce \u00e0 des ingr\u00e9dients traditionnels connus pour stimuler la force et la libido.<br \/>\n<strong>Principaux ingr\u00e9dients et avantages<\/strong>:<br \/>\nTongkat Ali &amp; Butea Superba : Ingr\u00e9dients cl\u00e9s connus pour stimuler la force physique, la vitalit\u00e9 et les performances sexuelles des hommes.<br \/>\nGanoderma (Reishi), Cordyceps, Poivre noir, C\u00e9leri, Th\u00e9 vert, Racine de Lalang, Tige de Kyu Sikang : Un m\u00e9lange d'herbes traditionnelles pour soutenir l'endurance, r\u00e9duire la fatigue et promouvoir la sant\u00e9 en g\u00e9n\u00e9ral.<br \/>\nAm\u00e9lioration de la circulation et de l'\u00e9nergie : aide \u00e0 am\u00e9liorer la circulation sanguine, \u00e0 stimuler les niveaux d'\u00e9nergie et \u00e0 surmonter l'\u00e9puisement mental.<br \/>\n<strong>Pour qui ?<\/strong>:<br \/>\nLes hommes qui recherchent un moyen naturel d'am\u00e9liorer leur \u00e9nergie, leur endurance et leur vitalit\u00e9.<br \/>\nLes personnes \u00e0 la recherche d'un soutien pour leurs performances physiques et leur bien-\u00eatre.<br \/>\n<strong>Utilisation<\/strong>:<br \/>\nG\u00e9n\u00e9ralement pris \u00e0 raison de 3 g\u00e9lules par jour, avant ou apr\u00e8s un repas, dans le cadre d'une routine r\u00e9guli\u00e8re.<\/p>","protected":false},"excerpt":{"rendered":"<p>DXN Potenzhi 90 est un compl\u00e9ment alimentaire naturel \u00e0 base de plantes de DXN, formul\u00e9 avec neuf herbes puissantes, dont le Tongkat Ali (Eurycoma longifolia) et le Ganoderma (Reishi), con\u00e7u pour am\u00e9liorer la vitalit\u00e9, l'\u00e9nergie, l'endurance, les performances physiques et le bien-\u00eatre g\u00e9n\u00e9ral des hommes en am\u00e9liorant la circulation sanguine et en luttant contre la fatigue. Le \u201c90\u201d fait r\u00e9f\u00e9rence aux 90 g\u00e9lules contenues dans le flacon. Ce produit est appr\u00e9ci\u00e9 pour son soutien \u00e0 la sant\u00e9 masculine gr\u00e2ce \u00e0 des ingr\u00e9dients traditionnels connus pour stimuler la force et la libido.<\/p>","protected":false},"featured_media":7618,"comment_status":"open","ping_status":"closed","template":"","meta":[],"product_brand":[50],"product_cat":[53],"product_tag":[],"class_list":{"0":"post-7223","1":"product","2":"type-product","3":"status-publish","4":"has-post-thumbnail","6":"product_brand-dxn","7":"product_cat-food-supplements","9":"first","10":"instock","11":"taxable","12":"shipping-taxable","13":"purchasable","14":"product-type-simple"},"_links":{"self":[{"href":"https:\/\/nujumsahara.com\/fr\/wp-json\/wp\/v2\/product\/7223","targetHints":{"allow":["GET"]}}],"collection":[{"href":"https:\/\/nujumsahara.com\/fr\/wp-json\/wp\/v2\/product"}],"about":[{"href":"https:\/\/nujumsahara.com\/fr\/wp-json\/wp\/v2\/types\/product"}],"replies":[{"embeddable":true,"href":"https:\/\/nujumsahara.com\/fr\/wp-json\/wp\/v2\/comments?post=7223"}],"wp:featuredmedia":[{"embeddable":true,"href":"https:\/\/nujumsahara.com\/fr\/wp-json\/wp\/v2\/media\/7618"}],"wp:attachment":[{"href":"https:\/\/nujumsahara.com\/fr\/wp-json\/wp\/v2\/media?parent=7223"}],"wp:term":[{"taxonomy":"product_brand","embeddable":true,"href":"https:\/\/nujumsahara.com\/fr\/wp-json\/wp\/v2\/product_brand?post=7223"},{"taxonomy":"product_cat","embeddable":true,"href":"https:\/\/nujumsahara.com\/fr\/wp-json\/wp\/v2\/product_cat?post=7223"},{"taxonomy":"product_tag","embeddable":true,"href":"https:\/\/nujumsahara.com\/fr\/wp-json\/wp\/v2\/product_tag?post=7223"}],"curies":[{"name":"wp","href":"https:\/\/api.w.org\/{rel}","templated":true}]}}