{"id":7224,"date":"2026-02-02T01:38:50","date_gmt":"2026-02-01T21:38:50","guid":{"rendered":"https:\/\/nujumsahara.com\/?post_type=product&#038;p=7224"},"modified":"2026-04-08T18:35:03","modified_gmt":"2026-04-08T14:35:03","slug":"champignon-reishi-en-poudre-70g","status":"publish","type":"product","link":"https:\/\/nujumsahara.com\/fr\/product\/reishi-mushroom-powder-70g\/","title":{"rendered":"Champignon Reishi en poudre 70g"},"content":{"rendered":"<p>DXN Organic Reishi Mushroom Powder - Vital Food. La poudre de champignon Reishi de DXN est un suppl\u00e9ment de bien-\u00eatre fabriqu\u00e9 \u00e0 partir du corps du fruit et du myc\u00e9lium du champignon Ganoderma lucidum, connu sous le nom de Reishi ou Lingzhi, cultiv\u00e9 dans les fermes biologiques de DXN. Commercialis\u00e9 en tant qu'\u00e9l\u00e9ment nutritionnel pour soutenir la sant\u00e9 globale, l'immunit\u00e9 et la vitalit\u00e9, il contient des polysaccharides, de l'ad\u00e9nosine et des triterp\u00e9no\u00efdes, offrant des propri\u00e9t\u00e9s antioxydantes et aidant le corps \u00e0 r\u00e9sister aux maladies plut\u00f4t qu'\u00e0 traiter des maladies sp\u00e9cifiques.<br \/>\n<strong>Aspects cl\u00e9s de la poudre de reishi DXN<\/strong>:<br \/>\nIngr\u00e9dients : Un m\u00e9lange du corps du fruit (Ganocelium) et du myc\u00e9lium (Reishilium) du champignon Reishi.<br \/>\nOrigine : Cultiv\u00e9 dans les fermes biologiques de DXN.<br \/>\nObjectif : Compl\u00e9ment alimentaire destin\u00e9 \u00e0 renforcer le bien-\u00eatre g\u00e9n\u00e9ral, l'immunit\u00e9 et l'\u00e9nergie, et non un m\u00e9dicament.<br \/>\nAvantages (revendiqu\u00e9s\/traditionnels) : Favorise la r\u00e9sistance de l'organisme aux maladies, fournit des antioxydants et favorise la sant\u00e9 g\u00e9n\u00e9rale.<br \/>\nNutriments : Riche en polysaccharides, ad\u00e9nosine, triterp\u00e9no\u00efdes, prot\u00e9ines et fibres.<br \/>\nUtilisation : Une forme de poudre pratique qui peut \u00eatre m\u00e9lang\u00e9e \u00e0 des boissons, adapt\u00e9e \u00e0 la consommation quotidienne, bien qu'elle n\u00e9cessite une utilisation r\u00e9guli\u00e8re pour des b\u00e9n\u00e9fices plus profonds.<\/p>","protected":false},"excerpt":{"rendered":"<p>DXN Organic Reishi Mushroom Powder - Vital Food. La poudre de champignon Reishi de DXN est un suppl\u00e9ment de bien-\u00eatre fabriqu\u00e9 \u00e0 partir du corps du fruit et du myc\u00e9lium du champignon Ganoderma lucidum, connu sous le nom de Reishi ou Lingzhi, cultiv\u00e9 dans les fermes biologiques de DXN. Commercialis\u00e9 en tant qu'\u00e9l\u00e9ment nutritionnel pour soutenir la sant\u00e9 globale, l'immunit\u00e9 et la vitalit\u00e9, il contient des polysaccharides, de l'ad\u00e9nosine et des triterp\u00e9no\u00efdes, offrant des propri\u00e9t\u00e9s antioxydantes et aidant le corps \u00e0 r\u00e9sister aux maladies plut\u00f4t qu'\u00e0 traiter des maladies sp\u00e9cifiques.<\/p>","protected":false},"featured_media":7619,"comment_status":"open","ping_status":"closed","template":"","meta":[],"product_brand":[50],"product_cat":[53],"product_tag":[],"class_list":{"0":"post-7224","1":"product","2":"type-product","3":"status-publish","4":"has-post-thumbnail","6":"product_brand-dxn","7":"product_cat-food-supplements","9":"first","10":"instock","11":"taxable","12":"shipping-taxable","13":"purchasable","14":"product-type-simple"},"_links":{"self":[{"href":"https:\/\/nujumsahara.com\/fr\/wp-json\/wp\/v2\/product\/7224","targetHints":{"allow":["GET"]}}],"collection":[{"href":"https:\/\/nujumsahara.com\/fr\/wp-json\/wp\/v2\/product"}],"about":[{"href":"https:\/\/nujumsahara.com\/fr\/wp-json\/wp\/v2\/types\/product"}],"replies":[{"embeddable":true,"href":"https:\/\/nujumsahara.com\/fr\/wp-json\/wp\/v2\/comments?post=7224"}],"wp:featuredmedia":[{"embeddable":true,"href":"https:\/\/nujumsahara.com\/fr\/wp-json\/wp\/v2\/media\/7619"}],"wp:attachment":[{"href":"https:\/\/nujumsahara.com\/fr\/wp-json\/wp\/v2\/media?parent=7224"}],"wp:term":[{"taxonomy":"product_brand","embeddable":true,"href":"https:\/\/nujumsahara.com\/fr\/wp-json\/wp\/v2\/product_brand?post=7224"},{"taxonomy":"product_cat","embeddable":true,"href":"https:\/\/nujumsahara.com\/fr\/wp-json\/wp\/v2\/product_cat?post=7224"},{"taxonomy":"product_tag","embeddable":true,"href":"https:\/\/nujumsahara.com\/fr\/wp-json\/wp\/v2\/product_tag?post=7224"}],"curies":[{"name":"wp","href":"https:\/\/api.w.org\/{rel}","templated":true}]}}