{"id":7225,"date":"2026-02-02T01:38:51","date_gmt":"2026-02-01T21:38:51","guid":{"rendered":"https:\/\/nujumsahara.com\/?post_type=product&#038;p=7225"},"modified":"2026-03-08T11:19:16","modified_gmt":"2026-03-08T07:19:16","slug":"jus-de-roselle","status":"publish","type":"product","link":"https:\/\/nujumsahara.com\/fr\/product\/roselle-juice\/","title":{"rendered":"Jus de roselle"},"content":{"rendered":"<p>Le jus de roselle DXN est une boisson rafra\u00eechissante sans caf\u00e9ine \u00e0 base d'extrait de calices de roselle (Hibiscus sabdariffa), riche en vitamine C naturelle, en antioxydants et en acides v\u00e9g\u00e9taux, offrant un soutien immunitaire et un go\u00fbt piquant, adapt\u00e9 \u00e0 la dilution et \u00e0 la d\u00e9gustation comme boisson saine ou pour la pr\u00e9paration de gel\u00e9es et de glaces. Il est connu pour sa couleur vibrante et est exempt de conservateurs ajout\u00e9s, de colorants et d'ar\u00f4mes artificiels, ce qui favorise le bien-\u00eatre g\u00e9n\u00e9ral.<br \/>\n<strong>Principales caract\u00e9ristiques et avantages<\/strong>:<br \/>\nRiche en nutriments : Riche en vitamine C, en b\u00eata-carot\u00e8ne et en vitamines B (B1, B2, B6).<br \/>\nPouvoir antioxydant : Contient des anthocyanes et d'autres antioxydants qui favorisent la sant\u00e9 cellulaire.<br \/>\nSoutien \u00e0 la sant\u00e9 : Favorise la fonction immunitaire, la sant\u00e9 de la peau, la sant\u00e9 des gencives et peut faciliter la digestion.<br \/>\nNaturel et pur : Fabriqu\u00e9 \u00e0 partir de l'extrait de roselle 100%, sans conservateurs ni additifs artificiels ajout\u00e9s.<br \/>\nPolyvalent : peut \u00eatre d\u00e9gust\u00e9 dilu\u00e9 comme boisson ou utilis\u00e9 comme base pour des desserts tels que la confiture, la gel\u00e9e et la cr\u00e8me glac\u00e9e.<br \/>\nSans caf\u00e9ine : Une boisson naturelle \u00e0 base de plantes qui convient \u00e0 tout moment de la journ\u00e9e.<br \/>\n<strong>Comment appr\u00e9cier<\/strong>:<br \/>\nDiluer le concentr\u00e9 avec de l'eau jusqu'\u00e0 la concentration souhait\u00e9e et servir frais sur de la glace pour une boisson revitalisante.<\/p>","protected":false},"excerpt":{"rendered":"<p>Le jus de roselle DXN est une boisson rafra\u00eechissante sans caf\u00e9ine \u00e0 base d'extrait de calices de roselle (Hibiscus sabdariffa), riche en vitamine C naturelle, en antioxydants et en acides v\u00e9g\u00e9taux, offrant un soutien immunitaire et un go\u00fbt piquant, adapt\u00e9 \u00e0 la dilution et \u00e0 la d\u00e9gustation comme boisson saine ou pour la pr\u00e9paration de gel\u00e9es et de glaces. Il est connu pour sa couleur vibrante et est exempt de conservateurs ajout\u00e9s, de colorants et d'ar\u00f4mes artificiels, ce qui favorise le bien-\u00eatre g\u00e9n\u00e9ral.<\/p>","protected":false},"featured_media":7620,"comment_status":"open","ping_status":"closed","template":"","meta":[],"product_brand":[50],"product_cat":[54],"product_tag":[],"class_list":{"0":"post-7225","1":"product","2":"type-product","3":"status-publish","4":"has-post-thumbnail","6":"product_brand-dxn","7":"product_cat-food-beverages","9":"first","10":"instock","11":"taxable","12":"shipping-taxable","13":"purchasable","14":"product-type-simple"},"_links":{"self":[{"href":"https:\/\/nujumsahara.com\/fr\/wp-json\/wp\/v2\/product\/7225","targetHints":{"allow":["GET"]}}],"collection":[{"href":"https:\/\/nujumsahara.com\/fr\/wp-json\/wp\/v2\/product"}],"about":[{"href":"https:\/\/nujumsahara.com\/fr\/wp-json\/wp\/v2\/types\/product"}],"replies":[{"embeddable":true,"href":"https:\/\/nujumsahara.com\/fr\/wp-json\/wp\/v2\/comments?post=7225"}],"wp:featuredmedia":[{"embeddable":true,"href":"https:\/\/nujumsahara.com\/fr\/wp-json\/wp\/v2\/media\/7620"}],"wp:attachment":[{"href":"https:\/\/nujumsahara.com\/fr\/wp-json\/wp\/v2\/media?parent=7225"}],"wp:term":[{"taxonomy":"product_brand","embeddable":true,"href":"https:\/\/nujumsahara.com\/fr\/wp-json\/wp\/v2\/product_brand?post=7225"},{"taxonomy":"product_cat","embeddable":true,"href":"https:\/\/nujumsahara.com\/fr\/wp-json\/wp\/v2\/product_cat?post=7225"},{"taxonomy":"product_tag","embeddable":true,"href":"https:\/\/nujumsahara.com\/fr\/wp-json\/wp\/v2\/product_tag?post=7225"}],"curies":[{"name":"wp","href":"https:\/\/api.w.org\/{rel}","templated":true}]}}