{"id":7226,"date":"2026-02-02T01:38:51","date_gmt":"2026-02-01T21:38:51","guid":{"rendered":"https:\/\/nujumsahara.com\/?post_type=product&#038;p=7226"},"modified":"2026-03-08T11:17:44","modified_gmt":"2026-03-08T07:17:44","slug":"poudre-de-champignons-shiitake","status":"publish","type":"product","link":"https:\/\/nujumsahara.com\/fr\/product\/shiitake-mushroom-powder\/","title":{"rendered":"Poudre de champignon shiitake"},"content":{"rendered":"<p>La poudre de champignon Shiitake de DXN est un suppl\u00e9ment nutritionnel fabriqu\u00e9 \u00e0 partir du c\u00e9l\u00e8bre champignon Shiitake (Lentinus edodes), connu pour sa richesse en nutriments, en antioxydants et en polysaccharides qui peuvent soutenir la fonction immunitaire. Il est souvent pris m\u00e9lang\u00e9 \u00e0 de l'eau chaude ou \u00e0 d'autres boissons pour l'enrichissement des nutriments et le bien-\u00eatre g\u00e9n\u00e9ral.<br \/>\n<strong>Les bienfaits du champignon Shiitake (Shiitake)<\/strong>:<br \/>\nRenforce le syst\u00e8me immunitaire<br \/>\nContient des compos\u00e9s actifs tels que la lentinane et des polysaccharides qui soutiennent la fonction immunitaire et aident l'organisme \u00e0 r\u00e9sister aux maladies.<br \/>\n<strong>Riche en antioxydants : <\/strong>Aide \u00e0 prot\u00e9ger les cellules des dommages caus\u00e9s par les radicaux libres, favorise la sant\u00e9 g\u00e9n\u00e9rale et ralentit les signes de vieillissement.<br \/>\n<strong>Favorise la sant\u00e9 cardiaque : <\/strong>Contribue \u00e0 r\u00e9duire le mauvais cholest\u00e9rol (LDL) gr\u00e2ce \u00e0 des compos\u00e9s naturels tels que l'\u00e9ritad\u00e9nine et favorise la sant\u00e9 des vaisseaux sanguins.<br \/>\n<strong>Am\u00e9liore l'\u00e9nergie et le fonctionnement du syst\u00e8me nerveux : <\/strong>Riche en vitamines B (notamment B2, B6 et B12 d'origine v\u00e9g\u00e9tale), qui soutiennent le syst\u00e8me nerveux et r\u00e9duisent la fatigue.<br \/>\n<strong>Soutient les os et les muscles : <\/strong>Fournit des min\u00e9raux essentiels tels que le cuivre, le s\u00e9l\u00e9nium et le zinc, qui sont importants pour la sant\u00e9 des os, des muscles et des articulations.<br \/>\n<strong>Propri\u00e9t\u00e9s anti-inflammatoires : <\/strong>Aide \u00e0 r\u00e9duire l'inflammation chronique et favorise la sant\u00e9 des articulations et de l'appareil digestif.<br \/>\n<strong>Favorise la digestion et la sant\u00e9 intestinale : <\/strong>Riche en fibres alimentaires, qui am\u00e9liorent la digestion et favorisent les bact\u00e9ries intestinales b\u00e9n\u00e9fiques.<br \/>\n<strong>Favorise la sant\u00e9 de la peau : <\/strong>Contribue \u00e0 une peau saine et \u00e9clatante gr\u00e2ce aux antioxydants et aux min\u00e9raux qui favorisent le renouvellement cellulaire.<\/p>","protected":false},"excerpt":{"rendered":"<p>La poudre de champignon shiitake de DXN est un suppl\u00e9ment nutritionnel fabriqu\u00e9 \u00e0 partir du c\u00e9l\u00e8bre champignon shiitake (Lentinus edodes), connu pour sa richesse en nutriments, en antioxydants et en polysaccharides qui peuvent soutenir la fonction immunitaire, souvent pris m\u00e9lang\u00e9 \u00e0 de l'eau chaude ou \u00e0 d'autres boissons pour l'enrichissement des nutriments et le bien-\u00eatre g\u00e9n\u00e9ral. Il s'agit d'un moyen pratique de consommer les saveurs terreuses et savoureuses et les bienfaits pour la sant\u00e9 (comme les vitamines B, le s\u00e9l\u00e9nium et le cuivre) des champignons shiitake frais sous forme de poudre, qui convient pour renforcer les r\u00e9gimes alimentaires, mais les personnes allergiques aux champignons devraient l'\u00e9viter.<\/p>","protected":false},"featured_media":7621,"comment_status":"open","ping_status":"closed","template":"","meta":[],"product_brand":[50],"product_cat":[53],"product_tag":[],"class_list":{"0":"post-7226","1":"product","2":"type-product","3":"status-publish","4":"has-post-thumbnail","6":"product_brand-dxn","7":"product_cat-food-supplements","9":"first","10":"instock","11":"taxable","12":"shipping-taxable","13":"purchasable","14":"product-type-simple"},"_links":{"self":[{"href":"https:\/\/nujumsahara.com\/fr\/wp-json\/wp\/v2\/product\/7226","targetHints":{"allow":["GET"]}}],"collection":[{"href":"https:\/\/nujumsahara.com\/fr\/wp-json\/wp\/v2\/product"}],"about":[{"href":"https:\/\/nujumsahara.com\/fr\/wp-json\/wp\/v2\/types\/product"}],"replies":[{"embeddable":true,"href":"https:\/\/nujumsahara.com\/fr\/wp-json\/wp\/v2\/comments?post=7226"}],"wp:featuredmedia":[{"embeddable":true,"href":"https:\/\/nujumsahara.com\/fr\/wp-json\/wp\/v2\/media\/7621"}],"wp:attachment":[{"href":"https:\/\/nujumsahara.com\/fr\/wp-json\/wp\/v2\/media?parent=7226"}],"wp:term":[{"taxonomy":"product_brand","embeddable":true,"href":"https:\/\/nujumsahara.com\/fr\/wp-json\/wp\/v2\/product_brand?post=7226"},{"taxonomy":"product_cat","embeddable":true,"href":"https:\/\/nujumsahara.com\/fr\/wp-json\/wp\/v2\/product_cat?post=7226"},{"taxonomy":"product_tag","embeddable":true,"href":"https:\/\/nujumsahara.com\/fr\/wp-json\/wp\/v2\/product_tag?post=7226"}],"curies":[{"name":"wp","href":"https:\/\/api.w.org\/{rel}","templated":true}]}}