{"id":7227,"date":"2026-02-02T01:38:51","date_gmt":"2026-02-01T21:38:51","guid":{"rendered":"https:\/\/nujumsahara.com\/?post_type=product&#038;p=7227"},"modified":"2026-04-02T15:35:24","modified_gmt":"2026-04-02T11:35:24","slug":"spirudle-saveur-tom-yam","status":"publish","type":"product","link":"https:\/\/nujumsahara.com\/fr\/product\/spirudle-tom-yam-flavour\/","title":{"rendered":"Spirudle (Saveur Tom Yam)"},"content":{"rendered":"<p>DXN Spirudle est une marque de nouilles instantan\u00e9es saines de DXN qui incorpore de mani\u00e8re unique de la spiruline, une algue bleue riche en nutriments, et parfois du Ganoderma lucidum (champignon Reishi) dans sa formule, offrant une alternative de repas pratique, sans huile et naturellement aromatis\u00e9e, sans colorants ni ar\u00f4mes artificiels, destin\u00e9e aux personnes soucieuses de leur sant\u00e9 et \u00e0 la recherche d'options rapides et nutritives.<br \/>\n<strong>Caract\u00e9ristiques principales<\/strong>:<br \/>\nEnrichi en spiruline : Contient de la spiruline, ce qui renforce son profil nutritionnel avec des prot\u00e9ines, des vitamines et des min\u00e9raux.<br \/>\nInfusion de Ganoderma : Formul\u00e9 avec du Ganoderma lucidum pour plus de bien-\u00eatre.<br \/>\nProcessus sain : Produit \u00e0 l'aide d'une m\u00e9thode de s\u00e9chage sans huile.<br \/>\nAr\u00f4mes naturels : Sans colorants ni ar\u00f4mes artificiels, disponible en diff\u00e9rents parfums comme Tom Yam.<br \/>\nPratique : Facile et rapide \u00e0 pr\u00e9parer, parfait pour un mode de vie rapide.<br \/>\n<strong>\u00c0 qui s'adresse-t-il ?<\/strong><br \/>\nLes personnes \u00e0 la recherche d'un repas instantan\u00e9 plus sain \u00e0 base de plantes, y compris les v\u00e9g\u00e9taliens, les v\u00e9g\u00e9tariens et les personnes souhaitant un apport en nutriments dans leur alimentation.<br \/>\nEn substance, DXN Spirudle r\u00e9invente les nouilles instantan\u00e9es en associant la commodit\u00e9 \u00e0 la nutrition des super-aliments.<\/p>","protected":false},"excerpt":{"rendered":"<p>DXN Spirudle est une marque de nouilles instantan\u00e9es saines de DXN qui incorpore de mani\u00e8re unique de la spiruline, une algue bleue riche en nutriments, et parfois du Ganoderma lucidum (champignon Reishi) dans sa formule, offrant une alternative de repas pratique, sans huile et naturellement aromatis\u00e9e, sans colorants ni ar\u00f4mes artificiels, destin\u00e9e aux personnes soucieuses de leur sant\u00e9 et \u00e0 la recherche d'options rapides et nutritives.<\/p>","protected":false},"featured_media":7622,"comment_status":"open","ping_status":"closed","template":"","meta":[],"product_brand":[50],"product_cat":[54],"product_tag":[],"class_list":{"0":"post-7227","1":"product","2":"type-product","3":"status-publish","4":"has-post-thumbnail","6":"product_brand-dxn","7":"product_cat-food-beverages","9":"first","10":"instock","11":"taxable","12":"shipping-taxable","13":"purchasable","14":"product-type-simple"},"_links":{"self":[{"href":"https:\/\/nujumsahara.com\/fr\/wp-json\/wp\/v2\/product\/7227","targetHints":{"allow":["GET"]}}],"collection":[{"href":"https:\/\/nujumsahara.com\/fr\/wp-json\/wp\/v2\/product"}],"about":[{"href":"https:\/\/nujumsahara.com\/fr\/wp-json\/wp\/v2\/types\/product"}],"replies":[{"embeddable":true,"href":"https:\/\/nujumsahara.com\/fr\/wp-json\/wp\/v2\/comments?post=7227"}],"wp:featuredmedia":[{"embeddable":true,"href":"https:\/\/nujumsahara.com\/fr\/wp-json\/wp\/v2\/media\/7622"}],"wp:attachment":[{"href":"https:\/\/nujumsahara.com\/fr\/wp-json\/wp\/v2\/media?parent=7227"}],"wp:term":[{"taxonomy":"product_brand","embeddable":true,"href":"https:\/\/nujumsahara.com\/fr\/wp-json\/wp\/v2\/product_brand?post=7227"},{"taxonomy":"product_cat","embeddable":true,"href":"https:\/\/nujumsahara.com\/fr\/wp-json\/wp\/v2\/product_cat?post=7227"},{"taxonomy":"product_tag","embeddable":true,"href":"https:\/\/nujumsahara.com\/fr\/wp-json\/wp\/v2\/product_tag?post=7227"}],"curies":[{"name":"wp","href":"https:\/\/api.w.org\/{rel}","templated":true}]}}